{"id":17124,"date":"2018-02-28T14:12:32","date_gmt":"2018-03-06T19:56:40","guid":{"rendered":"https:\/\/www.biogasworld.com\/?post_type=product&#038;p=17124\/"},"modified":"2025-05-14T12:39:49","modified_gmt":"2025-05-14T16:39:49","slug":"anaergia-cleanrex","status":"publish","type":"product","link":"https:\/\/biogasworld.com\/fr\/product\/reception-et-conditionnement\/pretraitement\/anaergia-cleanrex\/","title":{"rendered":"ANAERGIA &#8211; Cleanrex"},"content":{"rendered":"<h2 class=\"p2\"><span style=\"color: #000daa;\">Pr\u00e9paration de la mati\u00e8re premi\u00e8re avec polissage organique<\/span><\/h2>\n<p class=\"p3\">La mati\u00e8re organique produite par la gamme de presses d&rsquo;extrusion d&rsquo;Anaergia est nettoy\u00e9e par un cyclone dynamique qui \u00e9limine de mani\u00e8re fiable les petits contaminants tels que les films plastiques et les mat\u00e9riaux flottants inertes. Ce syst\u00e8me efficace r\u00e9duit la maintenance du digesteur et aide les installations \u00e0 r\u00e9pondre aux exigences strictes en mati\u00e8re de qualit\u00e9 du digestat sans avoir besoin de proc\u00e9der \u00e0 un contr\u00f4le.<\/p>\n<p>&nbsp;<\/p>\n<h3 class=\"p2\"><b>Applications<\/b><\/h3>\n<p><strong>Pr\u00e9paration de la mati\u00e8re premi\u00e8re :<\/strong> Polir la fraction organique extrud\u00e9e par les presses OREXTM ou BIOREXTM d&rsquo;Anaergia pour produire une\u00a0mati\u00e8re organique pour la digestion ana\u00e9robie et \u00e9liminer les plastiques d&#8217;emballage et de film des boues de d\u00e9chets alimentaires<\/p>\n<p><strong>Performances am\u00e9lior\u00e9es du digesteur :<\/strong> R\u00e9duire les besoins de maintenance du digesteur<\/p>\n<p><strong>Am\u00e9lioration de la qualit\u00e9 des biosolides :<\/strong> les contaminants physiques sont \u00e9limin\u00e9s pour faciliter la production de digestat de haute qualit\u00e9<\/p>\n<p class=\"p3\"><img loading=\"lazy\" decoding=\"async\" class=\"aligncenter wp-image-22778 \" src=\"https:\/\/biogasworld.com\/wp-content\/uploads\/2018\/02\/ANAERGIA-\u2013-Proc\u00e9d\u00e9-du-Cleanrex.png\" alt=\"ANAERGIA \u2013 Proc\u00e9d\u00e9 du Cleanrex\" width=\"649\" height=\"478\" srcset=\"https:\/\/biogasworld.com\/wp-content\/uploads\/2018\/02\/ANAERGIA-\u2013-Proc\u00e9d\u00e9-du-Cleanrex.png 1284w, https:\/\/biogasworld.com\/wp-content\/uploads\/2018\/02\/ANAERGIA-\u2013-Proc\u00e9d\u00e9-du-Cleanrex-250x184.png 250w\" sizes=\"auto, (max-width: 649px) 100vw, 649px\" \/><\/p>\n<h3 class=\"p2\"><\/h3>\n<p>&nbsp;<\/p>\n<h3 class=\"p2\"><b>Avantages<\/b><\/h3>\n<ul>\n<li class=\"p3\">Les tailles d&rsquo;\u00e9cran r\u00e9glables permettent jusqu&rsquo;\u00e0 99% d&rsquo;\u00e9limination des contaminants en plastique<\/li>\n<li class=\"p3\">Plaques d&rsquo;usure centrifuges \u00e9changeables Hardox<\/li>\n<li class=\"p3\">L&rsquo;eau de nettoyage d&rsquo;\u00e9cran int\u00e9gr\u00e9e maintient une zone ouverte \u00e9lev\u00e9e d&rsquo;\u00e9cran assurant un haut niveau de r\u00e9cup\u00e9ration organique<\/li>\n<li class=\"p3\">La fraction organique propre am\u00e9liore la performance du digesteur, augmente la valeur du digestat et r\u00e9pond aux exigences rigoureuses en mati\u00e8re de compost<\/li>\n<\/ul>\n<p>&nbsp;<\/p>\n<h3 class=\"p2\"><b>Caract\u00e9ristiques<\/b><\/h3>\n<ul>\n<li>Tr\u00e9mie facultative pour le dosage, le m\u00e9lange et le tamponnage de la fraction organique; con\u00e7u pour emp\u00eacher le pontage<\/li>\n<li>Les paliers principaux situ\u00e9s \u00e0 l&rsquo;ext\u00e9rieur de la machine augmentent la dur\u00e9e de vie et l&rsquo;accessibilit\u00e9 pour les \u00e9changes<\/li>\n<li>Les paliers principaux sont \u00e9quip\u00e9s de capteurs de temp\u00e9rature pour pr\u00e9dire les pannes et \u00e9viter les dommages importants \u00e0 la machine<\/li>\n<li>Vis sans arbre en acier r\u00e9sistant \u00e0 l&rsquo;usure<\/li>\n<li>Syst\u00e8me avec PLC int\u00e9gr\u00e9 et commandes automatiques<\/li>\n<\/ul>\n<p><img loading=\"lazy\" decoding=\"async\" class=\"aligncenter wp-image-22781 \" src=\"https:\/\/biogasworld.com\/wp-content\/uploads\/2018\/02\/ANAERGIA-\u2013-Photo-du-Cleanrex.png\" alt=\"ANAERGIA \u2013 Photo du Cleanrex\" width=\"432\" height=\"349\" srcset=\"https:\/\/biogasworld.com\/wp-content\/uploads\/2018\/02\/ANAERGIA-\u2013-Photo-du-Cleanrex.png 1108w, https:\/\/biogasworld.com\/wp-content\/uploads\/2018\/02\/ANAERGIA-\u2013-Photo-du-Cleanrex-250x202.png 250w\" sizes=\"auto, (max-width: 432px) 100vw, 432px\" \/><\/p>\n<p><img loading=\"lazy\" decoding=\"async\" class=\"aligncenter wp-image-22783 size-full\" src=\"https:\/\/biogasworld.com\/wp-content\/uploads\/2018\/02\/ANAERGIA-\u2013-R\u00f4le-du-Cleanrex-dans-biogaz.png\" alt=\"ANAERGIA \u2013 R\u00f4le du Cleanrex dans biogaz\" width=\"1600\" height=\"420\" srcset=\"https:\/\/biogasworld.com\/wp-content\/uploads\/2018\/02\/ANAERGIA-\u2013-R\u00f4le-du-Cleanrex-dans-biogaz.png 1600w, https:\/\/biogasworld.com\/wp-content\/uploads\/2018\/02\/ANAERGIA-\u2013-R\u00f4le-du-Cleanrex-dans-biogaz-250x66.png 250w\" sizes=\"auto, (max-width: 1600px) 100vw, 1600px\" \/><\/p>\n","protected":false},"excerpt":{"rendered":"<p class=\"p2\">Le cyclone dynamique db-CleanREX \u00e9limine les contaminants des flux organiques r\u00e9cup\u00e9r\u00e9s OREXTM et BIOREXTM en s\u00e9parant les plastiques inertes. Le db-CleanREX prolonge la dur\u00e9e de vie de l&rsquo;\u00e9quipement du digesteur, minimise l&rsquo;entretien du digesteur et aide les installations \u00e0 produire un digestat r\u00e9pondant \u00e0 des normes de qualit\u00e9 strictes.<\/p>","protected":false},"featured_media":22768,"template":"","meta":{"_acf_changed":false,"content-type":""},"product_brand":[],"product_cat":[116,124],"product_tag":[],"class_list":{"0":"post-17124","1":"product","2":"type-product","3":"status-publish","4":"has-post-thumbnail","6":"product_cat-reception-et-conditionnement","7":"product_cat-pretraitement","9":"first","10":"instock","11":"taxable","12":"shipping-taxable","13":"product-type-simple"},"acf":[],"_links":{"self":[{"href":"https:\/\/biogasworld.com\/fr\/wp-json\/wp\/v2\/product\/17124","targetHints":{"allow":["GET"]}}],"collection":[{"href":"https:\/\/biogasworld.com\/fr\/wp-json\/wp\/v2\/product"}],"about":[{"href":"https:\/\/biogasworld.com\/fr\/wp-json\/wp\/v2\/types\/product"}],"wp:featuredmedia":[{"embeddable":true,"href":"https:\/\/biogasworld.com\/fr\/wp-json\/wp\/v2\/media\/22768"}],"wp:attachment":[{"href":"https:\/\/biogasworld.com\/fr\/wp-json\/wp\/v2\/media?parent=17124"}],"wp:term":[{"taxonomy":"product_brand","embeddable":true,"href":"https:\/\/biogasworld.com\/fr\/wp-json\/wp\/v2\/product_brand?post=17124"},{"taxonomy":"product_cat","embeddable":true,"href":"https:\/\/biogasworld.com\/fr\/wp-json\/wp\/v2\/product_cat?post=17124"},{"taxonomy":"product_tag","embeddable":true,"href":"https:\/\/biogasworld.com\/fr\/wp-json\/wp\/v2\/product_tag?post=17124"}],"curies":[{"name":"wp","href":"https:\/\/api.w.org\/{rel}","templated":true}]}}