{"id":17127,"date":"2018-02-27T12:36:45","date_gmt":"2018-02-27T17:36:45","guid":{"rendered":"https:\/\/www.biogasworld.com\/?post_type=product&#038;p=17127\/"},"modified":"2025-11-17T10:36:11","modified_gmt":"2025-11-17T15:36:11","slug":"reservoirs-acier-vitrifies","status":"publish","type":"product","link":"https:\/\/biogasworld.com\/fr\/product\/biomethanisation\/reservoir-pour-digesteur\/acier\/reservoirs-acier-vitrifies\/","title":{"rendered":"R\u00e9servoirs d&rsquo;acier vitrifi\u00e9s"},"content":{"rendered":"<div class=\"itemHeader\">\n<h2 class=\"itemTitle\"><span style=\"color: #000daa;\">R\u00e9servoirs d&rsquo;acier vitrifi\u00e9s<\/span><\/h2>\n<\/div>\n<div class=\"itemInner\">\n<div class=\"itemBody\">\n<div class=\"itemFullText\">\n<p>Le rev\u00eatement d\u2019\u00e9mail vitreux, aussi connu sous le nom d&rsquo;acier vitrifi\u00e9(GFS), est un rev\u00eatement \u00e0 base de silice fondu qui est largement utilis\u00e9 comme rev\u00eatement de protection r\u00e9sistant \u00e0 la corrosion dans l\u2019industrie de l\u2019eau et des eaux us\u00e9es.<\/p>\n<p>Le terme \u00e9mail vitreux vient du mot vitrification d\u00e9crivant la transition d\u2019une substance dans un verre. \u00c0 des temp\u00e9ratures de cuisson typiques de l\u2019\u00e9mail vitreux, habituellement de l\u2019ordre de 830\u00a0850 \u00b0C, le rev\u00eatement atteint sa pleine mobilit\u00e9 et sa viscosit\u00e9.<\/p>\n<p>Pendant cette p\u00e9riode, l\u2019interaction entre le verre et l\u2019acier s\u2019acc\u00e9l\u00e8re, une couche d\u2019adh\u00e9sion interfaciale est form\u00e9e et la synth\u00e8se des deux mat\u00e9riaux a lieu.<\/p>\n<p>Le syst\u00e8me d\u2019\u00e9mail de Balmoral combine la r\u00e9sistance de l\u2019acier avec la r\u00e9sistance \u00e0 la corrosion et aux rayures du verre.<\/p>\n<p>Compar\u00e9 \u00e0 d\u2019autres m\u00e9thodes d\u2019application par pulv\u00e9risation, qui utilisent souvent des argiles inorganiques pour suspendre les particules dans l\u2019eau, le rev\u00eatement en poudre d\u2019\u00e9mail fournit la puret\u00e9 optimale \u00e9prouv\u00e9e. Cet avantage technique combin\u00e9 au proc\u00e9d\u00e9 de Balmoral repr\u00e9sente un nouveau niveau d\u2019excellence dans le verre fondu aux r\u00e9servoirs et silos en acier.<\/p>\n<ul>\n<li>Le syst\u00e8me d\u2019\u00e9mail de Balmoral offre une puret\u00e9 optimale<\/li>\n<li>Rev\u00eatement r\u00e9sistant<\/li>\n<li>Un composite avec la force et la flexibilit\u00e9 de l\u2019acier<\/li>\n<li>Rev\u00eatement chimiquement inactif et non affect\u00e9 par la lumi\u00e8re UV<\/li>\n<\/ul>\n<p>&nbsp;<\/p>\n<\/div>\n<p style=\"text-align: center;\"><img loading=\"lazy\" decoding=\"async\" class=\"aligncenter wp-image-40179 size-full\" src=\"https:\/\/biogasworld.com\/wp-content\/uploads\/2018\/02\/tanks-glass-fused-to-steel-2.jpg\" alt=\"\" width=\"800\" height=\"600\" srcset=\"https:\/\/biogasworld.com\/wp-content\/uploads\/2018\/02\/tanks-glass-fused-to-steel-2.jpg 800w, https:\/\/biogasworld.com\/wp-content\/uploads\/2018\/02\/tanks-glass-fused-to-steel-2-250x188.jpg 250w\" sizes=\"auto, (max-width: 800px) 100vw, 800px\" \/><\/p>\n<\/div>\n<\/div>\n<div class=\"itemInner\">\n<div class=\"itemBody\">\n<div class=\"itemFullText\">\n<p>&nbsp;<\/p>\n<h3><span style=\"color: #00d37d;\"><strong>R\u00e9servoirs GFS<\/strong><\/span><\/h3>\n<p>Le proc\u00e9d\u00e9 de fabrication de Balmoral a \u00e9t\u00e9 con\u00e7u pour fournir aux clients un rev\u00eatement \u00e9conomique et tr\u00e8s performant con\u00e7u sp\u00e9cifiquement pour le confinement de l\u2019eau potable et des r\u00e9servoirs d\u2019eaux us\u00e9es municipaux non couverts.<\/p>\n<p>&nbsp;<\/p>\n<h3><span style=\"color: #00d37d;\"><strong>R\u00e9servoirs GFS Premium<\/strong><\/span><\/h3>\n<p>L\u2019option Premium a \u00e9t\u00e9 con\u00e7ue pour offrir un rendement accru et une valeur \u00e0 long terme aux propri\u00e9taires d\u2019actifs et aux utilisateurs du monde entier dans des applications plus exigeantes.<\/p>\n<p>&nbsp;<\/p>\n<\/div>\n<h3><span style=\"color: #00d37d;\"><strong>Capacit\u00e9s et b\u00e9n\u00e9fices<\/strong><\/span><\/h3>\n<ul>\n<li><strong>Formulation de verre unique utilisant des ingr\u00e9dients sur mesure :<\/strong> Nouveau niveau d\u2019excellence dans la technologie de rev\u00eatement en \u00e9mail de verre.<\/li>\n<li><strong>Application \u00e9lectrostatique \u00ab\u00a0s\u00e8che\u00a0\u00bb unique\u00a0:<\/strong> Niveau de puret\u00e9 optimale.<\/li>\n<li><strong>Couverture de rev\u00eatement accrue :<\/strong> Moins de recours aux solutions sur le terrain.<\/li>\n<li><strong>Respecte et d\u00e9passe les exigences de la norme EN ISO 28765\u00a0:<\/strong> Confiance dans la qualit\u00e9 et la performance du rev\u00eatement.<\/li>\n<li><strong>Syst\u00e8me modulaire\u00a0:<\/strong> Construction rapide et efficace.<\/li>\n<li><strong>Rev\u00eatement appliqu\u00e9 en usine selon le syst\u00e8me de qualit\u00e9 6S unique de Balmoral :<\/strong> Qualit\u00e9 constante et r\u00e9gul\u00e9e partout o\u00f9 le r\u00e9servoir est exp\u00e9di\u00e9 et construit.<\/li>\n<li><strong>Aucune exigence de rev\u00eatement\u00a0:<\/strong> Rev\u00eatement de longue dur\u00e9e n\u00e9cessitant un entretien minimal<\/li>\n<li><strong>Con\u00e7u et sp\u00e9cifi\u00e9 pour ne pas corroder\u00a0:<\/strong> R\u00e9duit les risques de corrosion, ce qui r\u00e9duit \u00e9galement les co\u00fbts suppl\u00e9mentaires li\u00e9s aux mat\u00e9riaux et \u00e0 l&rsquo;entretien.<\/li>\n<li><strong>Rev\u00eatement performant\u00a0:<\/strong> R\u00e9sistant aux rayons UV, la r\u00e9sistance \u00e0 l\u2019abrasion augmente la dur\u00e9e de vie et minimise la maintenance.<\/li>\n<\/ul>\n<p>&nbsp;<\/p>\n<p style=\"text-align: center;\"><img loading=\"lazy\" decoding=\"async\" class=\"aligncenter wp-image-40184 size-full\" src=\"https:\/\/biogasworld.com\/wp-content\/uploads\/2018\/02\/tanks-tasman-gfs-image-2.jpg\" alt=\"\" width=\"600\" height=\"400\" srcset=\"https:\/\/biogasworld.com\/wp-content\/uploads\/2018\/02\/tanks-tasman-gfs-image-2.jpg 600w, https:\/\/biogasworld.com\/wp-content\/uploads\/2018\/02\/tanks-tasman-gfs-image-2-250x167.jpg 250w\" sizes=\"auto, (max-width: 600px) 100vw, 600px\" \/><\/p>\n<\/div>\n<\/div>\n<p>&nbsp;<\/p>\n<p>&nbsp;<\/p>\n<h3><span style=\"color: #00d37d;\"><strong>Applications<\/strong><\/span><\/h3>\n<ul>\n<li>Digesteurs agricoles<\/li>\n<li>Puits de forage\/eau saum\u00e2tre\/eau de mer<\/li>\n<li>Solides secs en vrac<\/li>\n<li>Stockage d\u2019eau d\u2019incendie<\/li>\n<li>R\u00e9servoirs filtrants<\/li>\n<li>Traitement des effluents industriels\/a\u00e9ration<\/li>\n<li>Lixiviat liquide<\/li>\n<li>Stockage des boues municipales<\/li>\n<li>Traitement des boues municipales<\/li>\n<li>Digesteurs m\u00e9sophiles municipaux<\/li>\n<li>Entreposage municipal de galettes de boue<\/li>\n<li>Eau potable<\/li>\n<li>Digesteurs m\u00e9sophiles municipaux<\/li>\n<li>Entreposage municipal de galettes de boue<\/li>\n<li>Eaux pluviales<\/li>\n<li>Digesteurs thermophiles<\/li>\n<\/ul>\n<p>&nbsp;<\/p>\n<p>Pour plus d&rsquo;informations, visitez <a href=\"https:\/\/www.balmoraltanks.com\/solutions\/glass-fused-to-steel-tanks\" target=\"_blank\" rel=\"noopener noreferrer\">notre site web<\/a> ou consultez <a href=\"https:\/\/biogasworld.com\/wp-content\/uploads\/2018\/02\/balmoral-glass-fused-to-steel-tanks.pdf\" target=\"_blank\" rel=\"noopener noreferrer\">notre brochure technique<\/a>.<\/p>\n","protected":false},"excerpt":{"rendered":"Le syst\u00e8me d\u2019\u00e9mail de Balmoral combine la r\u00e9sistance de l\u2019acier avec la r\u00e9sistance \u00e0 la corrosion et aux rayures de verre pour fournir une puret\u00e9 optimale.","protected":false},"featured_media":40190,"template":"","meta":{"_acf_changed":false,"content-type":""},"product_brand":[],"product_cat":[77,303,305],"product_tag":[],"class_list":{"0":"post-17127","1":"product","2":"type-product","3":"status-publish","4":"has-post-thumbnail","6":"product_cat-biomethanisation","7":"product_cat-reservoir-pour-digesteur","8":"product_cat-acier","10":"first","11":"instock","12":"taxable","13":"shipping-taxable","14":"product-type-simple"},"acf":[],"_links":{"self":[{"href":"https:\/\/biogasworld.com\/fr\/wp-json\/wp\/v2\/product\/17127","targetHints":{"allow":["GET"]}}],"collection":[{"href":"https:\/\/biogasworld.com\/fr\/wp-json\/wp\/v2\/product"}],"about":[{"href":"https:\/\/biogasworld.com\/fr\/wp-json\/wp\/v2\/types\/product"}],"wp:featuredmedia":[{"embeddable":true,"href":"https:\/\/biogasworld.com\/fr\/wp-json\/wp\/v2\/media\/40190"}],"wp:attachment":[{"href":"https:\/\/biogasworld.com\/fr\/wp-json\/wp\/v2\/media?parent=17127"}],"wp:term":[{"taxonomy":"product_brand","embeddable":true,"href":"https:\/\/biogasworld.com\/fr\/wp-json\/wp\/v2\/product_brand?post=17127"},{"taxonomy":"product_cat","embeddable":true,"href":"https:\/\/biogasworld.com\/fr\/wp-json\/wp\/v2\/product_cat?post=17127"},{"taxonomy":"product_tag","embeddable":true,"href":"https:\/\/biogasworld.com\/fr\/wp-json\/wp\/v2\/product_tag?post=17127"}],"curies":[{"name":"wp","href":"https:\/\/api.w.org\/{rel}","templated":true}]}}