{"id":17130,"date":"2018-02-27T12:12:43","date_gmt":"2018-02-27T17:12:43","guid":{"rendered":"https:\/\/www.biogasworld.com\/?post_type=product&#038;p=17130\/"},"modified":"2025-11-17T10:36:03","modified_gmt":"2025-11-17T15:36:03","slug":"reservoirs-en-acier-enduits-epoxy","status":"publish","type":"product","link":"https:\/\/biogasworld.com\/fr\/product\/biomethanisation\/reservoir-pour-digesteur\/acier\/reservoirs-en-acier-enduits-epoxy\/","title":{"rendered":"R\u00e9servoirs en acier enduits d\u2019\u00e9poxy"},"content":{"rendered":"<div class=\"itemHeader\">\n<div class=\"itemHeader\">\n<h2 class=\"itemTitle\"><span style=\"color: #000daa;\">R\u00e9servoirs en acier enduits d\u2019\u00e9poxy<\/span><\/h2>\n<\/div>\n<\/div>\n<p><strong>efusion<sup>\u00ae<\/sup><\/strong> est le nom de marque du rev\u00eatement \u00e9poxy en panneau d\u2019acier interne de Balmoral Tanks. Ce traitement \u00e9poxy coll\u00e9 par fusion fournit un rev\u00eatement tr\u00e8s r\u00e9sistant aux panneaux du r\u00e9servoir.<\/p>\n<p>Les avantages des r\u00e9servoirs en acier enduit d\u2019\u00e9poxy par rapport aux rev\u00eatements de r\u00e9servoirs plus traditionnels comprennent une durabilit\u00e9 accrue \u00e0 l\u2019impact, une fabrication \u00e0 moindre co\u00fbt, une empreinte carbone plus faible et des principes de conception plus efficaces.<\/p>\n<p><strong>efusion<sup>\u00ae<\/sup><\/strong> est test\u00e9 selon des normes similaires \u00e0 celles de l\u2019acier rev\u00eatu de verre et satisfait, d\u00e9passe ou fournit des performances comparables par rapport aux exigences de rev\u00eatement internationalement reconnues suivantes\u00a0:<\/p>\n<ul>\n<li>ISO 28765:2016<\/li>\n<li>AWWA D103-19<\/li>\n<li>NSF<sup>\u00ae<\/sup>-61<\/li>\n<\/ul>\n<p>&nbsp;<\/p>\n<div class=\"itemHeader\">\n<h3><span style=\"color: #00d37d;\"><strong>efusion<sup>\u00ae<\/sup><\/strong><\/span><span style=\"color: #00d37d;\"><strong> &#8211; un design unique<\/strong><\/span><\/h3>\n<\/div>\n<div class=\"itemInner\">\n<div class=\"itemBody\">\n<div class=\"itemFullText\">\n<div class=\"row-fluid show-grid\">\n<div class=\" span8\">\n<p>Avec l\u2019ing\u00e9nierie de la valeur au c\u0153ur de la s\u00e9lection des mat\u00e9riaux, le rev\u00eatement efusion de Balmoral Tanks r\u00e9pond \u00e0 toutes les attentes de dur\u00e9e de vie n\u00e9cessaires. Les facteurs cl\u00e9s pour obtenir des performances optimales du produit commencent par le processus de conception et de fabrication, jusqu\u2019\u00e0 l\u2019installation. Le maintien du contr\u00f4le interne et de la qualit\u00e9 dans chacun de ces domaines critiques est essentiel pour assurer des niveaux de performance \u00e9lev\u00e9s et constants de tout r\u00e9servoir en acier rev\u00eatu.<\/p>\n<p>Le syst\u00e8me <strong>d\u2019efusion<sup>\u00ae<\/sup><\/strong> de Balmoral, et ses propri\u00e9t\u00e9s de performance inh\u00e9rentes, assure \u00e0 l\u2019utilisateur final la meilleure esp\u00e9rance de vie de conception disponible. Les normes d\u2019assurance de la qualit\u00e9 et l\u2019exp\u00e9rience d\u2019installation de l\u2019entreprise fournissent un produit robuste qui est plus que capable de performances de dur\u00e9e de vie.<\/p>\n<p>&nbsp;<\/p>\n<\/div>\n<p><img loading=\"lazy\" decoding=\"async\" class=\"aligncenter wp-image-40196 size-full\" src=\"https:\/\/biogasworld.com\/wp-content\/uploads\/2018\/02\/tanks-epoxy-coated-3.jpg\" alt=\"\" width=\"800\" height=\"600\" srcset=\"https:\/\/biogasworld.com\/wp-content\/uploads\/2018\/02\/tanks-epoxy-coated-3.jpg 800w, https:\/\/biogasworld.com\/wp-content\/uploads\/2018\/02\/tanks-epoxy-coated-3-250x188.jpg 250w\" sizes=\"auto, (max-width: 800px) 100vw, 800px\" \/><\/p>\n<\/div>\n<div class=\"row-fluid show-grid\">\n<div class=\" span8\">\n<div class=\"itemHeader\">\n<p>&nbsp;<\/p>\n<h3><span style=\"color: #00d37d;\"><strong>R\u00e9servoirs efusion1500<\/strong><\/span><\/h3>\n<p>Balmoral efusion1500 r\u00e9servoirs en acier rev\u00eatu d\u2019\u00e9poxy sont utilis\u00e9s dans les applications les plus exigeantes et agressives et sont adapt\u00e9s aux applications de r\u00e9servoirs en acier rev\u00eatu sp\u00e9cialis\u00e9s tels que les espaces de gaz de digesteur ana\u00e9robie. efusion1500 est \u00e9galement tr\u00e8s bien adapt\u00e9 pour fonctionner dans des environnements \u00e0 haute temp\u00e9rature.<\/p>\n<p>Test\u00e9 \u00e0 1500V, le rev\u00eatement efusion1500 offre le plus haut niveau de durabilit\u00e9 et de performance disponible sur le march\u00e9 des r\u00e9servoirs de stockage.<\/p>\n<p>&nbsp;<\/p>\n<\/div>\n<p style=\"text-align: center;\"><img loading=\"lazy\" decoding=\"async\" class=\"aligncenter wp-image-40198 size-full\" src=\"https:\/\/biogasworld.com\/wp-content\/uploads\/2018\/02\/tanks-epoxy-coated-efusion1500.jpg\" alt=\"\" width=\"600\" height=\"400\" srcset=\"https:\/\/biogasworld.com\/wp-content\/uploads\/2018\/02\/tanks-epoxy-coated-efusion1500.jpg 600w, https:\/\/biogasworld.com\/wp-content\/uploads\/2018\/02\/tanks-epoxy-coated-efusion1500-250x167.jpg 250w\" sizes=\"auto, (max-width: 600px) 100vw, 600px\" \/><\/p>\n<div class=\"itemHeader\">\n<p>&nbsp;<\/p>\n<\/div>\n<\/div>\n<h3><span style=\"color: #00d37d;\"><strong>R\u00e9servoirs en acier inoxydable<\/strong><\/span><\/h3>\n<p>En plus des r\u00e9servoirs en acier \u00e9poxy coll\u00e9 par fusion, Balmoral offre une gamme compl\u00e8te de r\u00e9servoirs en acier inoxydable, toits et accessoires pour utilisation dans les industries de l\u2019eau, des eaux us\u00e9es et de la digestion ana\u00e9robie.<\/p>\n<p>Ces r\u00e9servoirs sont disponibles en kit complet en acier inoxydable 304 et 316, en combinaison de grades ou en r\u00e9servoir hybride avec de l\u2019acier \u00e9poxy coll\u00e9 par fusion dans les anneaux inf\u00e9rieurs et de l\u2019acier inoxydable dans les anneaux sup\u00e9rieurs.<\/p>\n<p>&nbsp;<\/p>\n<\/div>\n<p style=\"text-align: center;\"><img loading=\"lazy\" decoding=\"async\" class=\"aligncenter wp-image-40200 size-full\" src=\"https:\/\/biogasworld.com\/wp-content\/uploads\/2018\/02\/tanks-epoxy-coated-stainless-steel.jpg\" alt=\"\" width=\"600\" height=\"400\" srcset=\"https:\/\/biogasworld.com\/wp-content\/uploads\/2018\/02\/tanks-epoxy-coated-stainless-steel.jpg 600w, https:\/\/biogasworld.com\/wp-content\/uploads\/2018\/02\/tanks-epoxy-coated-stainless-steel-250x167.jpg 250w\" sizes=\"auto, (max-width: 600px) 100vw, 600px\" \/><\/p>\n<div class=\"row-fluid show-grid\">\n<p>&nbsp;<\/p>\n<\/div>\n<h3><span style=\"color: #00d37d;\"><strong>R\u00e9servoirs \u00e0 lisier<\/strong><\/span><\/h3>\n<p>Les r\u00e9servoirs de stockage en acier \u00e9poxy de Balmoral offrent des performances \u00e9conomiques au march\u00e9 du stockage agricole et du lisier. Fabriqu\u00e9 et rev\u00eatu dans les installations de thermolaquage de l\u2019entreprise Le syst\u00e8me de rev\u00eatement \u00e9poxy exclusif de Balmoral offre un r\u00e9servoir tr\u00e8s durable offrant de nombreuses ann\u00e9es de service pratiquement sans entretien.<\/p>\n<p>&nbsp;<\/p>\n<p><img loading=\"lazy\" decoding=\"async\" class=\"aligncenter wp-image-40202 size-full\" src=\"https:\/\/biogasworld.com\/wp-content\/uploads\/2018\/02\/tanks-epoxy-coated-slurry.jpg\" alt=\"\" width=\"600\" height=\"400\" srcset=\"https:\/\/biogasworld.com\/wp-content\/uploads\/2018\/02\/tanks-epoxy-coated-slurry.jpg 600w, https:\/\/biogasworld.com\/wp-content\/uploads\/2018\/02\/tanks-epoxy-coated-slurry-250x167.jpg 250w\" sizes=\"auto, (max-width: 600px) 100vw, 600px\" \/><\/p>\n<p>&nbsp;<\/p>\n<\/div>\n<h3><span style=\"color: #00d37d;\"><strong>R\u00e9servoirs hybrides<\/strong><\/span><\/h3>\n<p>Comme Balmoral offre une gamme de diff\u00e9rents mat\u00e9riaux de r\u00e9servoir, il permet \u00e0 l\u2019entreprise de concevoir et d\u2019ing\u00e9nieur des r\u00e9servoirs avec plusieurs cat\u00e9gories de mat\u00e9riaux pour diff\u00e9rentes zones du r\u00e9servoir.<\/p>\n<p>En offrant une combinaison de nuances d\u2019acier \u00e9poxy coll\u00e9es par fusion, efusion et efusion1500, ou une combinaison de mat\u00e9riaux, efusion et acier inoxydable, cela permet la combinaison la plus rentable de mat\u00e9riaux pour r\u00e9pondre aux exigences de stockage en fonction de la conception du processus.<\/p>\n<p>Selon la composition chimique de l\u2019effluent, la temp\u00e9rature emmagasin\u00e9e et les conditions de fonctionnement, certains syst\u00e8mes de r\u00e9servoirs seront plus agressifs dans l\u2019interface liquide\/gaz\/air et une option hybride traite de cette question de la mani\u00e8re la plus techniquement robuste et la plus \u00e9conomique.<\/p>\n<p>&nbsp;<\/p>\n<\/div>\n<p><img loading=\"lazy\" decoding=\"async\" class=\"aligncenter wp-image-40204 size-full\" src=\"https:\/\/biogasworld.com\/wp-content\/uploads\/2018\/02\/tanks-epoxy-coated-hybrid.jpg\" alt=\"\" width=\"600\" height=\"400\" srcset=\"https:\/\/biogasworld.com\/wp-content\/uploads\/2018\/02\/tanks-epoxy-coated-hybrid.jpg 600w, https:\/\/biogasworld.com\/wp-content\/uploads\/2018\/02\/tanks-epoxy-coated-hybrid-250x167.jpg 250w\" sizes=\"auto, (max-width: 600px) 100vw, 600px\" \/><\/p>\n<div class=\"itemBody\">\n<div class=\"itemFullText\">\n<div class=\"row-fluid show-grid\">\n<div class=\" span8\">\n<div class=\"itemHeader\">\n<p>&nbsp;<\/p>\n<h3><span style=\"color: #00d37d;\"><strong>Applications<\/strong><\/span><\/h3>\n<\/div>\n<div class=\"itemInner\">\n<div class=\"itemBody\">\n<div class=\"itemFullText\">\n<div class=\"row-fluid show-grid\">\n<div class=\" span8\">\n<ul>\n<li>D\u00e9chets agricoles\/lisier<\/li>\n<li>Eau potable<\/li>\n<li>D\u00e9chets municipaux couverts<\/li>\n<li>D\u00e9chets municipaux \u00e0 ciel ouvert<\/li>\n<li>A\u00e9ration municipale\/industrielle<\/li>\n<li>\u00c9tablissement municipal\/industriel<\/li>\n<li>Clarification municipale\/industrielle<\/li>\n<li>Zone liquide du digesteur<\/li>\n<li>Zone gazeuse du digesteur<\/li>\n<li>Stockage d\u2019engrais liquides<\/li>\n<li>Stockage de lixiviat<\/li>\n<li>Puit de forage\/eau saum\u00e2tre\/eau de mer<\/li>\n<li>Eau dessal\u00e9e<\/li>\n<li>Eau d\u00e9min\u00e9ralis\u00e9e<\/li>\n<li>Eau trait\u00e9e<\/li>\n<li>Eau d&rsquo;UF<\/li>\n<\/ul>\n<p>&nbsp;<\/p>\n<\/div>\n<div class=\" span8\">\n<div class=\"itemInner\">\n<div class=\"itemBody\">\n<div class=\"itemFullText\">\n<div class=\"row-fluid show-grid\">\n<div class=\" span8\">\n<p>Pour plus d&rsquo;informations, visitez <a href=\"https:\/\/www.balmoraltanks.com\/solutions\/epoxy-coated-steel-tanks\" target=\"_blank\" rel=\"noopener noreferrer\">notre site web<\/a> ou consultez <a href=\"https:\/\/biogasworld.com\/wp-content\/uploads\/2018\/03\/efusion-epoxy-coated-tanks.pdf\" target=\"_blank\" rel=\"noopener noreferrer\">notre brochure technique<\/a>.<\/p>\n<\/div>\n<\/div>\n<\/div>\n<\/div>\n<\/div>\n<\/div>\n<\/div>\n<\/div>\n<\/div>\n<\/div>\n<\/div>\n<\/div>\n<\/div>\n<\/div>\n<\/div>\n","protected":false},"excerpt":{"rendered":"Avec l\u2019ing\u00e9nierie de la valeur au c\u0153ur de la s\u00e9lection des mat\u00e9riaux, le rev\u00eatement efusion de Balmoral Tanks r\u00e9pond \u00e0 toutes les attentes de dur\u00e9e de vie n\u00e9cessaires.","protected":false},"featured_media":40208,"template":"","meta":{"_acf_changed":false,"content-type":""},"product_brand":[],"product_cat":[77,303,305,307],"product_tag":[],"class_list":{"0":"post-17130","1":"product","2":"type-product","3":"status-publish","4":"has-post-thumbnail","6":"product_cat-biomethanisation","7":"product_cat-reservoir-pour-digesteur","8":"product_cat-acier","9":"product_cat-acier-revetu","11":"first","12":"instock","13":"taxable","14":"shipping-taxable","15":"product-type-simple"},"acf":[],"_links":{"self":[{"href":"https:\/\/biogasworld.com\/fr\/wp-json\/wp\/v2\/product\/17130","targetHints":{"allow":["GET"]}}],"collection":[{"href":"https:\/\/biogasworld.com\/fr\/wp-json\/wp\/v2\/product"}],"about":[{"href":"https:\/\/biogasworld.com\/fr\/wp-json\/wp\/v2\/types\/product"}],"wp:featuredmedia":[{"embeddable":true,"href":"https:\/\/biogasworld.com\/fr\/wp-json\/wp\/v2\/media\/40208"}],"wp:attachment":[{"href":"https:\/\/biogasworld.com\/fr\/wp-json\/wp\/v2\/media?parent=17130"}],"wp:term":[{"taxonomy":"product_brand","embeddable":true,"href":"https:\/\/biogasworld.com\/fr\/wp-json\/wp\/v2\/product_brand?post=17130"},{"taxonomy":"product_cat","embeddable":true,"href":"https:\/\/biogasworld.com\/fr\/wp-json\/wp\/v2\/product_cat?post=17130"},{"taxonomy":"product_tag","embeddable":true,"href":"https:\/\/biogasworld.com\/fr\/wp-json\/wp\/v2\/product_tag?post=17130"}],"curies":[{"name":"wp","href":"https:\/\/api.w.org\/{rel}","templated":true}]}}