{"id":1720,"date":"2015-06-17T10:54:21","date_gmt":"2015-06-17T14:54:21","guid":{"rendered":"https:\/\/www.biogasworld.com\/?post_type=product&#038;p=1720"},"modified":"2023-03-01T16:40:06","modified_gmt":"2023-03-01T21:40:06","slug":"bioferm-dry-fermentation","status":"publish","type":"product","link":"https:\/\/biogasworld.com\/fr\/product\/biomethanisation\/digestion-seche\/bioferm-dry-fermentation\/","title":{"rendered":"Digesteur BIOFerm Dry Fermentation"},"content":{"rendered":"<p>La technologie du \u00a0syst\u00e8me de digestion s\u00e8che BIOFerm Dry Fermentation diff\u00e8re des syst\u00e8mes traditionnels \u00ab\u00a0digesteur humide\u00a0\u00bb qui utilisent un affluent\u00a0liquide et qui\u00a0remuent et agitent physiquement l&rsquo;affluent\u00a0avec des pi\u00e8ces mobiles.<\/p>\n<p>BIOFerm \u2122 \u00a0utilise une approche batch o\u00f9 les d\u00e9chets restent stationnaires pendant la biom\u00e9thanisation, ne n\u00e9cessitant pas de pi\u00e8ces mobiles internes. Ces attributs permettent \u00e0 notre fermentation \u00e0 sec de\u00a0r\u00e9cup\u00e9rer l&rsquo;\u00e9nergie de presque tous les types de d\u00e9chets organiques.<\/p>\n<p>Le biogaz peut \u00eatre consum\u00e9 dans une unit\u00e9 de cog\u00e9n\u00e9ration (CHP) pour produire de la chaleur et de l\u2019\u00e9lectricit\u00e9, ou raffin\u00e9 en gaz naturel renouvelable (GNR). Le GNR peut alors \u00eatre utilis\u00e9 comme carburant renouvelable pour les v\u00e9hicules sous la forme de gaz naturel comprim\u00e9 et de gaz naturel liqu\u00e9fi\u00e9 ou inject\u00e9 dans le r\u00e9seau pipeline de gaz naturel.<\/p>\n<p>Aujourd\u2019hui, la l\u00e9gislation, les cr\u00e9dits d\u2019imp\u00f4t, et la demande en \u00e9nergie jouent tous un r\u00f4le essentiel dans l\u2019essor des projets de RNG \u00e9conomiquement viables.<\/p>\n<p>&nbsp;<\/p>\n<h3>Caract\/ristiques du Syst\u00e8me de digestion s\u00e8che BIOFerm Dry Fermentation<\/h3>\n<ul>\n<li>Digesteur de type garage<\/li>\n<li>Teneur en solide de plus de 25% ST<\/li>\n<li>Temps de r\u00e9tention moyen de 28 jours<\/li>\n<li>Syst\u00e8me efficace \u00e0 partir de 8000 tonnes\/an\n<ul>\n<li>8000 t\/an repr\u00e9sente 4 digesteurs pour une production de biogaz d&rsquo;environ 680 000 m\u00b3 et une puissance \u00e9lectrique install\u00e9e de 300 kW<\/li>\n<\/ul>\n<\/li>\n<\/ul>\n<p>&nbsp;<\/p>\n<p>Plus d&rsquo;informations\u00a0ici<\/p>\n","protected":false},"excerpt":{"rendered":"<p style=\"text-align: justify;\">BIOFerm est un leader en mati\u00e8re de syst\u00e8mes de biom\u00e9thanisation cl\u00e9 en main et d&rsquo;installations de raffinage du biogaz en Am\u00e9rique du Nord poss\u00e9dant plus de 450 installations de digesteurs et 900 installations de valorisation du biogaz par l&rsquo;entremise du Groupe Viessmann.<\/p>\r\n<p style=\"text-align: justify;\">BIOFerm est s&rsquo;engag\u00e9e dans la transition \u00e9nerg\u00e9tique et \u00e9conomique durable, la gestion des d\u00e9chets et la cr\u00e9ation d&rsquo;\u00e9nergie propre en exploitant le biogaz \u00e0 partir de la fermentation des d\u00e9chets organiques alimentaires (fumier, biosolides, etc.) afin de les convertir comme \u00e9nergie verte en \u00e9lectricit\u00e9, en carburant pour v\u00e9hicule, en chaleur ainsi qu&rsquo;en produits organiques fertilisants.<\/p>","protected":false},"featured_media":1723,"template":"","meta":{"_acf_changed":false,"content-type":""},"product_brand":[],"product_cat":[77,130],"product_tag":[472,378,391],"class_list":{"0":"post-1720","1":"product","2":"type-product","3":"status-publish","4":"has-post-thumbnail","6":"product_cat-biomethanisation","7":"product_cat-digestion-seche","8":"product_tag-bioferm-fr","9":"product_tag-biomethanisation","10":"product_tag-digestion-seche","12":"first","13":"instock","14":"taxable","15":"shipping-taxable","16":"product-type-simple"},"acf":[],"_links":{"self":[{"href":"https:\/\/biogasworld.com\/fr\/wp-json\/wp\/v2\/product\/1720","targetHints":{"allow":["GET"]}}],"collection":[{"href":"https:\/\/biogasworld.com\/fr\/wp-json\/wp\/v2\/product"}],"about":[{"href":"https:\/\/biogasworld.com\/fr\/wp-json\/wp\/v2\/types\/product"}],"wp:featuredmedia":[{"embeddable":true,"href":"https:\/\/biogasworld.com\/fr\/wp-json\/wp\/v2\/media\/1723"}],"wp:attachment":[{"href":"https:\/\/biogasworld.com\/fr\/wp-json\/wp\/v2\/media?parent=1720"}],"wp:term":[{"taxonomy":"product_brand","embeddable":true,"href":"https:\/\/biogasworld.com\/fr\/wp-json\/wp\/v2\/product_brand?post=1720"},{"taxonomy":"product_cat","embeddable":true,"href":"https:\/\/biogasworld.com\/fr\/wp-json\/wp\/v2\/product_cat?post=1720"},{"taxonomy":"product_tag","embeddable":true,"href":"https:\/\/biogasworld.com\/fr\/wp-json\/wp\/v2\/product_tag?post=1720"}],"curies":[{"name":"wp","href":"https:\/\/api.w.org\/{rel}","templated":true}]}}