{"id":1731,"date":"2015-06-17T12:16:16","date_gmt":"2015-06-17T16:16:16","guid":{"rendered":"https:\/\/www.biogasworld.com\/?post_type=product&#038;p=1731"},"modified":"2023-03-01T16:40:14","modified_gmt":"2023-03-01T21:40:14","slug":"eucolino","status":"publish","type":"product","link":"https:\/\/biogasworld.com\/fr\/product\/biomethanisation\/digesteurs-petite-echelle\/eucolino\/","title":{"rendered":"EUCOlino"},"content":{"rendered":"<h2>Caract\u00e9ristiques du syst\u00e8me EUCOlino par BIOFerm<\/h2>\n<p>Syst\u00e8me de digestion s\u00e8che EUCOlino par BIOFerm pour de plus faibles volumes d&rsquo;intrants organiques (2000 \u00e0 6000 tonnes par an) de toutes provenances avec plus de 25% TS.<\/p>\n<ul>\n<li>Installation et mise en op\u00e9ration faciles: syst\u00e8me pr\u00e9fabriqu\u00e9, test\u00e9 pour la s\u00e9curit\u00e9 et pr\u00eat \u00e0 op\u00e9rer apr\u00e8s livraison<\/li>\n<li>Empreinte au sol faible (65 \u00e0 115 m<sup>2<\/sup>\u00a0&#8211; \u00e0 peine plus grand qu&rsquo;un conteneur)<\/li>\n<li>Choix flexible d&rsquo;intrants<\/li>\n<li>Technologie EUCO \u00e9prouv\u00e9e, continuellement am\u00e9lior\u00e9e depuis 1995<\/li>\n<li>Haute profitabilit\u00e9 gr\u00e2ce au faible investissement initial, au faible co\u00fbt d&rsquo;installation et \u00e0 l&rsquo;\u00e9conomie d&rsquo;\u00e9nergie<\/li>\n<li>18 kW \u00e0 70 kW<\/li>\n<\/ul>\n<p>&nbsp;<\/p>\n<h2 style=\"text-align: justify;\">Les composantes du syst\u00e8me EUCOlino incluent<\/h2>\n<p>Le r\u00e9servoir du digesteur avec le m\u00e9langeur<\/p>\n<p>Le conteneur techonlogique avec les contr\u00f4les de la cog\u00e9n\u00e9ration CHP, des pompes, de la d\u00e9sulfuration, du moteur du m\u00e9langeur et de l&rsquo;unit\u00e9 totale<\/p>\n<p>Un dispositif d&rsquo;alimentation pour les substrats solides (optionel)<\/p>\n<p>Et un s\u00e9parateur pr\u00e9-digestion pour \u00e9paissir le lisier \u00e0 un plus grande concentration solide (optionel)<\/p>\n<p>&nbsp;<\/p>\n<hr \/>\n<p><a href=\"https:\/\/biogasworld.com\/wp-content\/uploads\/2015\/06\/small3.png\"><img loading=\"lazy\" decoding=\"async\" class=\"aligncenter size-full wp-image-1736\" src=\"https:\/\/biogasworld.com\/wp-content\/uploads\/2015\/06\/small3.png\" alt=\"small3\" width=\"1135\" height=\"786\" srcset=\"https:\/\/biogasworld.com\/wp-content\/uploads\/2015\/06\/small3.png 1135w, https:\/\/biogasworld.com\/wp-content\/uploads\/2015\/06\/small3-250x173.png 250w\" sizes=\"auto, (max-width: 1135px) 100vw, 1135px\" \/><\/a><\/p>\n<hr \/>\n<p>Cliquez ici pour plus d&rsquo;informations.<\/p>\n","protected":false},"excerpt":{"rendered":"<p style=\"text-align: justify;\">Syst\u00e8me de digestion s\u00e8che pour de plus faibles volumes d&rsquo;intrants (1000 \u00e0 6500 tonnes par an) de toutes provenances avec plus de 25% TS.<\/p>\r\n<p style=\"text-align: justify;\">Facile \u00e0 installer et d\u00e9marrer: EUCOlino est pr\u00e9fabriqu\u00e9, test\u00e9 pour la s\u00e9curit\u00e9 et pr\u00eat \u00e0 fonctionner apr\u00e8s livraison;\u00a0Empreinte au sol faible (65 \u00e0 115 m<sup>2\u00a0<\/sup>&#8211; \u00e0 peine plus grand qu&rsquo;un conteneur); Choix flexible d&rsquo;intrants; Technologie EUCO \u00e9prouv\u00e9e, continuellement am\u00e9lior\u00e9e depuis 1995; Haute profitabilit\u00e9 gr\u00e2ce au faible investissement initial, au faible co\u00fbt d&rsquo;installation et \u00e0 l&rsquo;\u00e9conomie d&rsquo;\u00e9nergie r\u00e9alis\u00e9e.<\/p>\r\n<p style=\"text-align: justify;\">BIOFerm Energy Systems<\/p>","protected":false},"featured_media":1734,"template":"","meta":{"_acf_changed":false,"content-type":""},"product_brand":[],"product_cat":[77,140],"product_tag":[472,378,393],"class_list":{"0":"post-1731","1":"product","2":"type-product","3":"status-publish","4":"has-post-thumbnail","6":"product_cat-biomethanisation","7":"product_cat-digesteurs-petite-echelle","8":"product_tag-bioferm-fr","9":"product_tag-biomethanisation","10":"product_tag-digesteur-petite-echelle","12":"first","13":"instock","14":"taxable","15":"shipping-taxable","16":"product-type-simple"},"acf":[],"_links":{"self":[{"href":"https:\/\/biogasworld.com\/fr\/wp-json\/wp\/v2\/product\/1731","targetHints":{"allow":["GET"]}}],"collection":[{"href":"https:\/\/biogasworld.com\/fr\/wp-json\/wp\/v2\/product"}],"about":[{"href":"https:\/\/biogasworld.com\/fr\/wp-json\/wp\/v2\/types\/product"}],"wp:featuredmedia":[{"embeddable":true,"href":"https:\/\/biogasworld.com\/fr\/wp-json\/wp\/v2\/media\/1734"}],"wp:attachment":[{"href":"https:\/\/biogasworld.com\/fr\/wp-json\/wp\/v2\/media?parent=1731"}],"wp:term":[{"taxonomy":"product_brand","embeddable":true,"href":"https:\/\/biogasworld.com\/fr\/wp-json\/wp\/v2\/product_brand?post=1731"},{"taxonomy":"product_cat","embeddable":true,"href":"https:\/\/biogasworld.com\/fr\/wp-json\/wp\/v2\/product_cat?post=1731"},{"taxonomy":"product_tag","embeddable":true,"href":"https:\/\/biogasworld.com\/fr\/wp-json\/wp\/v2\/product_tag?post=1731"}],"curies":[{"name":"wp","href":"https:\/\/api.w.org\/{rel}","templated":true}]}}