{"id":1825,"date":"2015-06-22T13:44:03","date_gmt":"2015-06-22T17:44:03","guid":{"rendered":"https:\/\/www.biogasworld.com\/?post_type=product&#038;p=1825"},"modified":"2023-03-01T16:40:34","modified_gmt":"2023-03-01T21:40:34","slug":"hydrolyse-thermique-par-biorefinex","status":"publish","type":"product","link":"https:\/\/biogasworld.com\/fr\/product\/reception-et-conditionnement\/pretraitement\/hydrolyse-thermique-par-biorefinex\/","title":{"rendered":"Hydrolyse thermique BioRefinex"},"content":{"rendered":"<h1 style=\"text-align: justify;\">Hydrolyse thermique par BioRefinex<\/h1>\n<ul style=\"text-align: justify;\">\n<li>Pr\u00e9traitement de la mati\u00e8re organique pour acc\u00e9l\u00e9r\u00e9 la biod\u00e9gradation et r\u00e9duire la viscosit\u00e9<\/li>\n<li>Seul proc\u00e9d\u00e9 approuv\u00e9 au Canada par la CFIA pour la destruction des prions et des pathog\u00e8nes<\/li>\n<li>Traite les sous-produits animaux (carcasses) incluant les mat\u00e9riaux \u00e0 risques sp\u00e9cifiques<\/li>\n<\/ul>\n<hr \/>\n<p style=\"text-align: justify;\"><strong>D\u00e9tails techniques<\/strong><\/p>\n<ul>\n<li style=\"text-align: justify;\">Traitement en lot (40 minutes)<\/li>\n<li style=\"text-align: justify;\">180\u00b0C, 12 bar<\/li>\n<\/ul>\n<p><a href=\"https:\/\/biogasworld.com\/wp-content\/uploads\/2015\/06\/diagram-technology.png\"><img loading=\"lazy\" decoding=\"async\" class=\"aligncenter size-full wp-image-1820\" src=\"https:\/\/biogasworld.com\/wp-content\/uploads\/2015\/06\/diagram-technology.png\" alt=\"diagram-technology\" width=\"651\" height=\"418\" srcset=\"https:\/\/biogasworld.com\/wp-content\/uploads\/2015\/06\/diagram-technology.png 651w, https:\/\/biogasworld.com\/wp-content\/uploads\/2015\/06\/diagram-technology-250x161.png 250w\" sizes=\"auto, (max-width: 651px) 100vw, 651px\" \/><\/a><\/p>\n","protected":false},"excerpt":{"rendered":"<p style=\"text-align: justify;\">Pr\u00e9traitement de la mati\u00e8re organique pour acc\u00e9l\u00e9r\u00e9 la biod\u00e9gradation et r\u00e9duire la viscosit\u00e9;\u00a0Seul proc\u00e9d\u00e9 approuv\u00e9 au Canada par la CFIA pour la destruction des prions et des pathog\u00e8nes;\u00a0Traite les sous-produits animaux (carcasses) incluant les mat\u00e9riaux \u00e0 risques sp\u00e9cifiques<\/p>","protected":false},"featured_media":1826,"template":"","meta":{"_acf_changed":false,"content-type":""},"product_brand":[],"product_cat":[77,116,124],"product_tag":[],"class_list":{"0":"post-1825","1":"product","2":"type-product","3":"status-publish","4":"has-post-thumbnail","6":"product_cat-biomethanisation","7":"product_cat-reception-et-conditionnement","8":"product_cat-pretraitement","10":"first","11":"instock","12":"taxable","13":"shipping-taxable","14":"product-type-simple"},"acf":[],"_links":{"self":[{"href":"https:\/\/biogasworld.com\/fr\/wp-json\/wp\/v2\/product\/1825","targetHints":{"allow":["GET"]}}],"collection":[{"href":"https:\/\/biogasworld.com\/fr\/wp-json\/wp\/v2\/product"}],"about":[{"href":"https:\/\/biogasworld.com\/fr\/wp-json\/wp\/v2\/types\/product"}],"wp:featuredmedia":[{"embeddable":true,"href":"https:\/\/biogasworld.com\/fr\/wp-json\/wp\/v2\/media\/1826"}],"wp:attachment":[{"href":"https:\/\/biogasworld.com\/fr\/wp-json\/wp\/v2\/media?parent=1825"}],"wp:term":[{"taxonomy":"product_brand","embeddable":true,"href":"https:\/\/biogasworld.com\/fr\/wp-json\/wp\/v2\/product_brand?post=1825"},{"taxonomy":"product_cat","embeddable":true,"href":"https:\/\/biogasworld.com\/fr\/wp-json\/wp\/v2\/product_cat?post=1825"},{"taxonomy":"product_tag","embeddable":true,"href":"https:\/\/biogasworld.com\/fr\/wp-json\/wp\/v2\/product_tag?post=1825"}],"curies":[{"name":"wp","href":"https:\/\/api.w.org\/{rel}","templated":true}]}}