{"id":1829,"date":"2015-06-22T14:14:47","date_gmt":"2015-06-22T18:14:47","guid":{"rendered":"https:\/\/www.biogasworld.com\/?post_type=product&#038;p=1829"},"modified":"2025-11-17T10:32:45","modified_gmt":"2025-11-17T15:32:45","slug":"reservoir-lipp","status":"publish","type":"product","link":"https:\/\/biogasworld.com\/fr\/product\/biomethanisation\/reservoir-pour-digesteur\/acier\/reservoir-lipp\/","title":{"rendered":"R\u00e9servoir LIPP"},"content":{"rendered":"<h3>R\u00e9servoir LIPP<\/h3>\n<p><strong>Applications<\/strong><\/p>\n<ul>\n<li>Traitement des eaux conventionnel<\/li>\n<li>Digesteurs : CSTR, UASB EGSB, USR<\/li>\n<\/ul>\n<p><strong>Avantages<\/strong><\/p>\n<ul>\n<li>Durable et imperm\u00e9able<\/li>\n<li>Tr\u00e8s r\u00e9pandue<\/li>\n<li>Faible temps de montage<\/li>\n<li>Espace pour la construction minimale<\/li>\n<\/ul>\n<p><strong>D\u00e9tails techniques<\/strong><\/p>\n<ul>\n<li>Diam\u00e8tre : 3,5 \u00e0 27 m<\/li>\n<li>Hauteur : 5 \u00e0 15 m<\/li>\n<li>\u00c9paisseur : 2 \u00e0 4 mm<\/li>\n<li>Volume : 100 \u00e0 8500 m\u00b3<\/li>\n<\/ul>\n<hr \/>\n<p>&nbsp;<\/p>\n<p><a href=\"https:\/\/biogasworld.com\/wp-content\/uploads\/2015\/06\/lipp2.jpg\"><img loading=\"lazy\" decoding=\"async\" class=\"aligncenter size-full wp-image-1830\" src=\"https:\/\/biogasworld.com\/wp-content\/uploads\/2015\/06\/lipp2.jpg\" alt=\"lipp2\" width=\"600\" height=\"116\" srcset=\"https:\/\/biogasworld.com\/wp-content\/uploads\/2015\/06\/lipp2.jpg 600w, https:\/\/biogasworld.com\/wp-content\/uploads\/2015\/06\/lipp2-250x48.jpg 250w\" sizes=\"auto, (max-width: 600px) 100vw, 600px\" \/><\/a><\/p>\n<hr \/>\n<p>&nbsp;<\/p>\n","protected":false},"excerpt":{"rendered":"<p style=\"text-align: justify;\">Les KomBio r\u00e9acteurs Lipp sont compos\u00e9s d&rsquo;une cuve de digestion et d&rsquo;une section qui sert \u00e0 stocker le biogaz. Contrairement \u00e0 d&rsquo;autres syst\u00e8mes de digestion ana\u00e9robie, les KomBio r\u00e9acteurs Lipp sont fabriqu\u00e9s en acier inoxydable, ce qui augmente leur long\u00e9vit\u00e9. Leur syst\u00e8me de chauffage consiste en un r\u00e9seau de tuyaux chauffants \u00e0 haut niveau de transfert d&rsquo;\u00e9nergie, qui est situ\u00e9 entre l&rsquo;isolant et la paroi m\u00e9tallique. L&rsquo;efficacit\u00e9 du transfert de chaleur est donc maintenue tout au long de la dur\u00e9e de vie du bior\u00e9acteur, car les tuyaux chauffants ne sont jamais en contact avec les substrats corrosifs.<\/p>","protected":false},"featured_media":1834,"template":"","meta":{"_acf_changed":false,"content-type":""},"product_brand":[],"product_cat":[77,303,305],"product_tag":[],"class_list":{"0":"post-1829","1":"product","2":"type-product","3":"status-publish","4":"has-post-thumbnail","6":"product_cat-biomethanisation","7":"product_cat-reservoir-pour-digesteur","8":"product_cat-acier","10":"first","11":"instock","12":"taxable","13":"shipping-taxable","14":"product-type-simple"},"acf":[],"_links":{"self":[{"href":"https:\/\/biogasworld.com\/fr\/wp-json\/wp\/v2\/product\/1829","targetHints":{"allow":["GET"]}}],"collection":[{"href":"https:\/\/biogasworld.com\/fr\/wp-json\/wp\/v2\/product"}],"about":[{"href":"https:\/\/biogasworld.com\/fr\/wp-json\/wp\/v2\/types\/product"}],"wp:featuredmedia":[{"embeddable":true,"href":"https:\/\/biogasworld.com\/fr\/wp-json\/wp\/v2\/media\/1834"}],"wp:attachment":[{"href":"https:\/\/biogasworld.com\/fr\/wp-json\/wp\/v2\/media?parent=1829"}],"wp:term":[{"taxonomy":"product_brand","embeddable":true,"href":"https:\/\/biogasworld.com\/fr\/wp-json\/wp\/v2\/product_brand?post=1829"},{"taxonomy":"product_cat","embeddable":true,"href":"https:\/\/biogasworld.com\/fr\/wp-json\/wp\/v2\/product_cat?post=1829"},{"taxonomy":"product_tag","embeddable":true,"href":"https:\/\/biogasworld.com\/fr\/wp-json\/wp\/v2\/product_tag?post=1829"}],"curies":[{"name":"wp","href":"https:\/\/api.w.org\/{rel}","templated":true}]}}