{"id":18297,"date":"2018-07-09T12:03:52","date_gmt":"2018-07-09T16:04:59","guid":{"rendered":"https:\/\/www.biogasworld.com\/?post_type=product&#038;p=18297\/"},"modified":"2023-10-16T14:52:31","modified_gmt":"2023-10-16T18:52:31","slug":"greenlane-renewables-adsorption-par-balancement-de-pression-psa","status":"publish","type":"product","link":"https:\/\/biogasworld.com\/fr\/product\/biogas-management\/upgrading\/greenlane-renewables-adsorption-par-balancement-de-pression-psa\/","title":{"rendered":"Greenlane Renewables &#8211; Adsorption par balancement de pression (PSA)"},"content":{"rendered":"<h2 id=\"tw-target-text\" class=\"tw-data-text tw-ta tw-text-small\" dir=\"ltr\" style=\"text-align: justify;\" data-placeholder=\"Traduction\"><span lang=\"fr\" style=\"color: #000daa;\">Meilleur pour les intrants complexes\u00a0<\/span><\/h2>\n<p>L\u2019adsorption par balancement de pression est une m\u00e9thode efficace de s\u00e9paration des gaz, particuli\u00e8rement dans le cas o\u00f9 il faut travailler \u00e0 partir d\u2019un m\u00e9lange complexe de gaz g\u00e9n\u00e9r\u00e9 par les intrants ou dans les lieux \u00e0 forte humidit\u00e9 comme les sites d\u2019enfouissement. Sous haute pression, les diff\u00e9rents gaz sont attir\u00e9s par diff\u00e9rentes surfaces solides, ou \u00ab\u00a0adsorb\u00e9s\u00a0\u00bb. Plus la pression est \u00e9lev\u00e9e, plus le gaz est adsorb\u00e9. Ainsi, lorsque la pression est r\u00e9duite, le gaz est lib\u00e9r\u00e9 ou d\u00e9sorb\u00e9.<\/p>\n<p>Apr\u00e8s la d\u00e9sulfuration initiale, les proc\u00e9d\u00e9s PSA peuvent \u00eatre utilis\u00e9s pour s\u00e9parer les gaz m\u00e9lang\u00e9s. Le changement dans la pression permet \u00e0 l\u2019oxyg\u00e8ne (O2), \u00e0 l\u2019azote (N) et au dioxyde de carbone (CO2) d\u2019\u00eatre pi\u00e9g\u00e9s par les adsorbants, ce qui entra\u00eene une production continue de biom\u00e9thane de haute puret\u00e9, soit atteignant au moins 97\u00a0%. Le syst\u00e8me PSA \u00e9limine \u00e9galement efficacement le sulfure d\u2019hydrog\u00e8ne (H2S) et, lorsqu\u2019il est utilis\u00e9 avec les autres syst\u00e8mes, peut \u00e9galement r\u00e9cup\u00e9rer le CO2 pour l\u2019employer comme sous-produit.<\/p>\n<p>Le syst\u00e8me PSA que nous proposons est rapide et efficace pour r\u00e9g\u00e9n\u00e9rer les agents adsorbants au c\u0153ur du processus. L\u2019ensemble du processus utilise tr\u00e8s peu de puissance et peut atteindre des d\u00e9bits \u00e9lev\u00e9s allant jusqu\u2019\u00e0 3\u2009000\u00a0nm3\/h.<\/p>\n<p>Le proc\u00e9d\u00e9 PSA s\u2019int\u00e8gre tr\u00e8s efficacement aux syst\u00e8mes de lavage \u00e0 l\u2019eau, ce qui fournit des solutions qui seraient autrement impossibles \u00e0 r\u00e9aliser si\u00a0l\u2019un ou l\u2019autre de ces syst\u00e8mes \u00e9taient utilis\u00e9s seuls. Les unit\u00e9s peuvent \u00eatre facilement install\u00e9es dans n\u2019importe quelle installation int\u00e9rieure et elles ont une large gamme d\u2019applications pour les industries alimentaires, pharmaceutiques, chimiques, automobiles, m\u00e9dicales et le secteur du traitement des eaux us\u00e9es.<\/p>\n<p>Les avantages:<\/p>\n<ul>\n<li>Particuli\u00e8rement adapt\u00e9 pour le biogaz provenant des sites d\u2019enfouissement;<\/li>\n<li>Potentiel de r\u00e9utilisation du CO2;<\/li>\n<li>\u00c9limination efficace de l\u2019oxyg\u00e8ne et de l\u2019azote;<\/li>\n<li>Produit du biom\u00e9thane \u00e0 plus haute valeur ajout\u00e9e par rapport au biogaz utilis\u00e9;<\/li>\n<li>Production combin\u00e9e de chaleur et d\u2019\u00e9lectricit\u00e9;<\/li>\n<li>Impact visuel modeste.<\/li>\n<\/ul>\n<p>&nbsp;<\/p>\n","protected":false},"excerpt":{"rendered":"L\u2019adsorption par balancement de pression est une m\u00e9thode efficace de s\u00e9paration des gaz, particuli\u00e8rement dans le cas o\u00f9 il faut travailler \u00e0 partir d\u2019un m\u00e9lange complexe de gaz g\u00e9n\u00e9r\u00e9 par les intrants ou dans les lieux \u00e0 forte humidit\u00e9 comme les sites d\u2019enfouissement. Sous haute pression, les diff\u00e9rents gaz sont attir\u00e9s par diff\u00e9rentes surfaces solides, ou \u00ab\u00a0adsorb\u00e9s\u00a0\u00bb. Plus la pression est \u00e9lev\u00e9e, plus le gaz est adsorb\u00e9. Ainsi, lorsque la pression est r\u00e9duite, le gaz est lib\u00e9r\u00e9 ou d\u00e9sorb\u00e9.","protected":false},"featured_media":41315,"template":"","meta":{"_acf_changed":false,"content-type":""},"product_brand":[],"product_cat":[212,97],"product_tag":[],"class_list":{"0":"post-18297","1":"product","2":"type-product","3":"status-publish","4":"has-post-thumbnail","6":"product_cat-upgrading","7":"product_cat-raffinage","9":"first","10":"instock","11":"taxable","12":"shipping-taxable","13":"product-type-simple"},"acf":[],"_links":{"self":[{"href":"https:\/\/biogasworld.com\/fr\/wp-json\/wp\/v2\/product\/18297","targetHints":{"allow":["GET"]}}],"collection":[{"href":"https:\/\/biogasworld.com\/fr\/wp-json\/wp\/v2\/product"}],"about":[{"href":"https:\/\/biogasworld.com\/fr\/wp-json\/wp\/v2\/types\/product"}],"wp:featuredmedia":[{"embeddable":true,"href":"https:\/\/biogasworld.com\/fr\/wp-json\/wp\/v2\/media\/41315"}],"wp:attachment":[{"href":"https:\/\/biogasworld.com\/fr\/wp-json\/wp\/v2\/media?parent=18297"}],"wp:term":[{"taxonomy":"product_brand","embeddable":true,"href":"https:\/\/biogasworld.com\/fr\/wp-json\/wp\/v2\/product_brand?post=18297"},{"taxonomy":"product_cat","embeddable":true,"href":"https:\/\/biogasworld.com\/fr\/wp-json\/wp\/v2\/product_cat?post=18297"},{"taxonomy":"product_tag","embeddable":true,"href":"https:\/\/biogasworld.com\/fr\/wp-json\/wp\/v2\/product_tag?post=18297"}],"curies":[{"name":"wp","href":"https:\/\/api.w.org\/{rel}","templated":true}]}}