{"id":18310,"date":"2018-07-09T12:08:10","date_gmt":"2018-07-09T16:08:54","guid":{"rendered":"https:\/\/www.biogasworld.com\/?post_type=product&#038;p=18310\/"},"modified":"2023-10-16T14:52:16","modified_gmt":"2023-10-16T18:52:16","slug":"greenlane-renewables-laveur-eau","status":"publish","type":"product","link":"https:\/\/biogasworld.com\/fr\/product\/biogas-management\/upgrading\/greenlane-renewables-laveur-eau\/","title":{"rendered":"Greenlane Renewables &#8211; Laveur d&rsquo;eau"},"content":{"rendered":"<h2><strong>Le processus le plus efficace et respectueux de l\u2019environnement\u00a0<\/strong><\/h2>\n<p>Greenlane Renewables est mondialement connue pour sa technologie de lavage \u00e0 l\u2019eau (ou le lavage \u00e0 l\u2019eau). Avec nos 30 ans d\u2019exp\u00e9rience et nos 100 projets op\u00e9rationnels dans le monde, nous sommes des pionniers dans ce domaine.<\/p>\n<p>Le lavage \u00e0 l\u2019eau, une technologie s\u00fbre, fiable et \u00e9prouv\u00e9e, est la plus \u00e9cologique puisqu\u2019elle n\u2019utilise ni produits chimiques ni chaleur. En outre, cette technologie constitue un processus de mise \u00e0 niveau tr\u00e8s efficace pour les projets de moyenne, de grande et de tr\u00e8s grande envergure, mais \u00e9galement lorsqu\u2019obtenir l\u2019autorisation de construire des ch\u00e2teaux d\u2019eau n\u2019est pas un probl\u00e8me. C\u2019est le proc\u00e9d\u00e9 id\u00e9al lorsque le biogaz est produit \u00e0 des fins d\u2019injection dans le r\u00e9seau de distribution.<\/p>\n<p>Gr\u00e2ce \u00e0 l\u2019action des gaz produits dans le digesteur ana\u00e9robie (DA), le site d\u2019enfouissement ou la station d\u2019\u00e9puration, le dioxyde de carbone (CO2) et le sulfure d\u2019hydrog\u00e8ne (H2S) sont s\u00e9par\u00e9s du m\u00e9thane (CH4) sous pression et absorb\u00e9s dans l\u2019eau. Le m\u00e9thane n\u2019est pas absorb\u00e9 et passe dans le s\u00e9choir. Apr\u00e8s la valorisation, la teneur en m\u00e9thane peut atteindre 98\u00a0%.<\/p>\n<p>Au c\u0153ur de l\u2019installation se trouve un compresseur simple, robuste et fiable qui assure la haute disponibilit\u00e9 du biogaz, ce qui contribue \u00e0 une plus grande efficacit\u00e9 et, donc, \u00e0 des co\u00fbts d\u2019exploitation plus bas.<\/p>\n<p>Les avantages\u00a0:<\/p>\n<ul>\n<li>Aucune exigence de chaleur<\/li>\n<li>Pas de produits chimiques<\/li>\n<li>Moins de 1\u00a0% de glissement de m\u00e9thane<\/li>\n<li>Tol\u00e9rance au H2S sans pr\u00e9-lavage s\u00e9par\u00e9 \u2014 m\u00eame pour les niveaux \u00e9lev\u00e9s<\/li>\n<li>Nouvelle disposition am\u00e9lior\u00e9e et acc\u00e8s aux composants cl\u00e9s<\/li>\n<li>Technologie de compression la plus fiable<\/li>\n<li>La conception modulaire donne une capacit\u00e9 \u00e9volutive<\/li>\n<li>Peut fonctionner avec d\u2019autres syst\u00e8mes de mise \u00e0 niveau<\/li>\n<\/ul>\n<p><strong>\u00a0<\/strong><\/p>\n<h3><strong>PROJETS LES PLUS APPROPRI\u00c9S POUR LE LAVEUR D\u2019EAU<\/strong><\/h3>\n<p>La technologie de lavage \u00e0 l\u2019eau fonctionne le mieux lorsqu\u2019il y a une mati\u00e8re premi\u00e8re fiable, comme lors de la fabrication d\u2019aliments ou dans les distilleries, les usines de traitement des d\u00e9chets alimentaires et de traitement des eaux us\u00e9es.<\/p>\n<p>&nbsp;<\/p>\n<h3><strong>LA PLUS GRANDE GAMME DE MISE \u00c0 NIVEAU PARTOUT O\u00d9 VOUS EN AVEZ BESOIN! \u00a0<\/strong><\/h3>\n<p>Tous les mod\u00e8les de la gamme sont de conception standard modulaire, plug-and-go, et compacts. Chacun fonctionne avec succ\u00e8s dans le cas d\u2019une large bande de d\u00e9bit de biogaz. Greenlane Renewables propose la gamme de mod\u00e8les la plus vaste du march\u00e9 avec des mod\u00e8les d\u2019usine standard de 100 \u00e0 5\u2009000 Nm3 \/ h. Des capacit\u00e9s plus grandes sont atteintes avec plusieurs syst\u00e8mes install\u00e9s en parall\u00e8le.<\/p>\n<p>&nbsp;<\/p>\n","protected":false},"excerpt":{"rendered":"Le lavage \u00e0 l\u2019eau, une technologie s\u00fbre, fiable et \u00e9prouv\u00e9e, est la plus \u00e9cologique puisqu\u2019elle n\u2019utilise ni produits chimiques ni chaleur. En outre, cette technologie constitue un processus de mise \u00e0 niveau tr\u00e8s efficace pour les projets de moyenne, de grande et de tr\u00e8s grande envergure, mais \u00e9galement lorsqu\u2019obtenir l\u2019autorisation de construire des ch\u00e2teaux d\u2019eau n\u2019est pas un probl\u00e8me. C\u2019est le proc\u00e9d\u00e9 id\u00e9al lorsque le biogaz est produit \u00e0 des fins d\u2019injection dans le r\u00e9seau de distribution.","protected":false},"featured_media":41311,"template":"","meta":{"_acf_changed":false,"content-type":""},"product_brand":[],"product_cat":[212,97],"product_tag":[],"class_list":{"0":"post-18310","1":"product","2":"type-product","3":"status-publish","4":"has-post-thumbnail","6":"product_cat-upgrading","7":"product_cat-raffinage","9":"first","10":"instock","11":"taxable","12":"shipping-taxable","13":"product-type-simple"},"acf":[],"_links":{"self":[{"href":"https:\/\/biogasworld.com\/fr\/wp-json\/wp\/v2\/product\/18310","targetHints":{"allow":["GET"]}}],"collection":[{"href":"https:\/\/biogasworld.com\/fr\/wp-json\/wp\/v2\/product"}],"about":[{"href":"https:\/\/biogasworld.com\/fr\/wp-json\/wp\/v2\/types\/product"}],"wp:featuredmedia":[{"embeddable":true,"href":"https:\/\/biogasworld.com\/fr\/wp-json\/wp\/v2\/media\/41311"}],"wp:attachment":[{"href":"https:\/\/biogasworld.com\/fr\/wp-json\/wp\/v2\/media?parent=18310"}],"wp:term":[{"taxonomy":"product_brand","embeddable":true,"href":"https:\/\/biogasworld.com\/fr\/wp-json\/wp\/v2\/product_brand?post=18310"},{"taxonomy":"product_cat","embeddable":true,"href":"https:\/\/biogasworld.com\/fr\/wp-json\/wp\/v2\/product_cat?post=18310"},{"taxonomy":"product_tag","embeddable":true,"href":"https:\/\/biogasworld.com\/fr\/wp-json\/wp\/v2\/product_tag?post=18310"}],"curies":[{"name":"wp","href":"https:\/\/api.w.org\/{rel}","templated":true}]}}