{"id":18352,"date":"2018-07-09T12:36:30","date_gmt":"2018-07-09T16:39:33","guid":{"rendered":"https:\/\/www.biogasworld.com\/?post_type=product&#038;p=18352\/"},"modified":"2023-03-01T11:19:57","modified_gmt":"2023-03-01T16:19:57","slug":"sustainable-generation-systeme-sg-bunker-avec-couvertures-gore","status":"publish","type":"product","link":"https:\/\/biogasworld.com\/fr\/product\/biogas-management\/gas-holder\/sustainable-generation-systeme-sg-bunker-avec-couvertures-gore\/","title":{"rendered":"Sustainable Generation &#8211; Syst\u00e8me SG Bunker\u2122 avec couvertures GORE\u00ae"},"content":{"rendered":"","protected":false},"excerpt":{"rendered":"<p id=\"tw-target-text\" class=\"tw-data-text tw-ta tw-text-small\" dir=\"ltr\" data-placeholder=\"Traduction\"><span lang=\"fr\">Le syst\u00e8me SG Bunker \u2122 avec couvertures GORE\u00ae permet \u00e0 une installation de r\u00e9pondre \u00e0 un haut niveau de conformit\u00e9 environnementale avec des performances \u00abdans le r\u00e9servoir\u00bb, mais \u00e0 moindre co\u00fbts. La conception du syst\u00e8me SG Bunker permet une s\u00e9paration claire des lixiviats des eaux pluviales pour pr\u00e9venir la contamination des eaux souterraines. Il offre aussi les avantages suivants: <\/span><\/p>\r\n<p class=\"tw-data-text tw-ta tw-text-small\" dir=\"ltr\" data-placeholder=\"Traduction\"><span lang=\"fr\">\u2022 Facilement \u00e9volutif &#8211; 10 000 tonnes \u00e0 l&rsquo;infini <\/span><\/p>\r\n<p class=\"tw-data-text tw-ta tw-text-small\" dir=\"ltr\" data-placeholder=\"Traduction\"><span lang=\"fr\">\u2022 Collecte et gestion des lixiviats <\/span><\/p>\r\n<p class=\"tw-data-text tw-ta tw-text-small\" dir=\"ltr\" data-placeholder=\"Traduction\"><span lang=\"fr\">\u2022 Gestion de l&rsquo;humidit\u00e9 <\/span><\/p>\r\n<p class=\"tw-data-text tw-ta tw-text-small\" dir=\"ltr\" data-placeholder=\"Traduction\"><span lang=\"fr\">\u2022 R\u00e9pond aux exigences de conformit\u00e9 <\/span><\/p>\r\n<p class=\"tw-data-text tw-ta tw-text-small\" dir=\"ltr\" data-placeholder=\"Traduction\"><span lang=\"fr\">\u2022 Dur\u00e9e du cycle de traitement &#8211; jusqu&rsquo;\u00e0 8 semaines <\/span><\/p>\r\n<p class=\"tw-data-text tw-ta tw-text-small\" dir=\"ltr\" data-placeholder=\"Traduction\"><span lang=\"fr\">\u2022 Faible empreinte environnementale<\/span><\/p>\r\n<p class=\"tw-data-text tw-ta tw-text-small\" dir=\"ltr\" data-placeholder=\"Traduction\"><span lang=\"fr\">\u2022 A\u00e9ration dans le sol<\/span><\/p>\r\n<p class=\"tw-data-text tw-ta tw-text-small\" dir=\"ltr\" data-placeholder=\"Traduction\"><span lang=\"fr\">\u2022 Toutes les charges <\/span><\/p>\r\n<p class=\"tw-data-text tw-ta tw-text-small\" dir=\"ltr\" data-placeholder=\"Traduction\"><span lang=\"fr\">\u2022 Efficace dans toutes les conditions climatiques <\/span><\/p>\r\n<p class=\"tw-data-text tw-ta tw-text-small\" dir=\"ltr\" data-placeholder=\"Traduction\"><span lang=\"fr\">\u2022 Faible consommation d&rsquo;\u00e9nergie <\/span><\/p>\r\n<p class=\"tw-data-text tw-ta tw-text-small\" dir=\"ltr\" data-placeholder=\"Traduction\"><span lang=\"fr\">Tous les produits de SG permet aux utilisateurs d&rsquo;\u00e9viter d&rsquo;enfouir les d\u00e9chets organiques dans des sites d&rsquo;enfouissement et les convertissent en une ressource commercialisable, rentable et durable de haute qualit\u00e9.<\/span><\/p>","protected":false},"featured_media":18351,"template":"","meta":{"_acf_changed":false,"content-type":""},"product_brand":[],"product_cat":[208,165,79,127],"product_tag":[],"class_list":{"0":"post-18352","1":"product","2":"type-product","3":"status-publish","4":"has-post-thumbnail","6":"product_cat-biogas-management","7":"product_cat-gas-holder","8":"product_cat-valorisation-du-biogaz","9":"product_cat-reservoir-de-biogaz","11":"first","12":"instock","13":"taxable","14":"shipping-taxable","15":"product-type-simple"},"acf":[],"_links":{"self":[{"href":"https:\/\/biogasworld.com\/fr\/wp-json\/wp\/v2\/product\/18352","targetHints":{"allow":["GET"]}}],"collection":[{"href":"https:\/\/biogasworld.com\/fr\/wp-json\/wp\/v2\/product"}],"about":[{"href":"https:\/\/biogasworld.com\/fr\/wp-json\/wp\/v2\/types\/product"}],"wp:featuredmedia":[{"embeddable":true,"href":"https:\/\/biogasworld.com\/fr\/wp-json\/wp\/v2\/media\/18351"}],"wp:attachment":[{"href":"https:\/\/biogasworld.com\/fr\/wp-json\/wp\/v2\/media?parent=18352"}],"wp:term":[{"taxonomy":"product_brand","embeddable":true,"href":"https:\/\/biogasworld.com\/fr\/wp-json\/wp\/v2\/product_brand?post=18352"},{"taxonomy":"product_cat","embeddable":true,"href":"https:\/\/biogasworld.com\/fr\/wp-json\/wp\/v2\/product_cat?post=18352"},{"taxonomy":"product_tag","embeddable":true,"href":"https:\/\/biogasworld.com\/fr\/wp-json\/wp\/v2\/product_tag?post=18352"}],"curies":[{"name":"wp","href":"https:\/\/api.w.org\/{rel}","templated":true}]}}