{"id":18356,"date":"2018-07-09T12:41:24","date_gmt":"2018-07-09T16:42:13","guid":{"rendered":"https:\/\/www.biogasworld.com\/?post_type=product&#038;p=18356\/"},"modified":"2023-03-01T10:54:02","modified_gmt":"2023-03-01T15:54:02","slug":"genitique-site-de-biomethanisation","status":"publish","type":"product","link":"https:\/\/biogasworld.com\/fr\/product\/biomethanisation\/genitique-site-de-biomethanisation\/","title":{"rendered":"G\u00e9nitique &#8211; Site de biom\u00e9thanisation"},"content":{"rendered":"<p>Impliqu\u00e9e dans la r\u00e9alisation de plusieurs\u00a0sites de biom\u00e9thanisation au Qu\u00e9bec et en Nouvelle-Angleterre, G\u00e9nitique soutien\u00a0<strong>toutes les \u00e9tapes des projets.<\/strong><\/p>\n<p>&nbsp;<\/p>\n<h3><span style=\"color: #000daa;\">\u00c9tudes<\/span><\/h3>\n<ul>\n<li>\u00c9tude de pr\u00e9-faisabilit\u00e9<\/li>\n<li>Analyse des besoins<\/li>\n<li>\u00c9tude technico-\u00e9conomique<\/li>\n<li>Rendu num\u00e9rique<\/li>\n<li>Mod\u00e9lisation 3D<\/li>\n<\/ul>\n<p>&nbsp;<\/p>\n<h3><span style=\"color: #000daa;\">Conception<\/span><\/h3>\n<ul>\n<li>Demande de certificats d\u2019autorisation<\/li>\n<li>Plans et devis<\/li>\n<li>Conception et fourniture (\u00e9lectrique, instrumentation et contr\u00f4le, automatisation, informatique, structure, \u00e9quipements m\u00e9caniques, etc.)<\/li>\n<li>Revue de documentation technique de fournisseur<\/li>\n<li>Gestion d\u2019appels d\u2019offres<\/li>\n<li>D\u00e9veloppement applicatif<\/li>\n<li>Gestion des achats et de l\u2019approvisionnement<\/li>\n<li>Simulation num\u00e9rique<\/li>\n<\/ul>\n<p>&nbsp;<\/p>\n<h3><span style=\"color: #000daa;\">Construction et installation<\/span><\/h3>\n<ul>\n<li>Gestion de la construction<\/li>\n<li>Fourniture et installation d\u2019\u00e9quipements de m\u00e9canique de proc\u00e9d\u00e9<\/li>\n<li>Fourniture et installation d\u2019appareillage \u00e9lectrique et instruments<\/li>\n<li>Fourniture et installation de panneaux de contr\u00f4le et armoires de commande<\/li>\n<li>Surveillance de travaux<\/li>\n<li>Suivi et contr\u00f4le qualit\u00e9 de fabrication en atelier<\/li>\n<li>Essai en usine et en chantier<\/li>\n<li>V\u00e9rification pr\u00e9-op\u00e9rationnelle et mise en service<\/li>\n<\/ul>\n<p>&nbsp;<\/p>\n<h3><span style=\"color: #000daa;\">Service apr\u00e8s-vente<\/span><\/h3>\n<ul>\n<li>Formation<\/li>\n<li>Assistance technique et d\u00e9pannage<\/li>\n<li>Production de rapports<\/li>\n<\/ul>\n<p>&nbsp;<\/p>\n","protected":false},"excerpt":{"rendered":"Impliqu\u00e9e dans la r\u00e9alisation de plusieurs projets au Qu\u00e9bec et en Nouvelle-Angleterre, G\u00e9nitique soutien toutes les \u00e9tapes des projets d\u2019implantation d&rsquo;usines de biom\u00e9thanisation. G\u00e9nitique s&rsquo;occupe des \u00e9tudes, de la conception, de la construction et de l&rsquo;installation, et offre un service apr\u00e8s-vente.","protected":false},"featured_media":20555,"template":"","meta":{"_acf_changed":false,"content-type":""},"product_brand":[],"product_cat":[145,77],"product_tag":[],"class_list":{"0":"post-18356","1":"product","2":"type-product","3":"status-publish","4":"has-post-thumbnail","6":"product_cat-anaerobic-digestion","7":"product_cat-biomethanisation","9":"first","10":"instock","11":"taxable","12":"shipping-taxable","13":"product-type-simple"},"acf":[],"_links":{"self":[{"href":"https:\/\/biogasworld.com\/fr\/wp-json\/wp\/v2\/product\/18356","targetHints":{"allow":["GET"]}}],"collection":[{"href":"https:\/\/biogasworld.com\/fr\/wp-json\/wp\/v2\/product"}],"about":[{"href":"https:\/\/biogasworld.com\/fr\/wp-json\/wp\/v2\/types\/product"}],"wp:featuredmedia":[{"embeddable":true,"href":"https:\/\/biogasworld.com\/fr\/wp-json\/wp\/v2\/media\/20555"}],"wp:attachment":[{"href":"https:\/\/biogasworld.com\/fr\/wp-json\/wp\/v2\/media?parent=18356"}],"wp:term":[{"taxonomy":"product_brand","embeddable":true,"href":"https:\/\/biogasworld.com\/fr\/wp-json\/wp\/v2\/product_brand?post=18356"},{"taxonomy":"product_cat","embeddable":true,"href":"https:\/\/biogasworld.com\/fr\/wp-json\/wp\/v2\/product_cat?post=18356"},{"taxonomy":"product_tag","embeddable":true,"href":"https:\/\/biogasworld.com\/fr\/wp-json\/wp\/v2\/product_tag?post=18356"}],"curies":[{"name":"wp","href":"https:\/\/api.w.org\/{rel}","templated":true}]}}