{"id":1858,"date":"2015-06-23T10:06:21","date_gmt":"2015-06-23T14:06:21","guid":{"rendered":"https:\/\/www.biogasworld.com\/?post_type=product&#038;p=1858"},"modified":"2023-03-01T16:48:16","modified_gmt":"2023-03-01T21:48:16","slug":"biothane-par-veolia","status":"publish","type":"product","link":"https:\/\/biogasworld.com\/fr\/product\/biomethanisation\/systeme-de-digestion-a-haut-rendement\/biothane-par-veolia\/","title":{"rendered":"UASB Biothane"},"content":{"rendered":"<h2><span style=\"color: #000daa;\">Biothane est un UASB offert\u00a0par Veolia<\/span><\/h2>\n<p id=\"tw-target-text\" class=\"tw-data-text vk_txt tw-ta tw-text-small\" dir=\"ltr\" style=\"text-align: justify;\" data-placeholder=\"Traduction\"><span lang=\"fr\">La technologie Biothane UASB (Upflow Anaerobic Sludge Blanket) est un proc\u00e9d\u00e9 \u00e9prouv\u00e9 et fiable qui appartient exclusivement \u00e0 Biothane. C&rsquo;est un proc\u00e9d\u00e9 ne n\u00e9cessitant pas d&rsquo;entretien, qui r\u00e9siste \u00e0 la corrosion, est robuste et a un design simple.<\/span><\/p>\n<h3 dir=\"ltr\" data-placeholder=\"Traduction\"><span style=\"color: #000daa;\">Le proc\u00e9d\u00e9 de traitement Veolia<\/span><\/h3>\n<p dir=\"ltr\" data-placeholder=\"Traduction\">Les eaux us\u00e9es brutes provenant du proc\u00e9d\u00e9 industriel doivent passer par un pr\u00e9traitement avant le proc\u00e9d\u00e9 de digestion ana\u00e9robie. Dans le r\u00e9servoir de conditionnement, le liquide obtenu sera m\u00e9lang\u00e9 \u00e0 un effluent ana\u00e9robique recycl\u00e9 et trait\u00e9 par l&rsquo;entremise d&rsquo;une \u00e9tape de recirculation et de jets de m\u00e9lange. De plus, la valeur pH et la temp\u00e9rature sont r\u00e9gul\u00e9es et les nutriments sont dos\u00e9s, si n\u00e9cessaire, de fa\u00e7on \u00e0 atteindre des conditions optimales de croissance pour la biomasse ana\u00e9robique dans le r\u00e9acteur Biomethane UASB.<\/p>\n<p dir=\"ltr\" data-placeholder=\"Traduction\">Par la suite, les eaux us\u00e9es trait\u00e9es sont pomp\u00e9es \u00e0 un d\u00e9bit constant et continu dans le r\u00e9acteur Biomethane UASB. Un syst\u00e8me original de r\u00e9partition vous permet de r\u00e9partir l&rsquo;effluent de fa\u00e7on \u00e9gale sur toute la surface du r\u00e9acteur.<\/p>\n<p dir=\"ltr\" data-placeholder=\"Traduction\">L&rsquo;influent passe ainsi dans un lit de biomasse granulaire ana\u00e9robie dense, l\u00e0 o\u00f9 se d\u00e9roule le processus de conversion biologique qui transforme la charge de DCO (demande chimique en oxyg\u00e8ne) des eaux us\u00e9es en biogaz.<\/p>\n<p dir=\"ltr\" data-placeholder=\"Traduction\">Des d\u00e9canteurs triphas\u00e9s brevet\u00e9s, install\u00e9s \u00e0 l&rsquo;int\u00e9rieur du sommet du r\u00e9acteur, s\u00e9parent l&rsquo;eau trait\u00e9e du biogaz produit. La biomasse se d\u00e9pose au fond du r\u00e9acteur tandis qu&rsquo;une partie de l&rsquo;effluent trait\u00e9 est recycl\u00e9e et renvoy\u00e9e dans le r\u00e9servoir de conditionnement pour \u00eatre dilu\u00e9e.<\/p>\n<p dir=\"ltr\" data-placeholder=\"Traduction\">Le biogaz est ainsi collect\u00e9 et achemin\u00e9 \u00e0 l&rsquo;\u00e9tape de traitement du biogaz. Dans des conditions contr\u00f4l\u00e9es, il peut \u00eatre br\u00fbl\u00e9 dans une torche \u00e0 biogaz ou bien il peut servir de source d&rsquo;\u00e9nergie pour le site de production.<\/p>\n<h3 class=\"tw-data-text vk_txt tw-ta tw-text-small\" dir=\"ltr\" style=\"text-align: justify;\" data-placeholder=\"Traduction\"><span style=\"color: #000daa;\"><strong>La technologie<\/strong><\/span><\/h3>\n<ul>\n<li class=\"tw-data-text vk_txt tw-ta tw-text-small\" dir=\"ltr\" style=\"text-align: justify;\" data-placeholder=\"Traduction\">Traitement de haute charge organique (<strong>10 \u00e0 15 kg DCO\/m\u00b3\/jour<\/strong>)<\/li>\n<li class=\"tw-data-text vk_txt tw-ta tw-text-small\" dir=\"ltr\" style=\"text-align: justify;\" data-placeholder=\"Traduction\">Conception compacte<\/li>\n<li dir=\"ltr\" data-placeholder=\"Traduction\">Technologie de s\u00e9paration brevet\u00e9e<\/li>\n<li class=\"tw-data-text vk_txt tw-ta tw-text-small\" dir=\"ltr\" style=\"text-align: justify;\" data-placeholder=\"Traduction\">Production d&rsquo;une biomasse facilement s\u00e9dimentable<\/li>\n<li dir=\"ltr\" data-placeholder=\"Traduction\">Source d&rsquo;\u00e9nergie provenant du biogaz<\/li>\n<li dir=\"ltr\" data-placeholder=\"Traduction\">Exploitation \u00e9conomique<\/li>\n<li dir=\"ltr\" data-placeholder=\"Traduction\">Fiable<\/li>\n<\/ul>\n<p>&nbsp;<\/p>\n<h3><span style=\"color: #000daa;\"><strong>Domaine d&rsquo;applications<\/strong><\/span><\/h3>\n<ul>\n<li>P\u00e2te et papier<\/li>\n<li>Industrie chimique et pharmaceutique<\/li>\n<li>Industrie alimentaire (brasserie, distillerie, laiti\u00e8re, etc.)<\/li>\n<\/ul>\n<p>&nbsp;<\/p>\n<p style=\"text-align: center;\"><strong>Plus de 550 usines dans le monde!<\/strong><\/p>\n<p style=\"text-align: center;\"><a href=\"https:\/\/www.biothanesolutions.com\/\"><strong>Consultez le site Web de Veolia pour plus d&rsquo;informations sur le Biothane!<\/strong><\/a><\/p>\n<p>&nbsp;<\/p>\n","protected":false},"excerpt":{"rendered":"Biothane est un UASB offert\u00a0par Veolia\r\n<p id=\"tw-target-text\" class=\"tw-data-text vk_txt tw-ta tw-text-small\" dir=\"ltr\" style=\"text-align: justify;\" data-placeholder=\"Traduction\"><span lang=\"fr\">La technologie Biothane UASB (Upflow Anaerobic Sludge Blanket) est un proc\u00e9d\u00e9\u00a0\u00e9prouv\u00e9 et fiable , d\u00e9tenue exclusivement par Biothane . Il est sans entretien , r\u00e9sistant \u00e0 la corrosion, robuste et avec un design simple.<\/span><\/p>","protected":false},"featured_media":1861,"template":"","meta":{"_acf_changed":false,"content-type":""},"product_brand":[],"product_cat":[77,132],"product_tag":[],"class_list":{"0":"post-1858","1":"product","2":"type-product","3":"status-publish","4":"has-post-thumbnail","6":"product_cat-biomethanisation","7":"product_cat-systeme-de-digestion-a-haut-rendement","9":"first","10":"instock","11":"taxable","12":"shipping-taxable","13":"product-type-simple"},"acf":[],"_links":{"self":[{"href":"https:\/\/biogasworld.com\/fr\/wp-json\/wp\/v2\/product\/1858","targetHints":{"allow":["GET"]}}],"collection":[{"href":"https:\/\/biogasworld.com\/fr\/wp-json\/wp\/v2\/product"}],"about":[{"href":"https:\/\/biogasworld.com\/fr\/wp-json\/wp\/v2\/types\/product"}],"wp:featuredmedia":[{"embeddable":true,"href":"https:\/\/biogasworld.com\/fr\/wp-json\/wp\/v2\/media\/1861"}],"wp:attachment":[{"href":"https:\/\/biogasworld.com\/fr\/wp-json\/wp\/v2\/media?parent=1858"}],"wp:term":[{"taxonomy":"product_brand","embeddable":true,"href":"https:\/\/biogasworld.com\/fr\/wp-json\/wp\/v2\/product_brand?post=1858"},{"taxonomy":"product_cat","embeddable":true,"href":"https:\/\/biogasworld.com\/fr\/wp-json\/wp\/v2\/product_cat?post=1858"},{"taxonomy":"product_tag","embeddable":true,"href":"https:\/\/biogasworld.com\/fr\/wp-json\/wp\/v2\/product_tag?post=1858"}],"curies":[{"name":"wp","href":"https:\/\/api.w.org\/{rel}","templated":true}]}}