{"id":18676,"date":"2018-07-17T17:03:00","date_gmt":"2018-07-17T21:03:00","guid":{"rendered":"https:\/\/www.biogasworld.com\/?post_type=product&#038;p=18676\/"},"modified":"2023-03-01T10:57:38","modified_gmt":"2023-03-01T15:57:38","slug":"methania-procede-jallagaz","status":"publish","type":"product","link":"https:\/\/biogasworld.com\/fr\/product\/reception-et-conditionnement\/triage-et-conditionnement\/methania-procede-jallagaz\/","title":{"rendered":"Methania &#8211; Le proc\u00e9d\u00e9 JALLAGAZ"},"content":{"rendered":"<p><strong>Methania<\/strong>\u00a0est un concepteur et constructeur d&rsquo;installations de valorisation des d\u00e9chets organiques en biogaz.<\/p>\n<p>Notre mission est de rendre accessible les solutions biogaz au plus grand nombre de personnes possible. Nous concevons, produisons et installons des solutions de production et de valorisation du biogaz adapt\u00e9es \u00e0 vos besoins, robustes et efficaces \u00e0 un co\u00fbt permettant d&rsquo;offrir la meilleure rentabilit\u00e9 possible.<\/p>\n<p>Nous avons d\u00e9velopp\u00e9 une solution de digestion s\u00e8che des d\u00e9chets agricoles nomm\u00e9e\u00a0<strong>JALLAGAZ<\/strong>.<\/p>\n<p>&nbsp;<\/p>\n<h3 class=\"cmsms_heading\"><span style=\"color: #000daa;\"><strong>Notre Proc\u00e9d\u00e9<\/strong><\/span><\/h3>\n<p><strong>JALLAGAZ<\/strong>\u00a0est une solution qui permet de valoriser le fumier de bovin, carpin et ovin empilables ainsi que\u00a0les d\u00e9chets de cultures ou de coupes qui ont une mati\u00e8re s\u00e8che sup\u00e9rieure \u00e0 25%.<\/p>\n<p>Les mati\u00e8res organiques \u00e0 traiter sont stock\u00e9es dans des digesteurs sous forme de conteneur garage.\u00a0Les d\u00e9chets sont activ\u00e9s par la pulv\u00e9risation d\u2019un percol\u00e2t dans des conditions ana\u00e9robies (absence d\u2019oxyg\u00e8ne)\u00a0et chauff\u00e9s \u00e0 37-40\u00b0C.<\/p>\n<p>Le percol\u00e2t est maintenu en circulation au moyen d&rsquo;une pompe puisant dans un r\u00e9servoir de liquide de percolation, et ce, pendant un temps de s\u00e9jour de 45 jours.<\/p>\n<p>Le biogaz est puis\u00e9 par des canalisations puis utilis\u00e9 comme combustible dans un module de cog\u00e9n\u00e9ration\u00a0(moteur \u00e0 biogaz) pour produire de l\u2019\u00e9lectricit\u00e9 triphas\u00e9e et de l\u2019eau chaude \u00e0 90\u00b0C.<\/p>\n<p>Le fonctionnement, enti\u00e8rement automatis\u00e9, se r\u00e9alise sous supervision.<\/p>\n<p>&nbsp;<\/p>\n<p>&nbsp;<\/p>\n<p><img loading=\"lazy\" decoding=\"async\" width=\"918\" height=\"584\" class=\"alignnone size-full wp-image-29583\" src=\"https:\/\/biogasworld.com\/wp-content\/uploads\/2018\/07\/Methania.jpg\" alt=\"\" srcset=\"https:\/\/biogasworld.com\/wp-content\/uploads\/2018\/07\/Methania.jpg 918w, https:\/\/biogasworld.com\/wp-content\/uploads\/2018\/07\/Methania-250x159.jpg 250w\" sizes=\"auto, (max-width: 918px) 100vw, 918px\" \/><\/p>\n<p>&nbsp;<\/p>\n","protected":false},"excerpt":{"rendered":"<strong>JALLAGAZ<\/strong>\u00a0est une solution de digestion s\u00e8che qui permet de valoriser le fumier de bovin, carpin et ovin empilables ainsi que\u00a0les d\u00e9chets de cultures ou de coupes qui ont une mati\u00e8re s\u00e8che sup\u00e9rieure \u00e0 25%.\u00a0Les mati\u00e8res organiques \u00e0 traiter sont stock\u00e9es dans des digesteurs sous forme de conteneur garage.","protected":false},"featured_media":18677,"template":"","meta":{"_acf_changed":false,"content-type":""},"product_brand":[],"product_cat":[130,123],"product_tag":[],"class_list":{"0":"post-18676","1":"product","2":"type-product","3":"status-publish","4":"has-post-thumbnail","6":"product_cat-digestion-seche","7":"product_cat-triage-et-conditionnement","9":"first","10":"instock","11":"taxable","12":"shipping-taxable","13":"product-type-simple"},"acf":[],"_links":{"self":[{"href":"https:\/\/biogasworld.com\/fr\/wp-json\/wp\/v2\/product\/18676","targetHints":{"allow":["GET"]}}],"collection":[{"href":"https:\/\/biogasworld.com\/fr\/wp-json\/wp\/v2\/product"}],"about":[{"href":"https:\/\/biogasworld.com\/fr\/wp-json\/wp\/v2\/types\/product"}],"wp:featuredmedia":[{"embeddable":true,"href":"https:\/\/biogasworld.com\/fr\/wp-json\/wp\/v2\/media\/18677"}],"wp:attachment":[{"href":"https:\/\/biogasworld.com\/fr\/wp-json\/wp\/v2\/media?parent=18676"}],"wp:term":[{"taxonomy":"product_brand","embeddable":true,"href":"https:\/\/biogasworld.com\/fr\/wp-json\/wp\/v2\/product_brand?post=18676"},{"taxonomy":"product_cat","embeddable":true,"href":"https:\/\/biogasworld.com\/fr\/wp-json\/wp\/v2\/product_cat?post=18676"},{"taxonomy":"product_tag","embeddable":true,"href":"https:\/\/biogasworld.com\/fr\/wp-json\/wp\/v2\/product_tag?post=18676"}],"curies":[{"name":"wp","href":"https:\/\/api.w.org\/{rel}","templated":true}]}}