{"id":1882,"date":"2015-06-25T10:55:26","date_gmt":"2015-06-25T14:55:26","guid":{"rendered":"https:\/\/www.biogasworld.com\/?post_type=product&#038;p=1882"},"modified":"2023-03-01T16:41:23","modified_gmt":"2023-03-01T21:41:23","slug":"convoyeurs-par-machinex","status":"publish","type":"product","link":"https:\/\/biogasworld.com\/fr\/product\/reception-et-conditionnement\/manutention\/convoyeurs\/convoyeurs-par-machinex\/","title":{"rendered":"Convoyeurs Machinex"},"content":{"rendered":"<h3 style=\"text-align: justify;\">Convoyeurs par Machinex<\/h3>\n<h3 style=\"text-align: justify;\">L&rsquo;exp\u00e9rience du r\u00e9sultat avec des convoyeurs de conception sup\u00e9rieure<\/h3>\n<p style=\"text-align: justify;\">Depuis des d\u00e9cennies, nos ing\u00e9nieurs ont utilis\u00e9 leurs connaissances approfondies de l&rsquo;industrie afin de continuellement reconcevoir et am\u00e9liorer nos convoyeurs. Chez Machinex, nous sommes fiers d&rsquo;\u00eatre reconnus par nos pairs comme ayant une des gammes de convoyeurs les mieux con\u00e7us et les plus fiables de l&rsquo;industrie. Tous nos convoyeurs sont fabriqu\u00e9s en vue d&rsquo;une installation et d&rsquo;une mise en service rapides et n\u00e9cessitant un entretien minimal.<\/p>\n<p style=\"text-align: justify;\">Notre exp\u00e9rience et notre expertise procurent des r\u00e9sultats int\u00e9ressants pour vous, l&rsquo;utilisateur final. Nous comprenons les besoins de chaque client et nous concevons nos convoyeurs avec les caract\u00e9ristiques les plus importantes. Les convoyeurs Machinex procurent des solutions de manutention des mat\u00e9riaux adaptables pour chaque projet. Il en r\u00e9sulte une foule de caract\u00e9ristiques de s\u00e9curit\u00e9 et d&rsquo;entretien permettant d&rsquo;assurer une performance maximale.<\/p>\n<p style=\"text-align: justify;\">Plusieurs mod\u00e8les sont disponibles selon l&rsquo;application:<\/p>\n<h4 style=\"text-align: justify;\">Convoyeurs de tri &#8211; Convoyeurs \u00e0 courroie &#8211; Convoyeurs \u00e0 rouleaux transporteurs &#8211; Convoyeur \u00e0 cha\u00eene\/rouleaux &#8211; Convoyeurs \u00e0 cha\u00eenes autoportantes<\/h4>\n<hr \/>\n<h4 style=\"text-align: justify;\"><\/h4>\n<p><a href=\"https:\/\/biogasworld.com\/wp-content\/uploads\/2015\/06\/convoyeur_de_tri_1a.png\"><img loading=\"lazy\" decoding=\"async\" class=\"aligncenter size-full wp-image-1887\" src=\"https:\/\/biogasworld.com\/wp-content\/uploads\/2015\/06\/convoyeur_de_tri_1a.png\" alt=\"convoyeur_de_tri_1a\" width=\"772\" height=\"602\" srcset=\"https:\/\/biogasworld.com\/wp-content\/uploads\/2015\/06\/convoyeur_de_tri_1a.png 772w, https:\/\/biogasworld.com\/wp-content\/uploads\/2015\/06\/convoyeur_de_tri_1a-250x195.png 250w\" sizes=\"auto, (max-width: 772px) 100vw, 772px\" \/><\/a><\/p>\n","protected":false},"excerpt":{"rendered":"<p style=\"text-align: justify;\">L&rsquo;exp\u00e9rience du r\u00e9sultat avec des convoyeurs de conception sup\u00e9rieure<\/p>\r\n<p style=\"text-align: justify;\">Depuis des d\u00e9cennies, nos ing\u00e9nieurs ont utilis\u00e9 leurs connaissances approfondies de l&rsquo;industrie afin de continuellement reconcevoir et am\u00e9liorer nos convoyeurs. Chez Machinex, nous sommes fiers d&rsquo;\u00eatre reconnus par nos pairs comme ayant une des gammes de convoyeurs les mieux con\u00e7us et les plus fiables de l&rsquo;industrie. Tous nos convoyeurs sont fabriqu\u00e9s en vue d&rsquo;une installation et d&rsquo;une mise en service rapides et n\u00e9cessitant un entretien minimal.<\/p>","protected":false},"featured_media":1883,"template":"","meta":{"_acf_changed":false,"content-type":""},"product_brand":[],"product_cat":[77,116,118,135],"product_tag":[],"class_list":{"0":"post-1882","1":"product","2":"type-product","3":"status-publish","4":"has-post-thumbnail","6":"product_cat-biomethanisation","7":"product_cat-reception-et-conditionnement","8":"product_cat-manutention","9":"product_cat-convoyeurs","11":"first","12":"instock","13":"taxable","14":"shipping-taxable","15":"product-type-simple"},"acf":[],"_links":{"self":[{"href":"https:\/\/biogasworld.com\/fr\/wp-json\/wp\/v2\/product\/1882","targetHints":{"allow":["GET"]}}],"collection":[{"href":"https:\/\/biogasworld.com\/fr\/wp-json\/wp\/v2\/product"}],"about":[{"href":"https:\/\/biogasworld.com\/fr\/wp-json\/wp\/v2\/types\/product"}],"wp:featuredmedia":[{"embeddable":true,"href":"https:\/\/biogasworld.com\/fr\/wp-json\/wp\/v2\/media\/1883"}],"wp:attachment":[{"href":"https:\/\/biogasworld.com\/fr\/wp-json\/wp\/v2\/media?parent=1882"}],"wp:term":[{"taxonomy":"product_brand","embeddable":true,"href":"https:\/\/biogasworld.com\/fr\/wp-json\/wp\/v2\/product_brand?post=1882"},{"taxonomy":"product_cat","embeddable":true,"href":"https:\/\/biogasworld.com\/fr\/wp-json\/wp\/v2\/product_cat?post=1882"},{"taxonomy":"product_tag","embeddable":true,"href":"https:\/\/biogasworld.com\/fr\/wp-json\/wp\/v2\/product_tag?post=1882"}],"curies":[{"name":"wp","href":"https:\/\/api.w.org\/{rel}","templated":true}]}}