{"id":18823,"date":"2018-07-24T15:10:50","date_gmt":"2018-07-24T19:16:06","guid":{"rendered":"https:\/\/www.biogasworld.com\/?post_type=product&#038;p=18823\/"},"modified":"2018-07-24T15:16:51","modified_gmt":"2018-07-24T19:16:51","slug":"veolia-biothane-memgas","status":"publish","type":"product","link":"https:\/\/biogasworld.com\/fr\/product\/valorisation-du-biogaz\/raffinage\/veolia-biothane-memgas\/","title":{"rendered":"Veolia Biothane &#8211; MemGas\u2122"},"content":{"rendered":"","protected":false},"excerpt":{"rendered":"Le biogaz est une source pr\u00e9cieuse d\u2019\u00e9nergie renouvelable. Il peut \u00eatre transform\u00e9 en \u00e9lectricit\u00e9, en chaleur ou en biom\u00e9thane. Ce dernier peut servir de substitut du gaz naturel inject\u00e9 dans le r\u00e9seau ou servir de carburant \u00ab\u00a0vert\u00a0\u00bb pour les v\u00e9hicules (bioGNC ou bioGPL).\u00a0Notre technologie \u00e0 membrane MemGas\u2122 purifie le biogaz brut en biom\u00e9thane convenant (&gt;97\u201199\u00a0% de m\u00e9thane) aux exigences de son utilisation finale.\u00a0La s\u00e9paration des membranes de biogaz est une technologie de pointe \u00e9prouv\u00e9e pour la production de biom\u00e9thane.\r\n\r\nLa technologie est bas\u00e9e sur la perm\u00e9abilit\u00e9 et la s\u00e9lectivit\u00e9 de la membrane en fonction des diff\u00e9rents gaz.\r\nLa conversion du biogaz en biom\u00e9thane comporte trois \u00e9tapes principales\u00a0: pr\u00e9traitement, compression et s\u00e9paration du m\u00e9thane. Avant d\u2019utiliser le biogaz, il est essentiel d\u2019\u00e9liminer les compos\u00e9s soufr\u00e9s, qui sont principalement pr\u00e9sents dans le biogaz sous forme de sulfure (H2S). Le soufre peut causer une corrosion grave dans les chaudi\u00e8res et les moteurs \u00e0 biogaz. C&rsquo;est \u00e9galement un nutriment essentiel pour les organismes vivants qui se trouve, par exemple, dans les prot\u00e9ines. Pendant la production de biogaz, le soufre est converti biologiquement en H2S. Heureusement, des processus biologiques peuvent \u00e9galement \u00eatre utilis\u00e9s pour \u00e9liminer le H2S du biogaz.","protected":false},"featured_media":18822,"template":"","meta":{"_acf_changed":false,"content-type":""},"product_brand":[],"product_cat":[79,97],"product_tag":[],"class_list":{"0":"post-18823","1":"product","2":"type-product","3":"status-publish","4":"has-post-thumbnail","6":"product_cat-valorisation-du-biogaz","7":"product_cat-raffinage","9":"first","10":"instock","11":"taxable","12":"shipping-taxable","13":"product-type-simple"},"acf":[],"_links":{"self":[{"href":"https:\/\/biogasworld.com\/fr\/wp-json\/wp\/v2\/product\/18823","targetHints":{"allow":["GET"]}}],"collection":[{"href":"https:\/\/biogasworld.com\/fr\/wp-json\/wp\/v2\/product"}],"about":[{"href":"https:\/\/biogasworld.com\/fr\/wp-json\/wp\/v2\/types\/product"}],"wp:featuredmedia":[{"embeddable":true,"href":"https:\/\/biogasworld.com\/fr\/wp-json\/wp\/v2\/media\/18822"}],"wp:attachment":[{"href":"https:\/\/biogasworld.com\/fr\/wp-json\/wp\/v2\/media?parent=18823"}],"wp:term":[{"taxonomy":"product_brand","embeddable":true,"href":"https:\/\/biogasworld.com\/fr\/wp-json\/wp\/v2\/product_brand?post=18823"},{"taxonomy":"product_cat","embeddable":true,"href":"https:\/\/biogasworld.com\/fr\/wp-json\/wp\/v2\/product_cat?post=18823"},{"taxonomy":"product_tag","embeddable":true,"href":"https:\/\/biogasworld.com\/fr\/wp-json\/wp\/v2\/product_tag?post=18823"}],"curies":[{"name":"wp","href":"https:\/\/api.w.org\/{rel}","templated":true}]}}