{"id":18828,"date":"2018-07-24T15:21:35","date_gmt":"2018-07-24T19:29:08","guid":{"rendered":"https:\/\/www.biogasworld.com\/?post_type=product&#038;p=18828\/"},"modified":"2026-01-30T14:29:48","modified_gmt":"2026-01-30T19:29:48","slug":"veolia-produit-sulfothane","status":"publish","type":"product","link":"https:\/\/biogasworld.com\/fr\/product\/valorisation-du-biogaz\/pre-traitement\/veolia-produit-sulfothane\/","title":{"rendered":"Produit Sulfothane"},"content":{"rendered":"<h2><span style=\"color: #000daa;\">Le Sulfothane de Veolia: pour \u00e9liminer le sulfure dans le biogaz<\/span><\/h2>\n<p>L&rsquo;unit\u00e9 de d\u00e9sulfuration Sulfothane peut \u00eatre vue comme une combinaison d&rsquo;une colonne de lavage alcaline associ\u00e9e \u00e0 une production biologique de soufre \u00e9l\u00e9mentaire en combinaison avec une \u00e9tape de r\u00e9cup\u00e9ration de l&rsquo;alcalinit\u00e9.<\/p>\n<p>&nbsp;<\/p>\n<h3><span style=\"color: #000daa;\">Pourquoi \u00e9liminer les compos\u00e9s soufr\u00e9s dans le biogaz?<\/span><\/h3>\n<p dir=\"ltr\">Avant de pouvoir utiliser le biogaz, il est essentiel d&rsquo;\u00e9liminer les compos\u00e9s soufr\u00e9s, principalement pr\u00e9sents dans le biogaz sous forme de sulfure (H2S). Le soufre peut causer une corrosion s\u00e9v\u00e8re dans les chaudi\u00e8res et les moteurs qui utilisent du biogaz.<\/p>\n<p dir=\"ltr\">Le soufre est un nutriment essentiel pour les organismes vivants et se trouve par exemple dans les prot\u00e9ines. Lors de la production de biogaz, le soufre est converti biologiquement en H2S. Heureusement, des proc\u00e9d\u00e9s biologiques peuvent \u00e9galement \u00eatre utilis\u00e9s pour \u00e9liminer le H2S du biogaz.<\/p>\n<p>&nbsp;<\/p>\n<h3 dir=\"ltr\"><span style=\"color: #000daa;\"><strong>Avantages du proc\u00e9d\u00e9 SULFOTHANE<\/strong><\/span><\/h3>\n<ul dir=\"ltr\">\n<li>Consid\u00e9rable efficacit\u00e9 d&rsquo;\u00e9limination de H2S<\/li>\n<li>Aucune addition d&rsquo;air (N2 , CO2 et O2 ) dans le flux de biogaz, donc tr\u00e8s bien adapt\u00e9e \u00e0 la valorisation du biogaz sans modifier le d\u00e9bit et la composition du biogaz \u00e9pur\u00e9<\/li>\n<li>Faible encombrement<\/li>\n<li>Proc\u00e9d\u00e9 d&rsquo;\u00e9limination de l&rsquo; H2S le plus fiable et le plus robuste, applicable aux dynamiques \u00e9lev\u00e9es et aux fluctuations de la charge en S.<\/li>\n<li>Proc\u00e9dure de d\u00e9marrage tr\u00e8s rapide et stable avec un petit inoculum de biomasse<\/li>\n<li>Importantes \u00e9conomies de produits chimiques (soude caustique, charbon actif, minerai de fer) entra\u00eenant des co\u00fbts d&rsquo;exploitation beaucoup plus bas.<\/li>\n<li>Aucun risque d&rsquo;encrassement dans la colonne de l&rsquo;\u00e9purateur<\/li>\n<\/ul>\n<p>&nbsp;<\/p>\n<h3><span style=\"color: #000daa;\">Le proc\u00e9d\u00e9 du Sulfothane<\/span><\/h3>\n<p><img loading=\"lazy\" decoding=\"async\" class=\"aligncenter wp-image-24976\" src=\"https:\/\/biogasworld.com\/wp-content\/uploads\/2018\/07\/Veolia-proc\u00e9d\u00e9-sulfothane.png\" alt=\"Veolia- le proc\u00e9d\u00e9 du Sulfothane\" width=\"527\" height=\"372\" srcset=\"https:\/\/biogasworld.com\/wp-content\/uploads\/2018\/07\/Veolia-proc\u00e9d\u00e9-sulfothane.png 844w, https:\/\/biogasworld.com\/wp-content\/uploads\/2018\/07\/Veolia-proc\u00e9d\u00e9-sulfothane-250x177.png 250w\" sizes=\"auto, (max-width: 527px) 100vw, 527px\" \/><\/p>\n<p dir=\"ltr\">Le biogaz passe par une colonne d&rsquo;\u00e9puration o\u00f9 il est m\u00e9lang\u00e9 et s\u00e9par\u00e9 avec de l&rsquo;eau de lavage, \u00e9liminant ainsi l&rsquo;H2S et un peu de CO2 dans des conditions alcalines. Aucun air (O2 et N2) ne sera ajout\u00e9. Ainsi, la composition du biogaz reste pratiquement inchang\u00e9e \u00e0 l&rsquo;exception de la suppression du H2S.<\/p>\n<p dir=\"ltr\">Dans une deuxi\u00e8me \u00e9tape, l&rsquo;eau de lavage charg\u00e9e entrera dans un bior\u00e9acteur l\u00e9g\u00e8rement a\u00e9r\u00e9 dans lequel des bact\u00e9ries soufr\u00e9es a\u00e9robies oxydent tout le H2S pour produire du soufre \u00e9l\u00e9mentaire et r\u00e9cup\u00e9rer l&rsquo;alcalinit\u00e9. L&rsquo; eau de lavage libre de H2S (non charg\u00e9e) sera renvoy\u00e9e et r\u00e9utilis\u00e9e dans l&rsquo;\u00e9purateur. Les boues de soufre s\u00e9par\u00e9es seront \u00e9limin\u00e9es pour une utilisation ou une \u00e9limination ult\u00e9rieures.<\/p>\n","protected":false},"excerpt":{"rendered":"Veolia aide les collectivit\u00e9s et l\u2019industrie \u00e0 assurer la fiabilit\u00e9 de l\u2019\u00e9nergie et de l\u2019eau, \u00e0 r\u00e9pondre aux exigences r\u00e9glementaires et \u00e0 prot\u00e9ger la sant\u00e9 publique, tout en prot\u00e9geant nos ressources naturelles. Nous introduisons des sources d\u2019\u00e9nergie renouvelables et des carburants alternatifs dans le mix \u00e9nerg\u00e9tique l\u00e0 o\u00f9 c\u2019est viable.\r\n\r\nEn 2013, les solutions de Veolia ont permis d\u2019\u00e9viter 24 millions de tonnes d\u2019\u00e9missions mondiales de carbone et de convertir 38 millions de tonnes de d\u00e9chets en nouveaux mat\u00e9riaux. Dans le m\u00eame temps, nous avons produit 54 millions de m\u00e9gawattheures d\u2019\u00e9nergie et fourni des services de gestion de l\u2019eau et des eaux us\u00e9es dans plus de 8 500 installations dans le monde.","protected":false},"featured_media":18827,"template":"","meta":{"_acf_changed":false,"content-type":""},"product_brand":[],"product_cat":[79,99],"product_tag":[],"class_list":{"0":"post-18828","1":"product","2":"type-product","3":"status-publish","4":"has-post-thumbnail","6":"product_cat-valorisation-du-biogaz","7":"product_cat-pre-traitement","9":"first","10":"instock","11":"taxable","12":"shipping-taxable","13":"product-type-simple"},"acf":[],"_links":{"self":[{"href":"https:\/\/biogasworld.com\/fr\/wp-json\/wp\/v2\/product\/18828","targetHints":{"allow":["GET"]}}],"collection":[{"href":"https:\/\/biogasworld.com\/fr\/wp-json\/wp\/v2\/product"}],"about":[{"href":"https:\/\/biogasworld.com\/fr\/wp-json\/wp\/v2\/types\/product"}],"wp:featuredmedia":[{"embeddable":true,"href":"https:\/\/biogasworld.com\/fr\/wp-json\/wp\/v2\/media\/18827"}],"wp:attachment":[{"href":"https:\/\/biogasworld.com\/fr\/wp-json\/wp\/v2\/media?parent=18828"}],"wp:term":[{"taxonomy":"product_brand","embeddable":true,"href":"https:\/\/biogasworld.com\/fr\/wp-json\/wp\/v2\/product_brand?post=18828"},{"taxonomy":"product_cat","embeddable":true,"href":"https:\/\/biogasworld.com\/fr\/wp-json\/wp\/v2\/product_cat?post=18828"},{"taxonomy":"product_tag","embeddable":true,"href":"https:\/\/biogasworld.com\/fr\/wp-json\/wp\/v2\/product_tag?post=18828"}],"curies":[{"name":"wp","href":"https:\/\/api.w.org\/{rel}","templated":true}]}}