{"id":1902,"date":"2015-06-25T11:16:00","date_gmt":"2015-06-25T15:16:00","guid":{"rendered":"https:\/\/www.biogasworld.com\/?post_type=product&#038;p=1902"},"modified":"2023-03-01T16:41:30","modified_gmt":"2023-03-01T21:41:30","slug":"automatisation-par-aia","status":"publish","type":"product","link":"https:\/\/biogasworld.com\/fr\/product\/biomethanisation\/instruments-et-controle\/automates\/automatisation-par-aia\/","title":{"rendered":"Automatisation par AIA"},"content":{"rendered":"<p style=\"text-align: justify;\">Notre expertise s&rsquo;\u00e9tend \u00e0 la quasi totalit\u00e9 des syst\u00e8mes de contr\u00f4le disponible sur le march\u00e9. En effet, nous avons int\u00e9gr\u00e9 avec succ\u00e8s des syst\u00e8mes de contr\u00f4le bas\u00e9s sur les principaux manufacturiers de l\u2019industrie tel que Schneider(Modicon), Siemens, Bailey, Foxboro, Honeywell, ABB et Allen-Bradley.<\/p>\n<h3 id=\"page-title\" style=\"text-align: justify;\">Services<\/h3>\n<p style=\"text-align: justify;\"><strong>1. Avant-projets<\/strong><br \/>\na. \u00c9tude de faisabilit\u00e9<br \/>\nb. \u00c9laboration des budgets<br \/>\nc. \u00c9tude de risques<br \/>\nd. Planification de projet<\/p>\n<p style=\"text-align: justify;\"><strong>2. Conception et Ing\u00e9nierie<\/strong><br \/>\na. Conception \u00e9lectrique et instrumentation<br \/>\nb. Conception m\u00e9canique<br \/>\nc. <a href=\"http:\/\/www.aia.qc.ca\/fr\/services\/conception-des-systemes-de-controle\/\">Conception des syst\u00e8mes de contr\u00f4les<\/a><br \/>\nd. <a href=\"http:\/\/www.aia.qc.ca\/fr\/services\/architecture-de-reseaux\/\">Conception architecture de r\u00e9seau industriel<\/a><br \/>\ne. Programmation et configuration PLC, DCS et HMI<br \/>\nf. \u00c9laboration des rapports de production<br \/>\ng. Historisation des donn\u00e9es<\/p>\n<p style=\"text-align: justify;\"><strong>3. Fabrication et fourniture de mat\u00e9riel<\/strong><br \/>\na. Panneau de contr\u00f4les<br \/>\nb. Panneau de puissance<br \/>\nc. Fabrication de machines sur mesure<\/p>\n<p style=\"text-align: justify;\"><strong>4. Service en usine<\/strong><br \/>\na. Supervision de construction<br \/>\nb. Assistance de mise en route<br \/>\nc. Optimisation de proc\u00e9d\u00e9<br \/>\nd. <a href=\"http:\/\/www.aia.qc.ca\/fr\/services\/consultation-a-formation\/\">Formation<\/a><\/p>\n<hr \/>\n<p style=\"text-align: justify;\"><strong>Certifications<\/strong><br \/>\nCertifi\u00e9e ISO 9001:2008\u00a0, AIA Automation d\u00e9montre le s\u00e9rieux apport\u00e9 \u00e0 la gestion du contr\u00f4le de la qualit\u00e9 et le souci d&rsquo;une r\u00e9alisation \u00e0 la satisfaction du client, projet apr\u00e8s projet.<\/p>\n<table border=\"0\" cellspacing=\"0\" cellpadding=\"0\">\n<tbody>\n<tr style=\"text-align: justify;\">\n<td align=\"center\" valign=\"top\"><\/td>\n<td align=\"center\" valign=\"top\"><\/td>\n<td align=\"center\" valign=\"top\"><\/td>\n<\/tr>\n<tr style=\"text-align: justify;\">\n<td align=\"center\" valign=\"top\">Int\u00e9grateur enregistr\u00e9<\/td>\n<td align=\"center\" valign=\"top\">Int\u00e9grateur certifi\u00e9 Kepware<\/td>\n<td align=\"center\" valign=\"top\"><\/td>\n<\/tr>\n<\/tbody>\n<\/table>\n","protected":false},"excerpt":{"rendered":"<p style=\"text-align: justify;\">Notre expertise s&rsquo;\u00e9tend \u00e0 la quasi totalit\u00e9 des syst\u00e8mes de contr\u00f4le disponible sur le march\u00e9. En effet, nous avons int\u00e9gr\u00e9 avec succ\u00e8s des syst\u00e8mes de contr\u00f4le bas\u00e9s sur les principaux manufacturiers de l\u2019industrie tel que Schneider(Modicon), Siemens, Bailey, Foxboro, Honeywell, ABB et Allen-Bradley.<\/p>","protected":false},"featured_media":1905,"template":"","meta":{"_acf_changed":false,"content-type":""},"product_brand":[],"product_cat":[77,119,142],"product_tag":[],"class_list":{"0":"post-1902","1":"product","2":"type-product","3":"status-publish","4":"has-post-thumbnail","6":"product_cat-biomethanisation","7":"product_cat-instruments-et-controle","8":"product_cat-automates","10":"first","11":"instock","12":"taxable","13":"shipping-taxable","14":"product-type-simple"},"acf":[],"_links":{"self":[{"href":"https:\/\/biogasworld.com\/fr\/wp-json\/wp\/v2\/product\/1902","targetHints":{"allow":["GET"]}}],"collection":[{"href":"https:\/\/biogasworld.com\/fr\/wp-json\/wp\/v2\/product"}],"about":[{"href":"https:\/\/biogasworld.com\/fr\/wp-json\/wp\/v2\/types\/product"}],"wp:featuredmedia":[{"embeddable":true,"href":"https:\/\/biogasworld.com\/fr\/wp-json\/wp\/v2\/media\/1905"}],"wp:attachment":[{"href":"https:\/\/biogasworld.com\/fr\/wp-json\/wp\/v2\/media?parent=1902"}],"wp:term":[{"taxonomy":"product_brand","embeddable":true,"href":"https:\/\/biogasworld.com\/fr\/wp-json\/wp\/v2\/product_brand?post=1902"},{"taxonomy":"product_cat","embeddable":true,"href":"https:\/\/biogasworld.com\/fr\/wp-json\/wp\/v2\/product_cat?post=1902"},{"taxonomy":"product_tag","embeddable":true,"href":"https:\/\/biogasworld.com\/fr\/wp-json\/wp\/v2\/product_tag?post=1902"}],"curies":[{"name":"wp","href":"https:\/\/api.w.org\/{rel}","templated":true}]}}