{"id":19032,"date":"2018-08-01T14:15:22","date_gmt":"2018-08-01T18:21:22","guid":{"rendered":"https:\/\/www.biogasworld.com\/?post_type=product&#038;p=19032\/"},"modified":"2023-03-01T10:59:07","modified_gmt":"2023-03-01T15:59:07","slug":"lundsby-biogas-usines-de-biomethanisation","status":"publish","type":"product","link":"https:\/\/biogasworld.com\/fr\/product\/biomethanisation\/lundsby-biogas-usines-de-biomethanisation\/","title":{"rendered":"LUNDSBY Biogas &#8211; Usines de biom\u00e9thanisation"},"content":{"rendered":"","protected":false},"excerpt":{"rendered":"Nos usines de biom\u00e9thanisation poss\u00e8dent une\u00a0conception flexible qui permet au producteur d\u2019utiliser\u00a0plusieurs\u00a0types diff\u00e9rents de biomasse pendant la production de biogaz. Nous sommes sp\u00e9cialis\u00e9s dans la production de gaz \u00e0 partir de tous les\u00a0types de r\u00e9sidus organiques, ce qui permet de r\u00e9duire le co\u00fbt de la mati\u00e8re premi\u00e8re et d&rsquo;optimiser la production \u00e9conomique totale de votre usine.","protected":false},"featured_media":19029,"template":"","meta":{"_acf_changed":false,"content-type":""},"product_brand":[],"product_cat":[145,77],"product_tag":[],"class_list":{"0":"post-19032","1":"product","2":"type-product","3":"status-publish","4":"has-post-thumbnail","6":"product_cat-anaerobic-digestion","7":"product_cat-biomethanisation","9":"first","10":"instock","11":"taxable","12":"shipping-taxable","13":"product-type-simple"},"acf":[],"_links":{"self":[{"href":"https:\/\/biogasworld.com\/fr\/wp-json\/wp\/v2\/product\/19032","targetHints":{"allow":["GET"]}}],"collection":[{"href":"https:\/\/biogasworld.com\/fr\/wp-json\/wp\/v2\/product"}],"about":[{"href":"https:\/\/biogasworld.com\/fr\/wp-json\/wp\/v2\/types\/product"}],"wp:featuredmedia":[{"embeddable":true,"href":"https:\/\/biogasworld.com\/fr\/wp-json\/wp\/v2\/media\/19029"}],"wp:attachment":[{"href":"https:\/\/biogasworld.com\/fr\/wp-json\/wp\/v2\/media?parent=19032"}],"wp:term":[{"taxonomy":"product_brand","embeddable":true,"href":"https:\/\/biogasworld.com\/fr\/wp-json\/wp\/v2\/product_brand?post=19032"},{"taxonomy":"product_cat","embeddable":true,"href":"https:\/\/biogasworld.com\/fr\/wp-json\/wp\/v2\/product_cat?post=19032"},{"taxonomy":"product_tag","embeddable":true,"href":"https:\/\/biogasworld.com\/fr\/wp-json\/wp\/v2\/product_tag?post=19032"}],"curies":[{"name":"wp","href":"https:\/\/api.w.org\/{rel}","templated":true}]}}