{"id":1911,"date":"2015-06-25T13:34:00","date_gmt":"2015-06-25T17:34:00","guid":{"rendered":"https:\/\/www.biogasworld.com\/?post_type=product&#038;p=1911"},"modified":"2023-03-01T16:41:36","modified_gmt":"2023-03-01T21:41:36","slug":"debitmetre-a-biogaz-par-endresshauser","status":"publish","type":"product","link":"https:\/\/biogasworld.com\/fr\/product\/biomethanisation\/instruments-et-controle\/instrumentation\/debitmetre-a-biogaz-par-endresshauser\/","title":{"rendered":"D\u00e9bitm\u00e8tre \u00e0 biogaz Endress+Hauser"},"content":{"rendered":"<h1>D\u00e9bitm\u00e8tre volumique pour la mesure du biogaz par Endress+Hauser<\/h1>\n<p style=\"text-align: justify;\">Le Prosonic Flow B 200 a \u00e9t\u00e9 con\u00e7u sp\u00e9cialement pour l&rsquo;industrie du <span class=\"euh-highlight\">biogaz<\/span>. Il mesure le d<strong>\u00e9bit massique du <span class=\"euh-highlight\">biogaz<\/span><\/strong>, du gaz de d\u00e9charge ou de digestion avec une pr\u00e9cision \u00e9lev\u00e9e, m\u00eame sous des conditions de process fortement fluctuantes. De plus, le Prosonic Flow B 200 mesure la <strong>teneur en m\u00e9thane<\/strong> in-situ. Cette caract\u00e9ristique unique permet la mesure continue du d\u00e9bit de gaz mais \u00e9galement de la qualit\u00e9 du gaz.<\/p>\n<p style=\"text-align: justify;\"><strong>Avantages<\/strong><\/p>\n<ul>\n<li class=\"h h3\">Mesure en temps r\u00e9el de la teneur en m\u00e9thane int\u00e9gr\u00e9e<\/li>\n<li>Optimis\u00e9 pour les gaz basse pression \u2013 construction de capteur sp\u00e9cifique<\/li>\n<li>Pas de perte de charge suppl\u00e9mentaire \u2013 construction \u00e0 passage int\u00e9gral<\/li>\n<li>Transparence du process \u2013 capacit\u00e9 de diagnostic<\/li>\n<li>C\u00e2blage ais\u00e9 de l&rsquo;appareil \u2013 compartiment de raccordement s\u00e9par\u00e9<\/li>\n<li>Utilisation s\u00fbre \u2013 ouverture de l&rsquo;appareil inutile gr\u00e2ce \u00e0 l&rsquo;affichage avec commande tactile, r\u00e9tro\u00e9clairage<\/li>\n<li>R\u00e9cup\u00e9ration automatique de donn\u00e9es pour la maintenance<\/li>\n<\/ul>\n<p><b>Caract\u00e9ristiques de l&rsquo;appareil<\/b><\/p>\n<ul class=\"list\">\n<li>Appareil multivariable : d\u00e9bit, temp\u00e9rature et taux de m\u00e9thane<\/li>\n<li>Temp\u00e9rature du produit : 0 \u00e0 80 \u00b0C (32 \u00e0 176 \u00b0F)<\/li>\n<li>Pression de process : -0,2 \u00e0 10 bar<\/li>\n<li>Diam\u00e8tre nominal : entre 2 et 8 pouces<\/li>\n<li>Bo\u00eetier robuste \u00e0 double compartiment<\/li>\n<li>S\u00e9curit\u00e9 des installations : agr\u00e9ments internationaux (SIL, zone explosible)<\/li>\n<\/ul>\n<hr \/>\n<p>&nbsp;<\/p>\n<p style=\"text-align: center;\">Tous les d\u00e9tails :\u00a0<a href=\"https:\/\/biogasworld.com\/wp-content\/uploads\/2015\/06\/B200_brochure.pdf\">B200_brochure<\/a><\/p>\n","protected":false},"excerpt":{"rendered":"<p style=\"text-align: justify;\">Le Prosonic Flow B 200 a \u00e9t\u00e9 con\u00e7u sp\u00e9cialement pour l&rsquo;industrie du <span class=\"euh-highlight\">biogaz<\/span>. Il mesure le d\u00e9bit massique du <span class=\"euh-highlight\">biogaz<\/span>, du gaz de d\u00e9charge ou de digestion avec une pr\u00e9cision \u00e9lev\u00e9e, m\u00eame sous des conditions de process fortement fluctuantes. De plus, le Prosonic Flow B 200 mesure la teneur en m\u00e9thane in-situ. Cette caract\u00e9ristique unique permet la mesure continue du d\u00e9bit de gaz mais \u00e9galement de la qualit\u00e9 du gaz.<\/p>","protected":false},"featured_media":1912,"template":"","meta":{"_acf_changed":false,"content-type":""},"product_brand":[],"product_cat":[77,143,119],"product_tag":[],"class_list":{"0":"post-1911","1":"product","2":"type-product","3":"status-publish","4":"has-post-thumbnail","6":"product_cat-biomethanisation","7":"product_cat-instrumentation","8":"product_cat-instruments-et-controle","10":"first","11":"instock","12":"taxable","13":"shipping-taxable","14":"product-type-simple"},"acf":[],"_links":{"self":[{"href":"https:\/\/biogasworld.com\/fr\/wp-json\/wp\/v2\/product\/1911","targetHints":{"allow":["GET"]}}],"collection":[{"href":"https:\/\/biogasworld.com\/fr\/wp-json\/wp\/v2\/product"}],"about":[{"href":"https:\/\/biogasworld.com\/fr\/wp-json\/wp\/v2\/types\/product"}],"wp:featuredmedia":[{"embeddable":true,"href":"https:\/\/biogasworld.com\/fr\/wp-json\/wp\/v2\/media\/1912"}],"wp:attachment":[{"href":"https:\/\/biogasworld.com\/fr\/wp-json\/wp\/v2\/media?parent=1911"}],"wp:term":[{"taxonomy":"product_brand","embeddable":true,"href":"https:\/\/biogasworld.com\/fr\/wp-json\/wp\/v2\/product_brand?post=1911"},{"taxonomy":"product_cat","embeddable":true,"href":"https:\/\/biogasworld.com\/fr\/wp-json\/wp\/v2\/product_cat?post=1911"},{"taxonomy":"product_tag","embeddable":true,"href":"https:\/\/biogasworld.com\/fr\/wp-json\/wp\/v2\/product_tag?post=1911"}],"curies":[{"name":"wp","href":"https:\/\/api.w.org\/{rel}","templated":true}]}}