{"id":1917,"date":"2015-06-25T14:30:29","date_gmt":"2015-06-25T18:30:29","guid":{"rendered":"https:\/\/www.biogasworld.com\/?post_type=product&#038;p=1917"},"modified":"2016-06-08T14:53:02","modified_gmt":"2016-06-08T18:53:02","slug":"digesteur-pilote-de-ccnb","status":"publish","type":"product","link":"https:\/\/biogasworld.com\/fr\/product\/biomethanisation\/digesteurs-petite-echelle\/digesteur-pilote-de-ccnb\/","title":{"rendered":"Digesteur pilote CCNB"},"content":{"rendered":"<h1>Digesteur pilote de CCNB<\/h1>\n<p style=\"text-align: justify;\">Le digesteur pilote permet l&rsquo;optimisation du proc\u00e9d\u00e9 de biom\u00e9thanisation pleine \u00e9chelle en permettant de voir l&rsquo;effet des intrants et des param\u00e8tres d&rsquo;op\u00e9rations sur la production de biogaz. Le pilotage peut \u00eatre utilis\u00e9 en conception pour bien dimensionner l&rsquo;usine ou en op\u00e9ration pour voir l&rsquo;effet d&rsquo;une modification au proc\u00e9d\u00e9.<\/p>\n<p style=\"text-align: justify;\">L&rsquo;\u00e9quipe du CCNB offre un support scientifique dans la r\u00e9gion Atlantique canadienne.<\/p>\n<p><em><strong>Analyses en laboratoire<\/strong><\/em><\/p>\n<ul>\n<li>Chromatographe en phase liquide \u00e0 haute performance (HPLC-DAD)<\/li>\n<li>Chromatographe en phase gazeuse (GC-FID-MS)<\/li>\n<li>Spectrophotom\u00e8tres (NIR, UV)<\/li>\n<li>Densitom\u00e8tres<\/li>\n<li>Titreurs<\/li>\n<li>Kjeldahl (appareil pour mesurer le taux d\u2019azote dans la mati\u00e8re organique)<\/li>\n<li>Microscopes haute pr\u00e9cision avec cam\u00e9ra<\/li>\n<li>Sondes (oxyg\u00e8ne dissous, pH, conductivit\u00e9, etc.)<\/li>\n<\/ul>\n<blockquote>\n<p style=\"text-align: center;\">Contactez le CCNB pour conna\u00eetre les disponibilit\u00e9s de l&rsquo;usine pilote<\/p>\n<\/blockquote>\n","protected":false},"excerpt":{"rendered":"<p style=\"text-align: justify;\">Le digesteur pilote permet l&rsquo;optimisation du proc\u00e9d\u00e9 de biom\u00e9thanisation pleine \u00e9chelle en permettant de voir l&rsquo;effet des intrants et des param\u00e8tres d&rsquo;op\u00e9rations sur la production de biogaz. Le pilotage peut \u00eatre utilis\u00e9 en conception pour bien dimensionner l&rsquo;usine ou en op\u00e9ration pour voir l&rsquo;effet d&rsquo;une modification au proc\u00e9d\u00e9.<\/p>\r\n<p style=\"text-align: justify;\">L&rsquo;\u00e9quipe du CCNB offre un support scientifique dans la r\u00e9gion Atlantique canadienne.<\/p>","protected":false},"featured_media":1920,"template":"","meta":{"_acf_changed":false,"content-type":""},"product_brand":[],"product_cat":[77,140],"product_tag":[],"class_list":{"0":"post-1917","1":"product","2":"type-product","3":"status-publish","4":"has-post-thumbnail","6":"product_cat-biomethanisation","7":"product_cat-digesteurs-petite-echelle","9":"first","10":"instock","11":"taxable","12":"shipping-taxable","13":"product-type-simple"},"acf":[],"_links":{"self":[{"href":"https:\/\/biogasworld.com\/fr\/wp-json\/wp\/v2\/product\/1917","targetHints":{"allow":["GET"]}}],"collection":[{"href":"https:\/\/biogasworld.com\/fr\/wp-json\/wp\/v2\/product"}],"about":[{"href":"https:\/\/biogasworld.com\/fr\/wp-json\/wp\/v2\/types\/product"}],"wp:featuredmedia":[{"embeddable":true,"href":"https:\/\/biogasworld.com\/fr\/wp-json\/wp\/v2\/media\/1920"}],"wp:attachment":[{"href":"https:\/\/biogasworld.com\/fr\/wp-json\/wp\/v2\/media?parent=1917"}],"wp:term":[{"taxonomy":"product_brand","embeddable":true,"href":"https:\/\/biogasworld.com\/fr\/wp-json\/wp\/v2\/product_brand?post=1917"},{"taxonomy":"product_cat","embeddable":true,"href":"https:\/\/biogasworld.com\/fr\/wp-json\/wp\/v2\/product_cat?post=1917"},{"taxonomy":"product_tag","embeddable":true,"href":"https:\/\/biogasworld.com\/fr\/wp-json\/wp\/v2\/product_tag?post=1917"}],"curies":[{"name":"wp","href":"https:\/\/api.w.org\/{rel}","templated":true}]}}