{"id":1930,"date":"2015-06-25T15:19:43","date_gmt":"2015-06-25T19:19:43","guid":{"rendered":"https:\/\/www.biogasworld.com\/?post_type=product&#038;p=1930"},"modified":"2023-03-01T16:41:45","modified_gmt":"2023-03-01T21:41:45","slug":"biofiltre-par-biorem","status":"publish","type":"product","link":"https:\/\/biogasworld.com\/fr\/product\/biomethanisation\/traitement-des-odeurs\/traitement-biologique-2\/biofiltre-par-biorem\/","title":{"rendered":"Biofiltre Biorem"},"content":{"rendered":"<p style=\"text-align: justify;\">Biorem offre des solutions biologique pour le retrait des odeurs, H2S, COV et HAPs.<\/p>\n<p style=\"text-align: justify;\">Les divers syst\u00e8mes mobiles et fixes de Biorem peuvent traiter entre 100 cfm \u00e0 500 000 cfm ( 170 \u00e0 850 000 m\u00b3\/h). Les biolfiltres utilisent des m\u00e9dias permanent brevet\u00e9s qui sont garanties 10 ans (Biosorbens\u00ae and XLD\u00ae ).<\/p>\n<p style=\"text-align: justify;\"><strong>Sp\u00e9cifications<\/strong><\/p>\n<ul>\n<li style=\"text-align: justify;\">Mat\u00e9riel du r\u00e9acteur : b\u00e9ton, acier inoxydable ou FRP<\/li>\n<li style=\"text-align: justify;\">Conception adaptable aux besoins<\/li>\n<li style=\"text-align: justify;\">Faible co\u00fbt d&rsquo;installation (pr\u00e9fabriqu\u00e9 en usine)<\/li>\n<li style=\"text-align: justify;\"><strong>Retrait de 99% du H2S et 90% des odeurs<\/strong><\/li>\n<li style=\"text-align: justify;\">Aucun produit chimique agressif<\/li>\n<li style=\"text-align: justify;\">Espace au sol r\u00e9duit de 70% en comparaison\u00a0aux biofiltres conventionnels<\/li>\n<\/ul>\n","protected":false},"excerpt":{"rendered":"<p style=\"text-align: justify;\">Biorem offre des solutions biologique pour le retrait des odeurs, H2S, COV et HAPs.<\/p>\r\n<p style=\"text-align: justify;\">Les divers syst\u00e8mes mobiles et fixes de Biorem peuvent traiter entre 100 cfm \u00e0 500 000 cfm ( 170 \u00e0 850 000 m\u00b3\/h). Les biolfiltres utilisent des m\u00e9dias permanent brevet\u00e9s qui sont garanties 10 ans (Biosorbens\u00ae and XLD\u00ae ).<\/p>","protected":false},"featured_media":1941,"template":"","meta":{"_acf_changed":false,"content-type":""},"product_brand":[],"product_cat":[77,121,137,99],"product_tag":[],"class_list":{"0":"post-1930","1":"product","2":"type-product","3":"status-publish","4":"has-post-thumbnail","6":"product_cat-biomethanisation","7":"product_cat-traitement-des-odeurs","8":"product_cat-traitement-biologique-2","9":"product_cat-pre-traitement","11":"first","12":"instock","13":"taxable","14":"shipping-taxable","15":"product-type-simple"},"acf":[],"_links":{"self":[{"href":"https:\/\/biogasworld.com\/fr\/wp-json\/wp\/v2\/product\/1930","targetHints":{"allow":["GET"]}}],"collection":[{"href":"https:\/\/biogasworld.com\/fr\/wp-json\/wp\/v2\/product"}],"about":[{"href":"https:\/\/biogasworld.com\/fr\/wp-json\/wp\/v2\/types\/product"}],"wp:featuredmedia":[{"embeddable":true,"href":"https:\/\/biogasworld.com\/fr\/wp-json\/wp\/v2\/media\/1941"}],"wp:attachment":[{"href":"https:\/\/biogasworld.com\/fr\/wp-json\/wp\/v2\/media?parent=1930"}],"wp:term":[{"taxonomy":"product_brand","embeddable":true,"href":"https:\/\/biogasworld.com\/fr\/wp-json\/wp\/v2\/product_brand?post=1930"},{"taxonomy":"product_cat","embeddable":true,"href":"https:\/\/biogasworld.com\/fr\/wp-json\/wp\/v2\/product_cat?post=1930"},{"taxonomy":"product_tag","embeddable":true,"href":"https:\/\/biogasworld.com\/fr\/wp-json\/wp\/v2\/product_tag?post=1930"}],"curies":[{"name":"wp","href":"https:\/\/api.w.org\/{rel}","templated":true}]}}