{"id":19422,"date":"2018-09-10T21:36:24","date_gmt":"2018-09-11T01:36:24","guid":{"rendered":"https:\/\/www.biogasworld.com\/?post_type=product&#038;p=19422\/"},"modified":"2023-03-01T10:59:54","modified_gmt":"2023-03-01T15:59:54","slug":"explorair-analyse-de-biogaz","status":"publish","type":"product","link":"https:\/\/biogasworld.com\/fr\/product\/biomethanisation\/instruments-et-controle\/analyseurs-de-biogaz\/explorair-analyse-de-biogaz\/","title":{"rendered":"Explorair &#8211; Analyse de Biogaz"},"content":{"rendered":"","protected":false},"excerpt":{"rendered":"Parmi les analyses que nous proposons, les\u00a0types suivants nous sont fr\u00e9quemment command\u00e9s : Siloxanes, H2S, COV totaux, Gaz permanents (CH4, CO2, N2, O2, CO, H2), COV (compos\u00e9s organique volatiles) par screening, teneur en eau, Fluor et Chlore, Soufre total&#8230;\r\n\r\nNous exp\u00e9dions un\u00a0\u00e9quipement de soutien \u00e0 nos clients (sac T\u00e9dlar) pour lui permettre de r\u00e9aliser lui-m\u00eame son pr\u00e9l\u00e8vement. Le client nous exp\u00e9die ensuite son \u00e9chantillon, qui est analys\u00e9 \u00e0 notre laboratoire bas\u00e9 en r\u00e9gion lyonnaise. Certains clients nous demandent parfois de conduire des analyses directement sur les lieux, en semi-continu. Ces analyses sont r\u00e9alis\u00e9es par \u00b5GC\/MS, ou par \u00b5GC\/TCD (selon les compos\u00e9s recherch\u00e9s et les limites de quantifications vis\u00e9es), pour la dur\u00e9e que souhaite notre client (g\u00e9n\u00e9ralement 3 ou 5 jours cons\u00e9cutifs). Cette technologie nous permet de mesurer les gaz permanents (CH4, CO2, N2, O2, CO, H2), ainsi que l&rsquo;H2S, et les COV (pr\u00e9sents \u00e0 plus de 1 ppm) gr\u00e2ce \u00e0 la r\u00e9alisation d&rsquo;une analyse toutes les 5 minutes. Elle permet d&rsquo;appr\u00e9hender la stabilit\u00e9 du biogaz dans le temps, et de mesurer pr\u00e9cis\u00e9ment les \u00e9carts jour-nuit.","protected":false},"featured_media":19423,"template":"","meta":{"_acf_changed":false,"content-type":""},"product_brand":[],"product_cat":[119,460,409],"product_tag":[],"class_list":{"0":"post-19422","1":"product","2":"type-product","3":"status-publish","4":"has-post-thumbnail","6":"product_cat-instruments-et-controle","7":"product_cat-analyseurs-de-biogaz","8":"product_cat-services-de-laboratoire","10":"first","11":"instock","12":"taxable","13":"shipping-taxable","14":"product-type-simple"},"acf":[],"_links":{"self":[{"href":"https:\/\/biogasworld.com\/fr\/wp-json\/wp\/v2\/product\/19422","targetHints":{"allow":["GET"]}}],"collection":[{"href":"https:\/\/biogasworld.com\/fr\/wp-json\/wp\/v2\/product"}],"about":[{"href":"https:\/\/biogasworld.com\/fr\/wp-json\/wp\/v2\/types\/product"}],"wp:featuredmedia":[{"embeddable":true,"href":"https:\/\/biogasworld.com\/fr\/wp-json\/wp\/v2\/media\/19423"}],"wp:attachment":[{"href":"https:\/\/biogasworld.com\/fr\/wp-json\/wp\/v2\/media?parent=19422"}],"wp:term":[{"taxonomy":"product_brand","embeddable":true,"href":"https:\/\/biogasworld.com\/fr\/wp-json\/wp\/v2\/product_brand?post=19422"},{"taxonomy":"product_cat","embeddable":true,"href":"https:\/\/biogasworld.com\/fr\/wp-json\/wp\/v2\/product_cat?post=19422"},{"taxonomy":"product_tag","embeddable":true,"href":"https:\/\/biogasworld.com\/fr\/wp-json\/wp\/v2\/product_tag?post=19422"}],"curies":[{"name":"wp","href":"https:\/\/api.w.org\/{rel}","templated":true}]}}