{"id":1946,"date":"2015-06-26T09:03:56","date_gmt":"2015-06-26T13:03:56","guid":{"rendered":"https:\/\/www.biogasworld.com\/?post_type=product&#038;p=1946"},"modified":"2023-03-01T16:41:51","modified_gmt":"2023-03-01T21:41:51","slug":"station-gnc-par-gain","status":"publish","type":"product","link":"https:\/\/biogasworld.com\/fr\/product\/transport-au-gaz-naturel\/gnc\/station\/station-gnc-par-gain\/","title":{"rendered":"Station GNC Gain"},"content":{"rendered":"<h3>Station GNC\u00a0par Gain<\/h3>\n<p style=\"text-align: justify;\">Gain Clean Fuel offre des stations cl\u00e9-en-main au gaz naturel compress\u00e9 (GNC). L&rsquo;entreprise a b\u00e2tie plus de 100 installations au \u00c9tats-Unis et en 2015 Gain Clean Fuel s&rsquo;\u00e9tendra au Canada avec deux stations (Mississauga, ON et Coteaux-du-Lac, QC).<\/p>\n<div class=\"row\">\n<div id=\"interior-headline\" class=\"twelvecol last\">\n<div id=\"left\" class=\"advantage-box\">\n<div class=\"advantage-content\">\n<p><strong>\u00c9conomie garantie<\/strong><\/p>\n<ul>\n<li>Jusqu&rsquo;\u00e0 60% de r\u00e9duction en co\u00fbt de carburant<\/li>\n<li>Labor savings through optimal location and optimization of the filling equipment<\/li>\n<li>R\u00e9ductioin des \u00e9missions polluantes<\/li>\n<\/ul>\n<\/div>\n<\/div>\n<div id=\"middle\" class=\"advantage-box\">\n<div class=\"advantage-content\"><strong>Optimisation de la station<\/strong><\/div>\n<div class=\"advantage-content\">\n<ul>\n<li>Emplacement strat\u00e9gique des stations<\/li>\n<li>Cl\u00e9-en-main<\/li>\n<li>R\u00e9seau d&rsquo;expert dans plus de 700 localisations<\/li>\n<li>Plus de 100 sites construit<\/li>\n<li>Support 24\/7\/365<\/li>\n<li>\u00c9quipement derni\u00e8re g\u00e9n\u00e9ration en mati\u00e8re de remplissage rapide<\/li>\n<\/ul>\n<\/div>\n<\/div>\n<div id=\"right\" class=\"advantage-box\">\n<div class=\"advantage-content\"><strong>Aucun risque<\/strong><\/div>\n<div class=\"advantage-content\">\n<ul>\n<li>Financement des stations \u00e0 100% par Gain<\/li>\n<li>Assistance \u00e0 la conversion des v\u00e9hicules<\/li>\n<li>Les \u00e9conomies d\u00e9butent le premier jour<\/li>\n<\/ul>\n<hr \/>\n<\/div>\n<p>&nbsp;<\/p>\n<\/div>\n<\/div>\n<div class=\"clear\">\u00a0<a href=\"https:\/\/biogasworld.com\/wp-content\/uploads\/2015\/06\/map1.png\"><img loading=\"lazy\" decoding=\"async\" class=\"aligncenter size-full wp-image-1953\" src=\"https:\/\/biogasworld.com\/wp-content\/uploads\/2015\/06\/map1.png\" alt=\"map\" width=\"1641\" height=\"1323\" srcset=\"https:\/\/biogasworld.com\/wp-content\/uploads\/2015\/06\/map1.png 1641w, https:\/\/biogasworld.com\/wp-content\/uploads\/2015\/06\/map1-250x202.png 250w, https:\/\/biogasworld.com\/wp-content\/uploads\/2015\/06\/map1-1270x1024.png 1270w\" sizes=\"auto, (max-width: 1641px) 100vw, 1641px\" \/><\/a><\/div>\n<\/div>\n<div id=\"savings-container\" class=\"row\"><\/div>\n<div class=\"row gain-the-advantage\"><\/div>\n","protected":false},"excerpt":{"rendered":"Gain Clean Fuel offre des stations cl\u00e9-en-main au gaz naturel compress\u00e9 (GNC). L&rsquo;entreprise a b\u00e2tie plus de 100 installations au \u00c9tats-Unis et en 2015 Gain Clean Fuel s&rsquo;\u00e9tendra au Canada avec deux stations (Mississauga, ON et Coteaux-du-Lac, QC).","protected":false},"featured_media":1949,"template":"","meta":{"_acf_changed":false,"content-type":""},"product_brand":[],"product_cat":[78,100,106],"product_tag":[],"class_list":{"0":"post-1946","1":"product","2":"type-product","3":"status-publish","4":"has-post-thumbnail","6":"product_cat-transport-au-gaz-naturel","7":"product_cat-gnc","8":"product_cat-station","10":"first","11":"instock","12":"taxable","13":"shipping-taxable","14":"product-type-simple"},"acf":[],"_links":{"self":[{"href":"https:\/\/biogasworld.com\/fr\/wp-json\/wp\/v2\/product\/1946","targetHints":{"allow":["GET"]}}],"collection":[{"href":"https:\/\/biogasworld.com\/fr\/wp-json\/wp\/v2\/product"}],"about":[{"href":"https:\/\/biogasworld.com\/fr\/wp-json\/wp\/v2\/types\/product"}],"wp:featuredmedia":[{"embeddable":true,"href":"https:\/\/biogasworld.com\/fr\/wp-json\/wp\/v2\/media\/1949"}],"wp:attachment":[{"href":"https:\/\/biogasworld.com\/fr\/wp-json\/wp\/v2\/media?parent=1946"}],"wp:term":[{"taxonomy":"product_brand","embeddable":true,"href":"https:\/\/biogasworld.com\/fr\/wp-json\/wp\/v2\/product_brand?post=1946"},{"taxonomy":"product_cat","embeddable":true,"href":"https:\/\/biogasworld.com\/fr\/wp-json\/wp\/v2\/product_cat?post=1946"},{"taxonomy":"product_tag","embeddable":true,"href":"https:\/\/biogasworld.com\/fr\/wp-json\/wp\/v2\/product_tag?post=1946"}],"curies":[{"name":"wp","href":"https:\/\/api.w.org\/{rel}","templated":true}]}}