{"id":1969,"date":"2015-06-26T09:57:29","date_gmt":"2015-06-26T13:57:29","guid":{"rendered":"https:\/\/www.biogasworld.com\/?post_type=product&#038;p=1969"},"modified":"2025-08-21T12:01:35","modified_gmt":"2025-08-21T16:01:35","slug":"distributrice-gnc-par-angi","status":"publish","type":"product","link":"https:\/\/biogasworld.com\/fr\/product\/transport-au-gaz-naturel\/gnc\/distributrices-et-ravitaillement\/distributrice-gnc-par-angi\/","title":{"rendered":"Distributrice GNC"},"content":{"rendered":"<h2><span style=\"color: #000daa;\">Distributrice GNC par ANGI<\/span><\/h2>\n<p>ANGI Energy offre plusieurs options de distributrice de GNC, que ce soit pour des tuyaux simples ou doubles. Le logiciel du distributeur fournit des fonctions de s\u00e9quence ind\u00e9pendantes pour chaque tuyau. Chaque distributeur offre une mesure du d\u00e9bit massique pr\u00e9cise, des vannes de s\u00e9quen\u00e7age \u00e9lectronique, un grand \u00e9cran LCD d&rsquo;une bonne grandeur et valeur et un clavier d&rsquo;interface op\u00e9rateur facile \u00e0 utiliser.<\/p>\n<p>&nbsp;<\/p>\n<h3><strong>Sp\u00e9cifications<\/strong><\/h3>\n<ul>\n<li>Conception 1 ou 2 tuyaux de distribution<\/li>\n<li>S\u00e9quen\u00e7age \u00e0 1, 2 ou 3 banques<\/li>\n<li>Mesure par d\u00e9bitm\u00e8tre massique Coriolis<\/li>\n<li>Contr\u00f4leur de microprocesseur interne<\/li>\n<li>Compensation \u00e9lectronique de la temp\u00e9rature et s\u00e9quen\u00e7age<\/li>\n<li>Buse d&rsquo;alimentation pour VGN de type 1 ou 2<\/li>\n<li>Certifi\u00e9 pour les poids et mesures<\/li>\n<li>Distributeurs de transit \u00e0 haut d\u00e9bit disponibles<\/li>\n<\/ul>\n<p>Pour plus d&rsquo;information, visitez le <a href=\"http:\/\/www.angienergy.com\/products\/ngv-refueling-systems\/dispensers\" target=\"_blank\" rel=\"noopener noreferrer\">site web de ANGI.<\/a><\/p>\n","protected":false},"excerpt":{"rendered":"Bas\u00e9 aux \u00c9tats-Unis, ANGI Energy Systems fabrique des \u00e9quipements de compression de gaz de haute qualit\u00e9 et est \u00e9galement un chef de file en mati\u00e8re d&rsquo;\u00e9quipements et de syst\u00e8mes de ravitaillement en gaz naturel comprim\u00e9 (GNV).","protected":false},"featured_media":1972,"template":"","meta":{"_acf_changed":false,"content-type":""},"product_brand":[],"product_cat":[78,100,109],"product_tag":[],"class_list":{"0":"post-1969","1":"product","2":"type-product","3":"status-publish","4":"has-post-thumbnail","6":"product_cat-transport-au-gaz-naturel","7":"product_cat-gnc","8":"product_cat-distributrices-et-ravitaillement","10":"first","11":"instock","12":"taxable","13":"shipping-taxable","14":"product-type-simple"},"acf":[],"_links":{"self":[{"href":"https:\/\/biogasworld.com\/fr\/wp-json\/wp\/v2\/product\/1969","targetHints":{"allow":["GET"]}}],"collection":[{"href":"https:\/\/biogasworld.com\/fr\/wp-json\/wp\/v2\/product"}],"about":[{"href":"https:\/\/biogasworld.com\/fr\/wp-json\/wp\/v2\/types\/product"}],"wp:featuredmedia":[{"embeddable":true,"href":"https:\/\/biogasworld.com\/fr\/wp-json\/wp\/v2\/media\/1972"}],"wp:attachment":[{"href":"https:\/\/biogasworld.com\/fr\/wp-json\/wp\/v2\/media?parent=1969"}],"wp:term":[{"taxonomy":"product_brand","embeddable":true,"href":"https:\/\/biogasworld.com\/fr\/wp-json\/wp\/v2\/product_brand?post=1969"},{"taxonomy":"product_cat","embeddable":true,"href":"https:\/\/biogasworld.com\/fr\/wp-json\/wp\/v2\/product_cat?post=1969"},{"taxonomy":"product_tag","embeddable":true,"href":"https:\/\/biogasworld.com\/fr\/wp-json\/wp\/v2\/product_tag?post=1969"}],"curies":[{"name":"wp","href":"https:\/\/api.w.org\/{rel}","templated":true}]}}