{"id":1987,"date":"2015-06-29T09:23:02","date_gmt":"2015-06-29T13:23:02","guid":{"rendered":"https:\/\/www.biogasworld.com\/?post_type=product&#038;p=1987"},"modified":"2023-03-01T16:47:00","modified_gmt":"2023-03-01T21:47:00","slug":"reservoir-gnl-pour-camion-par-wesport","status":"publish","type":"product","link":"https:\/\/biogasworld.com\/fr\/product\/transport-au-gaz-naturel\/gnl\/reservoir-gnl-pour-camion-par-wesport\/","title":{"rendered":"R\u00e9servoir GNL Wesport"},"content":{"rendered":"<h1>R\u00e9servoir GNL pour\u00a0camion par Wesport : Syst\u00e8me ICE PACK\u2122<\/h1>\n<blockquote><p>Le meilleur syst\u00e8me de r\u00e9servoir de GNL pour les moteurs \u00e0 allumage par bougie<\/p><\/blockquote>\n<p style=\"text-align: center;\">85&Prime; de long, 26&Prime; de large et pour un poids de 900 lb<\/p>\n<p><a href=\"https:\/\/biogasworld.com\/wp-content\/uploads\/2015\/06\/affiche1.png\"><img loading=\"lazy\" decoding=\"async\" class=\" wp-image-1988 aligncenter\" src=\"https:\/\/biogasworld.com\/wp-content\/uploads\/2015\/06\/affiche1.png\" alt=\"affiche1\" width=\"186\" height=\"145\" srcset=\"https:\/\/biogasworld.com\/wp-content\/uploads\/2015\/06\/affiche1.png 266w, https:\/\/biogasworld.com\/wp-content\/uploads\/2015\/06\/affiche1-250x195.png 250w\" sizes=\"auto, (max-width: 186px) 100vw, 186px\" \/><\/a><a href=\"https:\/\/biogasworld.com\/wp-content\/uploads\/2015\/06\/stats1.png\"><img loading=\"lazy\" decoding=\"async\" class=\"aligncenter wp-image-1992\" src=\"https:\/\/biogasworld.com\/wp-content\/uploads\/2015\/06\/stats1.png\" alt=\"stats1\" width=\"528\" height=\"383\" srcset=\"https:\/\/biogasworld.com\/wp-content\/uploads\/2015\/06\/stats1.png 714w, https:\/\/biogasworld.com\/wp-content\/uploads\/2015\/06\/stats1-250x181.png 250w\" sizes=\"auto, (max-width: 528px) 100vw, 528px\" \/><\/a><\/p>\n<p>&nbsp;<\/p>\n<hr \/>\n<p><strong>Avantages<\/strong><\/p>\n<ul>\n<li>Pression de carburant assur\u00e9e<\/li>\n<li>Autonomie accrue<\/li>\n<li>Syst\u00e8me moins lourds que le GNC<\/li>\n<li>Ravitaillement plus rapide et flexible<\/li>\n<li>Temps de r\u00e9tention prolong\u00e9 \u00e0 10 jours (comparativement \u00e0 5 jours)<\/li>\n<\/ul>\n<hr \/>\n<p><strong>Garantie<\/strong> : 1 an\/ 160 000 km<\/p>\n<p><strong>Meilleur compatibilit\u00e9<\/strong> : Moteurs Cummins Westport ISL G et ISX12 G<\/p>\n<hr \/>\n<p style=\"text-align: center;\">Tous les d\u00e9tails :\u00a0<a href=\"https:\/\/biogasworld.com\/wp-content\/uploads\/2015\/06\/Brochure_FR_ICE-PACK.pdf\">Brochure_FR_ICE PACK<\/a><\/p>\n","protected":false},"excerpt":{"rendered":"<p style=\"text-align: justify;\">Syst\u00e8me ICE PACK\u2122 :\u00a0Le meilleur syst\u00e8me de r\u00e9servoir de GNL pour les moteurs \u00e0 allumage par bougie<\/p>","protected":false},"featured_media":1996,"template":"","meta":{"_acf_changed":false,"content-type":""},"product_brand":[],"product_cat":[78,101],"product_tag":[],"class_list":{"0":"post-1987","1":"product","2":"type-product","3":"status-publish","4":"has-post-thumbnail","6":"product_cat-transport-au-gaz-naturel","7":"product_cat-gnl","9":"first","10":"instock","11":"taxable","12":"shipping-taxable","13":"product-type-simple"},"acf":[],"_links":{"self":[{"href":"https:\/\/biogasworld.com\/fr\/wp-json\/wp\/v2\/product\/1987","targetHints":{"allow":["GET"]}}],"collection":[{"href":"https:\/\/biogasworld.com\/fr\/wp-json\/wp\/v2\/product"}],"about":[{"href":"https:\/\/biogasworld.com\/fr\/wp-json\/wp\/v2\/types\/product"}],"wp:featuredmedia":[{"embeddable":true,"href":"https:\/\/biogasworld.com\/fr\/wp-json\/wp\/v2\/media\/1996"}],"wp:attachment":[{"href":"https:\/\/biogasworld.com\/fr\/wp-json\/wp\/v2\/media?parent=1987"}],"wp:term":[{"taxonomy":"product_brand","embeddable":true,"href":"https:\/\/biogasworld.com\/fr\/wp-json\/wp\/v2\/product_brand?post=1987"},{"taxonomy":"product_cat","embeddable":true,"href":"https:\/\/biogasworld.com\/fr\/wp-json\/wp\/v2\/product_cat?post=1987"},{"taxonomy":"product_tag","embeddable":true,"href":"https:\/\/biogasworld.com\/fr\/wp-json\/wp\/v2\/product_tag?post=1987"}],"curies":[{"name":"wp","href":"https:\/\/api.w.org\/{rel}","templated":true}]}}