{"id":2012,"date":"2015-06-29T15:51:16","date_gmt":"2015-06-29T19:51:16","guid":{"rendered":"https:\/\/www.biogasworld.com\/?post_type=product&#038;p=2012"},"modified":"2016-07-12T09:34:04","modified_gmt":"2016-07-12T13:34:04","slug":"cogeneratrice-au-biogaz-de-2g-energy","status":"publish","type":"product","link":"https:\/\/biogasworld.com\/fr\/product\/valorisation-du-biogaz\/generatrice-et-chp\/cogeneratrice-au-biogaz-de-2g-energy\/","title":{"rendered":"Cog\u00e9n\u00e9ratrice 2G"},"content":{"rendered":"<h3>Cog\u00e9n\u00e9ratrice au biogaz de 2G Cenergy<\/h3>\n<ul>\n<li>64 kW \u00e9l. \u00e0 2000 kW \u00e9l.<\/li>\n<li>Consommation 31 \u00e0 963\u00a0m\u00b3 biogaz\/heure<\/li>\n<li>Concept cl\u00e9-en-main<\/li>\n<\/ul>\n<p><strong>Avantages<br \/>\n<\/strong><\/p>\n<ul>\n<li>Peu de maintenance et faible temps d&rsquo;arr\u00eat<\/li>\n<li>Aucun colmatage<\/li>\n<li>Dur\u00e9e de vie prolong\u00e9e de 50%<\/li>\n<li>40% d&rsquo;efficacit\u00e9 \u00e9lectrique<\/li>\n<li>24\/7 suivi en ligne et diagnostique en continu<\/li>\n<\/ul>\n<p style=\"text-align: center;\">\n","protected":false},"excerpt":{"rendered":"2G fournit une large gamme tr\u00e8s efficaces\u00a0de\u00a0syst\u00e8mes de cog\u00e9n\u00e9ration \u00e0 faible \u00e9mission. Nos syst\u00e8mes de cog\u00e9n\u00e9ration fournissent de l&rsquo;\u00e9lectricit\u00e9 pour des milliers d&rsquo;applications dans le monde entier. Rejoignez la r\u00e9volution de l&rsquo;\u00e9nergie!","protected":false},"featured_media":2017,"template":"","meta":{"_acf_changed":false,"content-type":""},"product_brand":[],"product_cat":[79,98],"product_tag":[],"class_list":{"0":"post-2012","1":"product","2":"type-product","3":"status-publish","4":"has-post-thumbnail","6":"product_cat-valorisation-du-biogaz","7":"product_cat-generatrice-et-chp","9":"first","10":"instock","11":"taxable","12":"shipping-taxable","13":"product-type-simple"},"acf":[],"_links":{"self":[{"href":"https:\/\/biogasworld.com\/fr\/wp-json\/wp\/v2\/product\/2012","targetHints":{"allow":["GET"]}}],"collection":[{"href":"https:\/\/biogasworld.com\/fr\/wp-json\/wp\/v2\/product"}],"about":[{"href":"https:\/\/biogasworld.com\/fr\/wp-json\/wp\/v2\/types\/product"}],"wp:featuredmedia":[{"embeddable":true,"href":"https:\/\/biogasworld.com\/fr\/wp-json\/wp\/v2\/media\/2017"}],"wp:attachment":[{"href":"https:\/\/biogasworld.com\/fr\/wp-json\/wp\/v2\/media?parent=2012"}],"wp:term":[{"taxonomy":"product_brand","embeddable":true,"href":"https:\/\/biogasworld.com\/fr\/wp-json\/wp\/v2\/product_brand?post=2012"},{"taxonomy":"product_cat","embeddable":true,"href":"https:\/\/biogasworld.com\/fr\/wp-json\/wp\/v2\/product_cat?post=2012"},{"taxonomy":"product_tag","embeddable":true,"href":"https:\/\/biogasworld.com\/fr\/wp-json\/wp\/v2\/product_tag?post=2012"}],"curies":[{"name":"wp","href":"https:\/\/api.w.org\/{rel}","templated":true}]}}