{"id":2027,"date":"2015-07-02T10:19:29","date_gmt":"2015-07-02T14:19:29","guid":{"rendered":"https:\/\/www.biogasworld.com\/?post_type=product&#038;p=2027"},"modified":"2018-12-07T16:29:46","modified_gmt":"2018-12-07T21:29:46","slug":"reservoir-de-biogaz-par-amoco","status":"publish","type":"product","link":"https:\/\/biogasworld.com\/fr\/product\/valorisation-du-biogaz\/reservoir-de-biogaz\/reservoir-de-biogaz-par-amoco\/","title":{"rendered":"R\u00e9servoir de biogaz Amoco"},"content":{"rendered":"<h1>R\u00e9servoir de biogaz par Amoco<\/h1>\n<p>Amoco con\u00e7oit des syst\u00e8mes de r\u00e9servoirs de biogaz adapt\u00e9s \u00e0 vos besoins.<\/p>\n<p>Les syst\u00e8mes comprennent\u00a0<img loading=\"lazy\" decoding=\"async\" class=\" wp-image-2040 alignright\" src=\"https:\/\/biogasworld.com\/wp-content\/uploads\/2015\/07\/amoco2.jpg\" alt=\"Model\" width=\"283\" height=\"161\" srcset=\"https:\/\/biogasworld.com\/wp-content\/uploads\/2015\/07\/amoco2.jpg 653w, https:\/\/biogasworld.com\/wp-content\/uploads\/2015\/07\/amoco2-250x142.jpg 250w\" sizes=\"auto, (max-width: 283px) 100vw, 283px\" \/><\/p>\n<ul>\n<li>Choix d&rsquo;un type de r\u00e9servoir (AMA, AMB, AMC, AMD)<\/li>\n<li>Tuyauterie sp\u00e9cialis\u00e9e<\/li>\n<li>Automatisation (sondes, alarmes, PLC)<\/li>\n<li>Toutes les s\u00e9curit\u00e9s<\/li>\n<li>Pompes\/soufflantes<\/li>\n<\/ul>\n<p style=\"text-align: center;\"><strong><em>Membranes garanties 15 ans<\/em><\/strong><\/p>\n<hr \/>\n<p><strong>D\u00e9tails techniques<\/strong><\/p>\n<ul>\n<li>Capacit\u00e9 des r\u00e9servoirs de 50 \u00e0 10 000 m\u00b3<\/li>\n<li>Pression stable \u00e0 3000 Pa (de base)<\/li>\n<li>100% du biogaz pr\u00e9sent est utilisable<\/li>\n<li>Mat\u00e9riel plus l\u00e9ger et r\u00e9sistant que sa concurrence (800 &#8211; 1500 g\/m2)<\/li>\n<li>Maintient de la temp\u00e9rature (aucun gel)<\/li>\n<li>R\u00e9sistant au feu : Standard Euro-B<\/li>\n<li>Temp\u00e9rature : &#8211; 30\u00b0C \u00e0 70\u00b0C<\/li>\n<li>Certification : CE, ISO 9001, IFAI<\/li>\n<\/ul>\n<hr \/>\n<p><em><strong>Mod\u00e8les<\/strong><\/em><\/p>\n<p><strong>AMA<\/strong><\/p>\n<ul>\n<li><img loading=\"lazy\" decoding=\"async\" class=\" wp-image-2036 alignleft\" src=\"https:\/\/biogasworld.com\/wp-content\/uploads\/2015\/07\/2010-11-03-15-36-47.jpg\" alt=\"2010-11-03-15-36-47\" width=\"144\" height=\"105\" srcset=\"https:\/\/biogasworld.com\/wp-content\/uploads\/2015\/07\/2010-11-03-15-36-47.jpg 640w, https:\/\/biogasworld.com\/wp-content\/uploads\/2015\/07\/2010-11-03-15-36-47-250x181.jpg 250w\" sizes=\"auto, (max-width: 144px) 100vw, 144px\" \/>Grande capacit\u00e9 d&rsquo;entreposage<\/li>\n<li>Entretient facile, n&rsquo;est pas sur un digesteur<\/li>\n<li>\u00c9riger au sol directement<\/li>\n<\/ul>\n<p>&nbsp;<\/p>\n<p><strong>AMB<\/strong><\/p>\n<ul>\n<li><img loading=\"lazy\" decoding=\"async\" class=\" wp-image-2034 alignleft\" src=\"https:\/\/biogasworld.com\/wp-content\/uploads\/2015\/07\/2010-09-28-14-42-26.jpg\" alt=\"2010-09-28-14-42-26\" width=\"141\" height=\"105\" srcset=\"https:\/\/biogasworld.com\/wp-content\/uploads\/2015\/07\/2010-09-28-14-42-26.jpg 640w, https:\/\/biogasworld.com\/wp-content\/uploads\/2015\/07\/2010-09-28-14-42-26-250x188.jpg 250w\" sizes=\"auto, (max-width: 141px) 100vw, 141px\" \/>Moins cher que <em>AMA<\/em><\/li>\n<li>Moins d&#8217;empreinte au sol<\/li>\n<li>Le biogaz est dans toute la structure du toit<\/li>\n<\/ul>\n<p>&nbsp;<\/p>\n<p><strong>AMC<\/strong><\/p>\n<ul>\n<li><img loading=\"lazy\" decoding=\"async\" class=\" wp-image-2030 alignleft\" src=\"https:\/\/biogasworld.com\/wp-content\/uploads\/2015\/07\/2010-04-21-22-09-24.jpg\" alt=\"2010-04-21-22-09-24\" width=\"141\" height=\"106\" srcset=\"https:\/\/biogasworld.com\/wp-content\/uploads\/2015\/07\/2010-04-21-22-09-24.jpg 450w, https:\/\/biogasworld.com\/wp-content\/uploads\/2015\/07\/2010-04-21-22-09-24-250x188.jpg 250w\" sizes=\"auto, (max-width: 141px) 100vw, 141px\" \/>R\u00e9servoir de biogaz au sommet d&rsquo;un digesteur comme <em>AMB<\/em><\/li>\n<li>Le toit en forme de c\u00f4ne est pr\u00e9f\u00e9rable pour les r\u00e9gions avec de forte pr\u00e9cipitations (neige, pluie)<\/li>\n<li>Tous les m\u00eames avantages que <em>AMB<\/em><\/li>\n<\/ul>\n<p>&nbsp;<\/p>\n<p><strong>AMD<\/strong><\/p>\n<ul>\n<li><img loading=\"lazy\" decoding=\"async\" class=\" wp-image-2032 alignleft\" src=\"https:\/\/biogasworld.com\/wp-content\/uploads\/2015\/07\/2010-04-21-22-11-57.jpg\" alt=\"2010-04-21-22-11-57\" width=\"154\" height=\"106\" srcset=\"https:\/\/biogasworld.com\/wp-content\/uploads\/2015\/07\/2010-04-21-22-11-57.jpg 550w, https:\/\/biogasworld.com\/wp-content\/uploads\/2015\/07\/2010-04-21-22-11-57-250x171.jpg 250w\" sizes=\"auto, (max-width: 154px) 100vw, 154px\" \/>Mod\u00e8le adaptable aux besoins<\/li>\n<li>ex : \u00e0 l&rsquo;int\u00e9rieur d&rsquo;un silo<\/li>\n<\/ul>\n<p>&nbsp;<\/p>\n<p>&nbsp;<\/p>\n<p>&nbsp;<\/p>\n<p>&nbsp;<\/p>\n","protected":false},"excerpt":{"rendered":"Amoco con\u00e7oit des syst\u00e8mes de r\u00e9servoirs de biogaz adapt\u00e9s \u00e0 vos besoins.","protected":false},"featured_media":2038,"template":"","meta":{"_acf_changed":false,"content-type":""},"product_brand":[],"product_cat":[79,127],"product_tag":[],"class_list":{"0":"post-2027","1":"product","2":"type-product","3":"status-publish","4":"has-post-thumbnail","6":"product_cat-valorisation-du-biogaz","7":"product_cat-reservoir-de-biogaz","9":"first","10":"instock","11":"taxable","12":"shipping-taxable","13":"product-type-simple"},"acf":[],"_links":{"self":[{"href":"https:\/\/biogasworld.com\/fr\/wp-json\/wp\/v2\/product\/2027","targetHints":{"allow":["GET"]}}],"collection":[{"href":"https:\/\/biogasworld.com\/fr\/wp-json\/wp\/v2\/product"}],"about":[{"href":"https:\/\/biogasworld.com\/fr\/wp-json\/wp\/v2\/types\/product"}],"wp:featuredmedia":[{"embeddable":true,"href":"https:\/\/biogasworld.com\/fr\/wp-json\/wp\/v2\/media\/2038"}],"wp:attachment":[{"href":"https:\/\/biogasworld.com\/fr\/wp-json\/wp\/v2\/media?parent=2027"}],"wp:term":[{"taxonomy":"product_brand","embeddable":true,"href":"https:\/\/biogasworld.com\/fr\/wp-json\/wp\/v2\/product_brand?post=2027"},{"taxonomy":"product_cat","embeddable":true,"href":"https:\/\/biogasworld.com\/fr\/wp-json\/wp\/v2\/product_cat?post=2027"},{"taxonomy":"product_tag","embeddable":true,"href":"https:\/\/biogasworld.com\/fr\/wp-json\/wp\/v2\/product_tag?post=2027"}],"curies":[{"name":"wp","href":"https:\/\/api.w.org\/{rel}","templated":true}]}}