{"id":2046,"date":"2015-07-02T11:43:10","date_gmt":"2015-07-02T15:43:10","guid":{"rendered":"https:\/\/www.biogasworld.com\/?post_type=product&#038;p=2046"},"modified":"2023-03-01T16:46:53","modified_gmt":"2023-03-01T21:46:53","slug":"reservoir-gnl-pour-station-par-chart","status":"publish","type":"product","link":"https:\/\/biogasworld.com\/fr\/product\/transport-au-gaz-naturel\/gnl\/reservoirs-gnl\/reservoir-gnl-pour-station-par-chart\/","title":{"rendered":"R\u00e9servoir GNL Chart"},"content":{"rendered":"<h1>R\u00e9servoir GNL pour station par Chart<\/h1>\n<ul>\n<li>R\u00e9servoirs vertical ou horizontal<\/li>\n<li>Capacit\u00e9 de 3 \u00e0 1000 m\u00b3<\/li>\n<li>Isolation sous-vide (-162\u00b0C)<\/li>\n<\/ul>\n<hr \/>\n<p><em>Mod\u00e8les<\/em><\/p>\n<div class=\"csRow\">\n<div class=\"csColumnGap\" style=\"margin: 0px; padding: 0px; float: left; width: 1.56%;\"><img decoding=\"async\" style=\"border: none;\" src=\"https:\/\/biogasworld.com\/wp-content\/plugins\/advanced-wp-columns\/assets\/js\/plugins\/views\/img\/1x1-pixel.png\" alt=\"\" \/><\/div>\n<div class=\"csColumn\" style=\"margin: 0px; padding: 0px; float: left; width: 47.7%;\" data-csstartpoint=\"15\" data-csendpoint=\"472.5\" data-cswidth=\"47.7%\" data-csid=\"c85fa05a-fe33-1355-b06b-7036afb5042f\">\n<p><strong>Horizontal<\/strong><\/p>\n<ul>\n<li>Pr\u00e9fabriqu\u00e9 et test\u00e9 en usine<\/li>\n<li>7 mod\u00e8les de 100 \u00e0 880 m\u00b3 (19 \u00e0 48\u00a0m de long)<\/li>\n<li>Brochure :\u00a0<a href=\"https:\/\/biogasworld.com\/wp-content\/uploads\/2015\/07\/20758418_HorizontalStorage.pdf\">CHART_HorizontalStorage<\/a><\/li>\n<\/ul>\n<\/div>\n<div class=\"csColumnGap\" style=\"margin: 0px; padding: 0px; float: left; width: 1.56%;\"><img decoding=\"async\" style=\"border: none;\" src=\"https:\/\/biogasworld.com\/wp-content\/plugins\/advanced-wp-columns\/assets\/js\/plugins\/views\/img\/1x1-pixel.png\" alt=\"\" \/><\/div>\n<div class=\"csColumn\" style=\"margin: 0px; padding: 0px; float: left; width: 47.7%;\" data-csstartpoint=\"487.5\" data-csendpoint=\"945\" data-cswidth=\"47.7%\" data-csid=\"f11b98ca-46e7-bdc2-89ba-4a19e4a7464f\">\n<p><strong>Vertical<\/strong><\/p>\n<ul>\n<li>Pr\u00e9fabriqu\u00e9 et test\u00e9 en usine<\/li>\n<li>Espace au sol r\u00e9duit<\/li>\n<li>8 mod\u00e8les de 20 \u00e0 300 m\u00b3 (10 \u00e0 17 m de haut)<\/li>\n<li>Brochure :\u00a0<a href=\"https:\/\/biogasworld.com\/wp-content\/uploads\/2015\/07\/20810915_VerticalStorage.pdf\">CHART_VerticalStorage<\/a><\/li>\n<\/ul>\n<\/div>\n<div class=\"csColumnGap\" style=\"margin: 0px; padding: 0px; float: left; width: 1.56%;\"><img decoding=\"async\" style=\"border: none;\" src=\"https:\/\/biogasworld.com\/wp-content\/plugins\/advanced-wp-columns\/assets\/js\/plugins\/views\/img\/1x1-pixel.png\" alt=\"\" \/><\/div>\n<div style=\"clear: both; float: none; display: block; visibility: hidden; width: 0px; font-size: 0px; line-height: 0;\"><\/div>\n<\/div>\n<p>&nbsp;<\/p>\n","protected":false},"excerpt":{"rendered":"<p style=\"text-align: justify;\">R\u00e9servoirs vertical ou horizontal;\u00a0Capacit\u00e9 de 3 \u00e0 1000 m\u00b3;\u00a0Isolation sous-vide (-162\u00b0C)<\/p>","protected":false},"featured_media":2051,"template":"","meta":{"_acf_changed":false,"content-type":""},"product_brand":[],"product_cat":[78,101,114],"product_tag":[],"class_list":{"0":"post-2046","1":"product","2":"type-product","3":"status-publish","4":"has-post-thumbnail","6":"product_cat-transport-au-gaz-naturel","7":"product_cat-gnl","8":"product_cat-reservoirs-gnl","10":"first","11":"instock","12":"taxable","13":"shipping-taxable","14":"product-type-simple"},"acf":[],"_links":{"self":[{"href":"https:\/\/biogasworld.com\/fr\/wp-json\/wp\/v2\/product\/2046","targetHints":{"allow":["GET"]}}],"collection":[{"href":"https:\/\/biogasworld.com\/fr\/wp-json\/wp\/v2\/product"}],"about":[{"href":"https:\/\/biogasworld.com\/fr\/wp-json\/wp\/v2\/types\/product"}],"wp:featuredmedia":[{"embeddable":true,"href":"https:\/\/biogasworld.com\/fr\/wp-json\/wp\/v2\/media\/2051"}],"wp:attachment":[{"href":"https:\/\/biogasworld.com\/fr\/wp-json\/wp\/v2\/media?parent=2046"}],"wp:term":[{"taxonomy":"product_brand","embeddable":true,"href":"https:\/\/biogasworld.com\/fr\/wp-json\/wp\/v2\/product_brand?post=2046"},{"taxonomy":"product_cat","embeddable":true,"href":"https:\/\/biogasworld.com\/fr\/wp-json\/wp\/v2\/product_cat?post=2046"},{"taxonomy":"product_tag","embeddable":true,"href":"https:\/\/biogasworld.com\/fr\/wp-json\/wp\/v2\/product_tag?post=2046"}],"curies":[{"name":"wp","href":"https:\/\/api.w.org\/{rel}","templated":true}]}}