{"id":2130,"date":"2015-07-03T15:02:31","date_gmt":"2015-07-03T19:02:31","guid":{"rendered":"https:\/\/www.biogasworld.com\/?post_type=product&#038;p=2130"},"modified":"2023-03-01T16:46:45","modified_gmt":"2023-03-01T21:46:45","slug":"camion-gnc-par-peterbilt","status":"publish","type":"product","link":"https:\/\/biogasworld.com\/fr\/product\/transport-au-gaz-naturel\/camion-gnc-par-peterbilt\/","title":{"rendered":"Camion GNC Peterbilt"},"content":{"rendered":"<h3>Camion GNC par Peterbilt<\/h3>\n<p style=\"text-align: left;\"><strong>Mod\u00e8le 579<\/strong><img loading=\"lazy\" decoding=\"async\" class=\" alignleft wp-image-2131\" src=\"https:\/\/biogasworld.com\/wp-content\/uploads\/2015\/07\/peter1.png\" alt=\"peter1\" width=\"201\" height=\"183\" \/><\/p>\n<ul>\n<li>Moteurs Cummins Westport ISX12 G\n<ul>\n<li>320 \u00e0 400 HP<\/li>\n<li>Habitacle en aluminium<\/li>\n<li>A\u00e9rodynamisme am\u00e9lior\u00e9 pour une r\u00e9duction des coups<\/li>\n<li>Syst\u00e8me de navigation : SMARTNAV\u2122<\/li>\n<\/ul>\n<\/li>\n<\/ul>\n<p>&nbsp;<\/p>\n<p>&nbsp;<\/p>\n<p>&nbsp;<\/p>\n","protected":false},"excerpt":{"rendered":"Sur les routes, dans les rues et aux\u00a0travail, vous verrez l&rsquo;engagement de Peterbilt avec des\u00a0camions respectueux de l&rsquo;environnement. Que ce soit des plates-formes alternatives de carburant comme le gaz naturel liquide et\u00a0comprim\u00e9 (GNL et GNC) ou \u00e9lectriques hybrides, Petebilt a une\u00a0gamme croissante de camions respectueux de l&rsquo;environnement r\u00e9pondant aux besoins d&rsquo;un large \u00e9ventail d&rsquo;exigences op\u00e9rationnelles.","protected":false},"featured_media":2133,"template":"","meta":{"_acf_changed":false,"content-type":""},"product_brand":[],"product_cat":[78],"product_tag":[],"class_list":{"0":"post-2130","1":"product","2":"type-product","3":"status-publish","4":"has-post-thumbnail","6":"product_cat-transport-au-gaz-naturel","8":"first","9":"instock","10":"taxable","11":"shipping-taxable","12":"product-type-simple"},"acf":[],"_links":{"self":[{"href":"https:\/\/biogasworld.com\/fr\/wp-json\/wp\/v2\/product\/2130","targetHints":{"allow":["GET"]}}],"collection":[{"href":"https:\/\/biogasworld.com\/fr\/wp-json\/wp\/v2\/product"}],"about":[{"href":"https:\/\/biogasworld.com\/fr\/wp-json\/wp\/v2\/types\/product"}],"wp:featuredmedia":[{"embeddable":true,"href":"https:\/\/biogasworld.com\/fr\/wp-json\/wp\/v2\/media\/2133"}],"wp:attachment":[{"href":"https:\/\/biogasworld.com\/fr\/wp-json\/wp\/v2\/media?parent=2130"}],"wp:term":[{"taxonomy":"product_brand","embeddable":true,"href":"https:\/\/biogasworld.com\/fr\/wp-json\/wp\/v2\/product_brand?post=2130"},{"taxonomy":"product_cat","embeddable":true,"href":"https:\/\/biogasworld.com\/fr\/wp-json\/wp\/v2\/product_cat?post=2130"},{"taxonomy":"product_tag","embeddable":true,"href":"https:\/\/biogasworld.com\/fr\/wp-json\/wp\/v2\/product_tag?post=2130"}],"curies":[{"name":"wp","href":"https:\/\/api.w.org\/{rel}","templated":true}]}}