{"id":21441,"date":"2019-01-24T09:17:21","date_gmt":"2019-01-24T14:17:21","guid":{"rendered":"https:\/\/www.biogasworld.com\/?post_type=product&#038;p=21441\/"},"modified":"2025-04-23T15:21:12","modified_gmt":"2025-04-23T19:21:12","slug":"sysadvance-methagen-ad","status":"publish","type":"product","link":"https:\/\/biogasworld.com\/fr\/product\/valorisation-du-biogaz\/raffinage\/sysadvance-methagen-ad\/","title":{"rendered":"SYSADVANCE METHAGEN AD"},"content":{"rendered":"<h2><span style=\"color: #000daa;\">METHAGEN AD: Valorisation du biogaz par digestion ana\u00e9robie<\/span><\/h2>\n<p><img loading=\"lazy\" decoding=\"async\" class=\"aligncenter wp-image-41059 size-full\" src=\"https:\/\/biogasworld.com\/wp-content\/uploads\/2019\/01\/image016.jpg\" alt=\"\" width=\"633\" height=\"411\" srcset=\"https:\/\/biogasworld.com\/wp-content\/uploads\/2019\/01\/image016.jpg 633w, https:\/\/biogasworld.com\/wp-content\/uploads\/2019\/01\/image016-250x162.jpg 250w, https:\/\/biogasworld.com\/wp-content\/uploads\/2019\/01\/image016-400x260.jpg 400w\" sizes=\"auto, (max-width: 633px) 100vw, 633px\" \/><\/p>\n<ul type=\"disc\">\n<li>Faible consommation d\u2019\u00e9nergie (0,22 kWh\/Nm3 | 0,354 kW\/scfm de biogaz)<\/li>\n<li>GNR de haute qualit\u00e9 (jusqu\u2019\u00e0 99% CH4)<\/li>\n<li>R\u00e9cup\u00e9ration \u00e9lev\u00e9e du m\u00e9thane (jusqu\u2019\u00e0 99,96 %)<\/li>\n<li>R\u00e9duit le N2 (en plus du CO2, O2 et H2O)<\/li>\n<li>Ne n\u00e9cessite ni eau, ni produits chimiques<\/li>\n<li>Faibles co\u00fbts de consommation \u00e0 long terme<\/li>\n<li>Performances fiables &#8211; \u00e9viter la fermeture<\/li>\n<li>Fonctionnement fiable &#8211; temps d\u2019arr\u00eat minimal<\/li>\n<li>Conception modulaire et normalis\u00e9e<\/li>\n<li>Facile \u00e0 installer<\/li>\n<li>Faible empreinte \u00e9cologique<\/li>\n<\/ul>\n","protected":false},"excerpt":{"rendered":"SYSADVANCE d&rsquo;Am\u00e9rique du Nord est l\u00e0 pour soutenir votre projet de gaz naturel renouvelable.\r\n\r\nLorsque vous choisissez SYSADVANCE vous achetez du propri\u00e9taire de la technologie, vous donnant un acc\u00e8s direct aux experts techniques de classe mondiale.\r\n\r\nContactez-nous pour discuter de vos besoins de projet et nous pouvons fournir un d\u00e9lai d\u2019ex\u00e9cution rapide sur une proposition pour faire progresser votre projet de valorisation du biogaz.\r\n\r\nEnsemble, nous pouvons fa\u00e7onner un avenir plus vert.","protected":false},"featured_media":41057,"template":"","meta":{"_acf_changed":false,"content-type":""},"product_brand":[],"product_cat":[79,97],"product_tag":[],"class_list":{"0":"post-21441","1":"product","2":"type-product","3":"status-publish","4":"has-post-thumbnail","6":"product_cat-valorisation-du-biogaz","7":"product_cat-raffinage","9":"first","10":"instock","11":"taxable","12":"shipping-taxable","13":"product-type-simple"},"acf":[],"_links":{"self":[{"href":"https:\/\/biogasworld.com\/fr\/wp-json\/wp\/v2\/product\/21441","targetHints":{"allow":["GET"]}}],"collection":[{"href":"https:\/\/biogasworld.com\/fr\/wp-json\/wp\/v2\/product"}],"about":[{"href":"https:\/\/biogasworld.com\/fr\/wp-json\/wp\/v2\/types\/product"}],"wp:featuredmedia":[{"embeddable":true,"href":"https:\/\/biogasworld.com\/fr\/wp-json\/wp\/v2\/media\/41057"}],"wp:attachment":[{"href":"https:\/\/biogasworld.com\/fr\/wp-json\/wp\/v2\/media?parent=21441"}],"wp:term":[{"taxonomy":"product_brand","embeddable":true,"href":"https:\/\/biogasworld.com\/fr\/wp-json\/wp\/v2\/product_brand?post=21441"},{"taxonomy":"product_cat","embeddable":true,"href":"https:\/\/biogasworld.com\/fr\/wp-json\/wp\/v2\/product_cat?post=21441"},{"taxonomy":"product_tag","embeddable":true,"href":"https:\/\/biogasworld.com\/fr\/wp-json\/wp\/v2\/product_tag?post=21441"}],"curies":[{"name":"wp","href":"https:\/\/api.w.org\/{rel}","templated":true}]}}