{"id":21758,"date":"2019-02-11T16:20:26","date_gmt":"2019-02-11T21:44:59","guid":{"rendered":"https:\/\/www.biogasworld.com\/?post_type=product&#038;p=21758\/"},"modified":"2026-01-22T10:42:05","modified_gmt":"2026-01-22T15:42:05","slug":"technologie-turbo-brayton","status":"publish","type":"product","link":"https:\/\/biogasworld.com\/fr\/product\/transport-au-gaz-naturel\/gnl\/liquefaction-fr\/technologie-turbo-brayton\/","title":{"rendered":"Technologie Turbo-Brayton"},"content":{"rendered":"<h2><span style=\"color: #000daa;\">Une solution innovante et fiable pour \u00e9conomiser de l&rsquo;\u00e9nergie<\/span><\/h2>\n<p>Air Liquide offre la technologie Turbo-Brayton pour la liqu\u00e9faction, la reliqu\u00e9faction et la r\u00e9frig\u00e9ration de gaz comme le biogaz, le m\u00e9thane et le GNL. C&rsquo;est une solution innovante, fiable et efficace, permettant d\u2019\u00e9conomiser de l&rsquo;\u00e9nergie. Elle garantit un fonctionnement d\u2019une grande fiabilit\u00e9 et dispose d\u2019une haute efficacit\u00e9 \u00e9nerg\u00e9tique, totalement exempt d\u2019huile.<\/p>\n<p>L\u2019innovation de cette technologie r\u00e9side essentiellement dans l\u2019assemblage de tous les \u00e9l\u00e9ments actifs sur un m\u00eame axe. La r\u00e9cup\u00e9ration de l&rsquo;\u00e9nergie m\u00e9canique de la turbine, le rendement \u00e9lev\u00e9 de la compression centrifuge et du moteur haute vitesse permet un rendement global \u00e9lev\u00e9.<\/p>\n<p>Le fonctionnement est tr\u00e8s souple et la puissance froide peut \u00eatre adapt\u00e9e de 0 \u00e0 100% en changeant la vitesse de rotation du moteur, tout en maintenant un rendement \u00e9lev\u00e9 sur une large plage de fonctionnement (97% de rendement nominal \u00e0 50% de la puissance froide nominale).<\/p>\n<p>Ceci convient particuli\u00e8rement \u00e0 des process o\u00f9 le besoin en puissance froide n&rsquo;est pas constant et o\u00f9 l&rsquo;\u00e9conomie d\u2019\u00e9nergie ainsi que la fiabilit\u00e9 sont des points cl\u00e9s. Le MTBF (Mean Time Between Failure) du Turbo-Brayton est de 105 000 heures et l\u2019intervalle entre chaque maintenance est de\u00a05 ans.<\/p>\n<p>&nbsp;<\/p>\n<h3 class=\"heading-2 trailer-micro\"><span style=\"color: #000daa;\">La technologie Turbo-Brayton<\/span><\/h3>\n<div class=\"rte\">\n<p>Le Turbo-Brayton est un \u00e9quipement int\u00e9gr\u00e9 comprenant :<\/p>\n<ul>\n<li>\n<h4>Une ou plusieurs turbomachine(s) :<\/h4>\n<p>&gt; Moteur synchrone haute vitesse sur paliers magn\u00e9tiques<br \/>\n&gt; Compresseur centrifuge \u00e0 entrainement direct permettant un rendement \u00e9lev\u00e9<br \/>\n&gt; Une turbine dont la puissance est r\u00e9cup\u00e9r\u00e9e et utilis\u00e9e pour r\u00e9duire la consommation du moteur<\/li>\n<li>\n<h4>Une enceinte sous vide contenant un \u00e9changeur contre-courant<\/h4>\n<\/li>\n<li>\n<h4>Un syst\u00e8me de contr\u00f4le commande<\/h4>\n<p>&nbsp;<\/li>\n<\/ul>\n<\/div>\n<p><img loading=\"lazy\" decoding=\"async\" class=\"aligncenter wp-image-21760\" src=\"https:\/\/biogasworld.com\/wp-content\/uploads\/2019\/02\/turbo-brayton_lng_carrier_related-picture-1.jpg\" alt=\"Air Liquide: Sch\u00e9ma montrant la courbe de la technologie Turbo-Brayton\" width=\"657\" height=\"356\" srcset=\"https:\/\/biogasworld.com\/wp-content\/uploads\/2019\/02\/turbo-brayton_lng_carrier_related-picture-1.jpg 1115w, https:\/\/biogasworld.com\/wp-content\/uploads\/2019\/02\/turbo-brayton_lng_carrier_related-picture-1-250x135.jpg 250w\" sizes=\"auto, (max-width: 657px) 100vw, 657px\" \/><\/p>\n<h2 class=\"heading-2 trailer-micro\"><\/h2>\n<h3 class=\"heading-2 trailer-micro\"><span style=\"color: #000daa;\">Une solution adapt\u00e9e \u00e0 diff\u00e9rentes applications<\/span><\/h3>\n<div class=\"rte\">\n<h4><strong>Pour la r\u00e9frig\u00e9ration<\/strong><\/h4>\n<ul>\n<li>R\u00e9frig\u00e9ration entre 25K et 200K en fonction des besoins de chaque client<\/li>\n<li>Refroidissement pour la supraconductivit\u00e9 (HTS, SFCL) : bobine, moteur, g\u00e9n\u00e9rateur, c\u00e2ble&#8230;<\/li>\n<li>Purification et\/ou s\u00e9paration cryog\u00e9nique des gaz<\/li>\n<\/ul>\n<p>&nbsp;<\/p>\n<h4><strong>Pour la liqu\u00e9faction<\/strong><\/h4>\n<ul>\n<li>De tous les gaz ayant une temp\u00e9rature de saturation entre 25K et 200K : m\u00e9thane, air, azote, oxyg\u00e8ne, argon, x\u00e9non&#8230; (Jusqu\u2019\u00e0 70 bars)<\/li>\n<li>Du biogaz<\/li>\n<li>Ou pour la reliqu\u00e9faction des boil-off: CnHm, GNL, LN<sub>2<\/sub>, Ar, O<sub>2<\/sub>\u00a0&#8230;<\/li>\n<\/ul>\n<p>&nbsp;<\/p>\n<h3><span style=\"color: #000daa;\">Une solution pour la reliqu\u00e9faction des boil-off adapt\u00e9e \u00e0 une vari\u00e9t\u00e9 d&rsquo;applications marines et de bateaux<\/span><\/h3>\n<p>Le Turbo-Brayton pour la\u00a0reliquefaction des\u00a0BOG\u00a0a \u00e9t\u00e9 d\u00e9velopp\u00e9 sp\u00e9cifiquement pour la marine,\u00a0\u00e0 destination des\u00a0chantiers navals, des affr\u00e9teurs ou des armateurs.\u00a0La gamme du Turbo-Brayton propose des\u00a0capacit\u00e9s de reliqu\u00e9faction\u00a0allant de 0.2 t\/h \u00e0 1.8\u00a0t\/h, et au-del\u00e0 en dupliquant les modules.\u00a0Ce syst\u00e8me de reliqu\u00e9faction des\u00a0boil-off peut \u00eatre install\u00e9 sur des constructions neuves ou lors d&rsquo;un r\u00e9trofit.<\/p>\n<p>Cette technologie convient pour les:<\/p>\n<ul>\n<li>Navires souteurs (de 1000 \u00e0 10.000 m<sup>3<\/sup>)<\/li>\n<li>Navires propuls\u00e9s au GNL<\/li>\n<li>M\u00e9thaniers (de 15 000 \u00e0 200.000 m<sup>3<\/sup>)<\/li>\n<li>Multigas carriers<\/li>\n<li>FLNG<\/li>\n<\/ul>\n<h3 class=\"heading-2 trailer-micro\"><\/h3>\n<p>&nbsp;<\/p>\n<h3 class=\"heading-2 trailer-micro\"><span style=\"color: #000daa;\">B\u00e9n\u00e9fices cl\u00e9s<\/span><\/h3>\n<div class=\"rte\">\n<h4><strong>Economie d&rsquo;\u00e9nergie maximale\u00a0<\/strong><\/h4>\n<p>Tous les composants des syst\u00e8mes Turbo-Brayton sont con\u00e7us pour \u00eatre \u00e0 la fois souples et \u00e9conomes en \u00e9nergie (jusqu\u2019\u00e0 40% du rendement de Carnot). Des \u00e9conomies d&rsquo;\u00e9nergie suppl\u00e9mentaires sont r\u00e9alis\u00e9es gr\u00e2ce au variateur de fr\u00e9quence int\u00e9gr\u00e9, qui adapte automatiquement la vitesse du moteur en fonction de la puissance froide souhait\u00e9e.<\/p>\n<p>&nbsp;<\/p>\n<h4><strong>Grande fiabilit\u00e9<\/strong><\/h4>\n<p>Gr\u00e2ce aux paliers magn\u00e9tiques, les syst\u00e8mes Turbo-Brayton offrent une fiabilit\u00e9 exceptionnelle et assurent une production en continu.<\/p>\n<p>&nbsp;<\/p>\n<h4><strong>Certifi\u00e9 100% exempt d\u2019huile et respectueux de l\u2019environnement\u00a0<\/strong><\/h4>\n<p>Pas de risque de dommages dus \u00e0 la pollution par les hydrocarbures, aucun risque de pertes lors d\u2019une interruption de fonctionnement, gr\u00e2ce \u00e0 une technologie sans maintenance.<\/p>\n<p>&nbsp;<\/p>\n<h4><strong>Module pr\u00eat \u00e0 l\u2019emploi\u00a0<\/strong><\/h4>\n<p>Le Turbo-Brayton \u00e9tant con\u00e7u totalement skid\u00e9 (tuyauteries, enceinte, r\u00e9frig\u00e9rants, moteur, syst\u00e8me de contr\u00f4le), l\u2019ensemble est livr\u00e9 pr\u00eat \u00e0 l&rsquo;utilisation. L&rsquo;installation est optimis\u00e9e et le temps de mise en service est faible. Il vous suffit de brancher l\u2019unit\u00e9 et de la d\u00e9marrer.<\/p>\n<p>&nbsp;<\/p>\n<h4><strong>Disponibilit\u00e9 maximale<\/strong><\/h4>\n<p>Une des principales pr\u00e9occupations d&rsquo;Air Liquide est de fournir un produit qui garantit un fonctionnement en continu de votre syst\u00e8me.<\/p>\n<p>&nbsp;<\/p>\n<h4><strong>Un co\u00fbt optimis\u00e9\u00a0<\/strong><\/h4>\n<p>Compte tenu des investissements et des co\u00fbts d&rsquo;exploitation, nos solutions sont d\u00e9velopp\u00e9es de mani\u00e8re \u00e0 vous assurer les co\u00fbts les plus bas.<\/p>\n<\/div>\n<p>&nbsp;<\/p>\n<div class=\"rte\">\n<h3 class=\"heading-2 trailer-micro\"><span style=\"color: #000daa;\">La gamme Turbo-Brayton<\/span><\/h3>\n<\/div>\n<p><img loading=\"lazy\" decoding=\"async\" class=\"aligncenter wp-image-21765\" src=\"https:\/\/biogasworld.com\/wp-content\/uploads\/2019\/02\/turbo-brayton-range-1.jpg\" alt=\"Air Liquide: La gamme Turbo-Brayton\" width=\"620\" height=\"385\" srcset=\"https:\/\/biogasworld.com\/wp-content\/uploads\/2019\/02\/turbo-brayton-range-1.jpg 686w, https:\/\/biogasworld.com\/wp-content\/uploads\/2019\/02\/turbo-brayton-range-1-250x155.jpg 250w\" sizes=\"auto, (max-width: 620px) 100vw, 620px\" \/><\/p>\n<\/div>\n<p>&nbsp;<\/p>\n<h3 style=\"text-align: center;\"><strong>Apprenez-en davantage sur la gamme de produits Turbo-Brayton <a href=\"https:\/\/advancedtech.airliquide.com\/fr\/systemes-cryogeniques-turbo-brayton\">ICI<\/a>.\u00a0<\/strong><\/h3>\n","protected":false},"excerpt":{"rendered":"Air Liquide offre la technologie Turbo-Brayton pour la liqu\u00e9faction, la reliqu\u00e9faction et la r\u00e9frig\u00e9ration de gaz comme le biogaz, le m\u00e9thane et le GNL. C&rsquo;est une solution innovante, fiable et efficace, permettant d\u2019\u00e9conomiser de l&rsquo;\u00e9nergie. Elle garantit un fonctionnement d\u2019une grande fiabilit\u00e9 et dispose d\u2019une haute efficacit\u00e9 \u00e9nerg\u00e9tique, totalement exempt d\u2019huile.","protected":false},"featured_media":21751,"template":"","meta":{"_acf_changed":false,"content-type":""},"product_brand":[],"product_cat":[78,101,521,79],"product_tag":[],"class_list":{"0":"post-21758","1":"product","2":"type-product","3":"status-publish","4":"has-post-thumbnail","6":"product_cat-transport-au-gaz-naturel","7":"product_cat-gnl","8":"product_cat-liquefaction-fr","9":"product_cat-valorisation-du-biogaz","11":"first","12":"instock","13":"taxable","14":"shipping-taxable","15":"product-type-simple"},"acf":[],"_links":{"self":[{"href":"https:\/\/biogasworld.com\/fr\/wp-json\/wp\/v2\/product\/21758","targetHints":{"allow":["GET"]}}],"collection":[{"href":"https:\/\/biogasworld.com\/fr\/wp-json\/wp\/v2\/product"}],"about":[{"href":"https:\/\/biogasworld.com\/fr\/wp-json\/wp\/v2\/types\/product"}],"wp:featuredmedia":[{"embeddable":true,"href":"https:\/\/biogasworld.com\/fr\/wp-json\/wp\/v2\/media\/21751"}],"wp:attachment":[{"href":"https:\/\/biogasworld.com\/fr\/wp-json\/wp\/v2\/media?parent=21758"}],"wp:term":[{"taxonomy":"product_brand","embeddable":true,"href":"https:\/\/biogasworld.com\/fr\/wp-json\/wp\/v2\/product_brand?post=21758"},{"taxonomy":"product_cat","embeddable":true,"href":"https:\/\/biogasworld.com\/fr\/wp-json\/wp\/v2\/product_cat?post=21758"},{"taxonomy":"product_tag","embeddable":true,"href":"https:\/\/biogasworld.com\/fr\/wp-json\/wp\/v2\/product_tag?post=21758"}],"curies":[{"name":"wp","href":"https:\/\/api.w.org\/{rel}","templated":true}]}}