{"id":21810,"date":"2019-02-13T15:13:40","date_gmt":"2019-02-13T20:16:29","guid":{"rendered":"https:\/\/www.biogasworld.com\/?post_type=product&#038;p=21810\/"},"modified":"2023-02-28T17:29:20","modified_gmt":"2023-02-28T22:29:20","slug":"usine-de-biogas","status":"publish","type":"product","link":"https:\/\/biogasworld.com\/fr\/product\/biomethanisation\/usine-de-biogas\/","title":{"rendered":"Usine de biogas"},"content":{"rendered":"","protected":false},"excerpt":{"rendered":"<p id=\"tw-target-text\" class=\"tw-data-text tw-ta tw-text-small\" dir=\"ltr\" data-placeholder=\"Traduction\"><span lang=\"fr\" tabindex=\"0\">Installations compl\u00e8te de biogaz, qui comprennent le pr\u00e9traitement des d\u00e9chets organiques et la capture, le traitement et la valorisation du biogaz.<\/span><\/p>","protected":false},"featured_media":21809,"template":"","meta":{"_acf_changed":false,"content-type":""},"product_brand":[],"product_cat":[145,77],"product_tag":[],"class_list":{"0":"post-21810","1":"product","2":"type-product","3":"status-publish","4":"has-post-thumbnail","6":"product_cat-anaerobic-digestion","7":"product_cat-biomethanisation","9":"first","10":"instock","11":"taxable","12":"shipping-taxable","13":"product-type-simple"},"acf":[],"_links":{"self":[{"href":"https:\/\/biogasworld.com\/fr\/wp-json\/wp\/v2\/product\/21810","targetHints":{"allow":["GET"]}}],"collection":[{"href":"https:\/\/biogasworld.com\/fr\/wp-json\/wp\/v2\/product"}],"about":[{"href":"https:\/\/biogasworld.com\/fr\/wp-json\/wp\/v2\/types\/product"}],"wp:featuredmedia":[{"embeddable":true,"href":"https:\/\/biogasworld.com\/fr\/wp-json\/wp\/v2\/media\/21809"}],"wp:attachment":[{"href":"https:\/\/biogasworld.com\/fr\/wp-json\/wp\/v2\/media?parent=21810"}],"wp:term":[{"taxonomy":"product_brand","embeddable":true,"href":"https:\/\/biogasworld.com\/fr\/wp-json\/wp\/v2\/product_brand?post=21810"},{"taxonomy":"product_cat","embeddable":true,"href":"https:\/\/biogasworld.com\/fr\/wp-json\/wp\/v2\/product_cat?post=21810"},{"taxonomy":"product_tag","embeddable":true,"href":"https:\/\/biogasworld.com\/fr\/wp-json\/wp\/v2\/product_tag?post=21810"}],"curies":[{"name":"wp","href":"https:\/\/api.w.org\/{rel}","templated":true}]}}