{"id":21820,"date":"2019-02-13T15:39:53","date_gmt":"2019-02-13T20:42:35","guid":{"rendered":"https:\/\/www.biogasworld.com\/?post_type=product&#038;p=21820\/"},"modified":"2023-02-28T17:29:27","modified_gmt":"2023-02-28T22:29:27","slug":"gasplus-et-gaspack","status":"publish","type":"product","link":"https:\/\/biogasworld.com\/fr\/product\/rng-biomethane-utilisation\/cng\/compressors\/gasplus-et-gaspack\/","title":{"rendered":"GasPlus et GasPack"},"content":{"rendered":"","protected":false},"excerpt":{"rendered":"<p id=\"tw-target-text\" class=\"tw-data-text tw-ta tw-text-small\" dir=\"ltr\" data-placeholder=\"Traduction\"><span lang=\"fr\" tabindex=\"0\">Les gammes de produits GasPlus et GasPack sont des compresseurs cl\u00e9s en main complets livr\u00e9s avec des fameux blocs de compresseurs BAUER. Les unit\u00e9s sont adapt\u00e9es \u00e0 la r\u00e9glementation canadienne (homologations CSA, CRN) et\u00a0aux\u00a0conditions m\u00e9t\u00e9orologiques canadiennes. <\/span><\/p>\r\n<p class=\"tw-data-text tw-ta tw-text-small\" dir=\"ltr\" data-placeholder=\"Traduction\"><span lang=\"fr\" tabindex=\"0\">-Les GasPlus sont des unit\u00e9s compactes, d&rsquo;une puissance de 7,5 \u00e0 2 * 40 HP (9 \u00e0 82 Scfm), livr\u00e9es sur ch\u00e2ssis. <\/span><\/p>\r\n<p class=\"tw-data-text tw-ta tw-text-small\" dir=\"ltr\" data-placeholder=\"Traduction\"><span lang=\"fr\" tabindex=\"0\">-Les GasPack sont des unit\u00e9s ferm\u00e9es, d\u2019une puissance de 30 \u00e0 360 ch (40 \u00e0 880 Scfm). Les unit\u00e9s peuvent \u00eatre livr\u00e9es de la configuration standard au syst\u00e8me con\u00e7u sur mesure.<\/span><\/p>","protected":false},"featured_media":21819,"template":"","meta":{"_acf_changed":false,"content-type":""},"product_brand":[],"product_cat":[197,107],"product_tag":[],"class_list":{"0":"post-21820","1":"product","2":"type-product","3":"status-publish","4":"has-post-thumbnail","6":"product_cat-compressors","7":"product_cat-compresseurs-gnc","9":"first","10":"instock","11":"taxable","12":"shipping-taxable","13":"product-type-simple"},"acf":[],"_links":{"self":[{"href":"https:\/\/biogasworld.com\/fr\/wp-json\/wp\/v2\/product\/21820","targetHints":{"allow":["GET"]}}],"collection":[{"href":"https:\/\/biogasworld.com\/fr\/wp-json\/wp\/v2\/product"}],"about":[{"href":"https:\/\/biogasworld.com\/fr\/wp-json\/wp\/v2\/types\/product"}],"wp:featuredmedia":[{"embeddable":true,"href":"https:\/\/biogasworld.com\/fr\/wp-json\/wp\/v2\/media\/21819"}],"wp:attachment":[{"href":"https:\/\/biogasworld.com\/fr\/wp-json\/wp\/v2\/media?parent=21820"}],"wp:term":[{"taxonomy":"product_brand","embeddable":true,"href":"https:\/\/biogasworld.com\/fr\/wp-json\/wp\/v2\/product_brand?post=21820"},{"taxonomy":"product_cat","embeddable":true,"href":"https:\/\/biogasworld.com\/fr\/wp-json\/wp\/v2\/product_cat?post=21820"},{"taxonomy":"product_tag","embeddable":true,"href":"https:\/\/biogasworld.com\/fr\/wp-json\/wp\/v2\/product_tag?post=21820"}],"curies":[{"name":"wp","href":"https:\/\/api.w.org\/{rel}","templated":true}]}}