{"id":2201,"date":"2015-07-06T14:16:07","date_gmt":"2015-07-06T18:16:07","guid":{"rendered":"https:\/\/www.biogasworld.com\/?post_type=product&#038;p=2201"},"modified":"2025-05-05T10:44:17","modified_gmt":"2025-05-05T14:44:17","slug":"centrifugeuse-drycake","status":"publish","type":"product","link":"https:\/\/biogasworld.com\/fr\/product\/traitement-des-eaux\/separation-solideliquide\/centrifuge\/centrifugeuse-drycake\/","title":{"rendered":"Centrifugeuse Drycake"},"content":{"rendered":"<h2 style=\"text-align: left;\"><span style=\"color: #000daa;\">La Centrifugeuse Drycake est hautement performance et con\u00e7ue pour un fonctionnement fiable dans les plus intenses conditions<\/span><\/h2>\n<p style=\"text-align: justify;\">La Centrifugeuse Drycake est r\u00e9guli\u00e8rement utilis\u00e9e dans des applications industrielles et municipales pour\u00a0recycler l&rsquo;eau de proc\u00e9d\u00e9, r\u00e9cup\u00e9rer les solides pr\u00e9cieux et r\u00e9duire la charge du syst\u00e8me en aval ainsi que le volume envoy\u00e9\u00a0en d\u00e9charge.<\/p>\n<ul style=\"text-align: justify;\">\n<li>S\u00e9parateur solide\/liquide \u00e0 2 ou 3 phases<\/li>\n<li>Capacit\u00e9 de 5 \u00e0 200 m\u00b3\/h<\/li>\n<li>Puissance du moteur de 5.5 kW \u00e0 160 kW<\/li>\n<\/ul>\n<p>&nbsp;<\/p>\n<h3 style=\"text-align: left;\"><span style=\"color: #00d37d;\"><strong>Con\u00e7ue en consid\u00e9rant les op\u00e9rateurs, la Centrifugeuse Drycake dispose d&rsquo;innovations pour optimiser l&rsquo;utilisation et l&rsquo;entretien tout en rendant des performances de pointe<\/strong><\/span><\/h3>\n<ul style=\"text-align: justify;\">\n<li>Racleur de solide \u00e0 entrainement ind\u00e9pendant<\/li>\n<li>Aucune espace au sol utilis\u00e9e pour le syst\u00e8me hydraulique<\/li>\n<li>Couvercle divis\u00e9 en deux (ouverture simple)<\/li>\n<li>Douilles rotatives de d\u00e9charge<\/li>\n<\/ul>\n<p>&nbsp;<\/p>\n<p style=\"text-align: center;\"><img loading=\"lazy\" decoding=\"async\" class=\"aligncenter wp-image-2206\" src=\"https:\/\/biogasworld.com\/wp-content\/uploads\/2016\/10\/800_web.png\" alt=\"Drycake - Centrifugeuse Drycake - picture\" width=\"519\" height=\"207\" \/><\/p>\n<p>&nbsp;<\/p>\n<p style=\"text-align: center;\"><img loading=\"lazy\" decoding=\"async\" class=\"aligncenter wp-image-2206\" src=\"https:\/\/biogasworld.com\/wp-content\/uploads\/2015\/07\/drycake2.png\" alt=\"Drycake - Centrifugeuse Drycake - picture inside\" width=\"439\" height=\"380\" srcset=\"https:\/\/biogasworld.com\/wp-content\/uploads\/2015\/07\/drycake2.png 472w, https:\/\/biogasworld.com\/wp-content\/uploads\/2015\/07\/drycake2-250x216.png 250w\" sizes=\"auto, (max-width: 439px) 100vw, 439px\" \/><\/p>\n<p>&nbsp;<\/p>\n<p style=\"text-align: justify;\">Voir plus d&rsquo;informations sur <a href=\"http:\/\/drycake.com\/equipment\/dewatering\/centrifuge.php\" target=\"_blank\" rel=\"noopener noreferrer\">Drycake<\/a>.<\/p>\n","protected":false},"excerpt":{"rendered":"DRYCAKE fournit les meilleures solutions de syst\u00e8me d\u00e9canteur centrifuge fixe ou mobile pour s\u00e9parer 1 ou 2 phases liquides \u00e0 partir d&rsquo;une phase solide.","protected":false},"featured_media":2204,"template":"","meta":{"_acf_changed":false,"content-type":""},"product_brand":[],"product_cat":[80,86,88],"product_tag":[],"class_list":{"0":"post-2201","1":"product","2":"type-product","3":"status-publish","4":"has-post-thumbnail","6":"product_cat-traitement-des-eaux","7":"product_cat-separation-solideliquide","8":"product_cat-centrifuge","10":"first","11":"instock","12":"taxable","13":"shipping-taxable","14":"product-type-simple"},"acf":[],"_links":{"self":[{"href":"https:\/\/biogasworld.com\/fr\/wp-json\/wp\/v2\/product\/2201","targetHints":{"allow":["GET"]}}],"collection":[{"href":"https:\/\/biogasworld.com\/fr\/wp-json\/wp\/v2\/product"}],"about":[{"href":"https:\/\/biogasworld.com\/fr\/wp-json\/wp\/v2\/types\/product"}],"wp:featuredmedia":[{"embeddable":true,"href":"https:\/\/biogasworld.com\/fr\/wp-json\/wp\/v2\/media\/2204"}],"wp:attachment":[{"href":"https:\/\/biogasworld.com\/fr\/wp-json\/wp\/v2\/media?parent=2201"}],"wp:term":[{"taxonomy":"product_brand","embeddable":true,"href":"https:\/\/biogasworld.com\/fr\/wp-json\/wp\/v2\/product_brand?post=2201"},{"taxonomy":"product_cat","embeddable":true,"href":"https:\/\/biogasworld.com\/fr\/wp-json\/wp\/v2\/product_cat?post=2201"},{"taxonomy":"product_tag","embeddable":true,"href":"https:\/\/biogasworld.com\/fr\/wp-json\/wp\/v2\/product_tag?post=2201"}],"curies":[{"name":"wp","href":"https:\/\/api.w.org\/{rel}","templated":true}]}}