{"id":22234,"date":"2019-03-07T21:11:20","date_gmt":"2019-03-08T02:15:43","guid":{"rendered":"https:\/\/www.biogasworld.com\/?post_type=product&#038;p=22234\/"},"modified":"2023-02-28T17:29:49","modified_gmt":"2023-02-28T22:29:49","slug":"presse-a-liquefier-pour-matieres-organiques","status":"publish","type":"product","link":"https:\/\/biogasworld.com\/fr\/product\/reception-et-conditionnement\/triage-et-conditionnement\/presse-a-liquefier-pour-matieres-organiques\/","title":{"rendered":"Presse \u00e0 liqu\u00e9fier pour mati\u00e8res organiques"},"content":{"rendered":"","protected":false},"excerpt":{"rendered":"La presse de liqu\u00e9faction pour mati\u00e8res organiques permet \u00e0 l\u2019utilisateur de s\u00e9parer les mati\u00e8res organiques du msw de mani\u00e8re intelligente tout en faisant des \u00e9conomies d&rsquo;\u00e9nergie. La presse \u00e0 auto-apprentissage adapte automatiquement ses param\u00e8tres pour optimiser le rendement et r\u00e9duire la consommation d\u2019\u00e9nergie. Gr\u00e2ce \u00e0 ce traitement de mati\u00e8res organiques, le potentiel du biogaz pourrait augmenter de pr\u00e8s de 30%. Simultan\u00e9ment, la fraction RDF solide peut \u00eatre utilis\u00e9e pour un recyclage ult\u00e9rieur ou comme source d\u2019\u00e9nergie alternative.","protected":false},"featured_media":22233,"template":"","meta":{"_acf_changed":false,"content-type":""},"product_brand":[],"product_cat":[123],"product_tag":[],"class_list":{"0":"post-22234","1":"product","2":"type-product","3":"status-publish","4":"has-post-thumbnail","6":"product_cat-triage-et-conditionnement","8":"first","9":"instock","10":"taxable","11":"shipping-taxable","12":"product-type-simple"},"acf":[],"_links":{"self":[{"href":"https:\/\/biogasworld.com\/fr\/wp-json\/wp\/v2\/product\/22234","targetHints":{"allow":["GET"]}}],"collection":[{"href":"https:\/\/biogasworld.com\/fr\/wp-json\/wp\/v2\/product"}],"about":[{"href":"https:\/\/biogasworld.com\/fr\/wp-json\/wp\/v2\/types\/product"}],"wp:featuredmedia":[{"embeddable":true,"href":"https:\/\/biogasworld.com\/fr\/wp-json\/wp\/v2\/media\/22233"}],"wp:attachment":[{"href":"https:\/\/biogasworld.com\/fr\/wp-json\/wp\/v2\/media?parent=22234"}],"wp:term":[{"taxonomy":"product_brand","embeddable":true,"href":"https:\/\/biogasworld.com\/fr\/wp-json\/wp\/v2\/product_brand?post=22234"},{"taxonomy":"product_cat","embeddable":true,"href":"https:\/\/biogasworld.com\/fr\/wp-json\/wp\/v2\/product_cat?post=22234"},{"taxonomy":"product_tag","embeddable":true,"href":"https:\/\/biogasworld.com\/fr\/wp-json\/wp\/v2\/product_tag?post=22234"}],"curies":[{"name":"wp","href":"https:\/\/api.w.org\/{rel}","templated":true}]}}