{"id":2227,"date":"2015-07-06T15:48:18","date_gmt":"2015-07-06T19:48:18","guid":{"rendered":"https:\/\/www.biogasworld.com\/?post_type=product&#038;p=2227"},"modified":"2023-03-01T16:45:30","modified_gmt":"2023-03-01T21:45:30","slug":"reacteur-biologique-sequentiel-par-mabarex","status":"publish","type":"product","link":"https:\/\/biogasworld.com\/fr\/product\/traitement-des-eaux\/traitement-biologique\/reacteur-biologique-sequentiel-par-mabarex\/","title":{"rendered":"R\u00e9acteur Biologique S\u00e9quentiel"},"content":{"rendered":"<h2 style=\"text-align: justify;\"><span style=\"color: #000daa;\">R\u00e9acteur Biologique S\u00e9quentiel Biocycle\u2122: Con\u00e7u pour r\u00e9pondre \u00e0 vos besoins<\/span><\/h2>\n<ul style=\"text-align: justify;\">\n<li>Capacit\u00e9 de 10 \u00e0 50 000 m\u00b3\/jour<\/li>\n<li>Permet d&rsquo;atteindre de hauts rendements d&rsquo;enl\u00e8vement de la DBO5 et des MES tant sur des effluents industriels que municipaux<\/li>\n<li>Permet l&rsquo;enl\u00e8vement des nutriments sans ajout de produits chimiques (nitrification, d\u00e9nitrification et enl\u00e8vement biologique du phosphore)<\/li>\n<li>La g\u00e9om\u00e9trie d&rsquo;un bassin Biocycle\u2122 est adapt\u00e9e en fonction des contraintes de chaque projet (espace, esth\u00e9tique, etc.). Le traitement peut \u00eatre r\u00e9alis\u00e9 soit dans un ou plusieurs bassins.<\/li>\n<li>Possibilit\u00e9 de mise \u00e0 niveau et\/ou adaptation d&rsquo;installations existantes de tous genres et\/ou g\u00e9om\u00e9trie<\/li>\n<li>Vaste choix d&rsquo;\u00e9quipements d&rsquo;a\u00e9ration et de m\u00e9langeurs.<\/li>\n<\/ul>\n<p>&nbsp;<\/p>\n<h3 style=\"text-align: justify;\"><span style=\"color: #000daa;\"><strong>Proc\u00e9d\u00e9 RBS Biocycle\u2122 <\/strong><\/span><\/h3>\n<p style=\"text-align: justify;\">Plut\u00f4t que d&rsquo;effectuer le traitement des eaux us\u00e9es dans plusieurs bassins, le proc\u00e9d\u00e9 Biocycle\u2122 se r\u00e9alise dans un seul bassin ob\u00e9issant \u00e0 une s\u00e9quence d&rsquo;op\u00e9rations pr\u00e9- d\u00e9termin\u00e9e.<\/p>\n<p style=\"text-align: justify;\">Typiquement, l&rsquo;exploitation du Biocycle\u2122 comprend:<\/p>\n<ul>\n<li style=\"text-align: justify;\">Le remplissage du r\u00e9servoir avec de l&rsquo;eau us\u00e9e sans a\u00e9ration, c&rsquo;est-\u00e0-dire dans des conditions anoxiques (avec ou sans m\u00e9lange)<\/li>\n<li style=\"text-align: justify;\">L&rsquo;a\u00e9ration des eaux us\u00e9es pour convertir la mati\u00e8re organique en biomasse<\/li>\n<li style=\"text-align: justify;\">L&rsquo;arr\u00eat du m\u00e9lange et de l&rsquo;a\u00e9ration afin de permettre la s\u00e9dimentation de la biomasse dans des conditions id\u00e9ales<\/li>\n<li style=\"text-align: justify;\">Le soutirage de l&rsquo;eau trait\u00e9e qui consiste \u00e0 \u00e9vacuer de 15 \u00e0 50% du volume du bassin \u00e0 la fin d&rsquo;un cycle<\/li>\n<li style=\"text-align: justify;\">La biomasse active demeure dans le bassin, seule la biomasse exc\u00e9dentaire est extraite afin de maintenir les conditions n\u00e9cessaires au bon fonctionnement du proc\u00e9d\u00e9.<\/li>\n<\/ul>\n<p>&nbsp;<\/p>\n<h4>Pour obtenir davantage d&rsquo;informations,<a href=\"https:\/\/www.mabarex.com\/wp-content\/uploads\/2016\/12\/biocycle-f.pdf\"> consultez la brochure du r\u00e9acteur Biologique S\u00e9quentiel de Mabarex ICI<\/a>.<\/h4>\n","protected":false},"excerpt":{"rendered":"Depuis 1983, nos clients peuvent compter sur un leader, MABAREX. Nous exer\u00e7ons notre savoir-faire partout au Canada, \u00e9tant reconnus comme r\u00e9f\u00e9rence en traitement de l\u2019eau. Nous concevons et r\u00e9alisons des syst\u00e8mes cl\u00e9s en main dot\u00e9s d\u2019une grande polyvalence pour r\u00e9pondre \u00e0 l\u2019\u00e9volution des besoins de nos clients, pr\u00e9server leur investissement et les ressources. De la phase d\u2019\u00e9tude pr\u00e9liminaire \u00e0 la phase d\u2019exploitation, nous proposons une gamme compl\u00e8te de solutions de traitement des eaux, des boues et des mati\u00e8res r\u00e9siduelles, avec la garantie d\u2019atteindre la performance vis\u00e9e.","protected":false},"featured_media":2230,"template":"","meta":{"_acf_changed":false,"content-type":""},"product_brand":[],"product_cat":[80,90],"product_tag":[],"class_list":{"0":"post-2227","1":"product","2":"type-product","3":"status-publish","4":"has-post-thumbnail","6":"product_cat-traitement-des-eaux","7":"product_cat-traitement-biologique","9":"first","10":"instock","11":"taxable","12":"shipping-taxable","13":"product-type-simple"},"acf":[],"_links":{"self":[{"href":"https:\/\/biogasworld.com\/fr\/wp-json\/wp\/v2\/product\/2227","targetHints":{"allow":["GET"]}}],"collection":[{"href":"https:\/\/biogasworld.com\/fr\/wp-json\/wp\/v2\/product"}],"about":[{"href":"https:\/\/biogasworld.com\/fr\/wp-json\/wp\/v2\/types\/product"}],"wp:featuredmedia":[{"embeddable":true,"href":"https:\/\/biogasworld.com\/fr\/wp-json\/wp\/v2\/media\/2230"}],"wp:attachment":[{"href":"https:\/\/biogasworld.com\/fr\/wp-json\/wp\/v2\/media?parent=2227"}],"wp:term":[{"taxonomy":"product_brand","embeddable":true,"href":"https:\/\/biogasworld.com\/fr\/wp-json\/wp\/v2\/product_brand?post=2227"},{"taxonomy":"product_cat","embeddable":true,"href":"https:\/\/biogasworld.com\/fr\/wp-json\/wp\/v2\/product_cat?post=2227"},{"taxonomy":"product_tag","embeddable":true,"href":"https:\/\/biogasworld.com\/fr\/wp-json\/wp\/v2\/product_tag?post=2227"}],"curies":[{"name":"wp","href":"https:\/\/api.w.org\/{rel}","templated":true}]}}