{"id":2246,"date":"2015-07-07T09:56:33","date_gmt":"2015-07-07T13:56:33","guid":{"rendered":"https:\/\/www.biogasworld.com\/?post_type=product&#038;p=2246"},"modified":"2023-03-01T16:45:14","modified_gmt":"2023-03-01T21:45:14","slug":"pearl-2000-par-ostara","status":"publish","type":"product","link":"https:\/\/biogasworld.com\/fr\/product\/traitement-des-eaux\/recuperation-des-nutriments\/pearl-2000-par-ostara\/","title":{"rendered":"Pearl\u00ae 2000"},"content":{"rendered":"<h1 style=\"text-align: justify;\">Pearl\u00ae 2000 par Ostara<\/h1>\n<ul style=\"text-align: justify;\">\n<li>Retrait de l&rsquo;azote et du phosphore provenant d&rsquo;effluent liquide<\/li>\n<li>Production d&rsquo;engrais : Crystal Green\u00ae<\/li>\n<\/ul>\n<p style=\"text-align: justify;\">Le proc\u00e9d\u00e9 d&rsquo;Ostara permet de r\u00e9duire les co\u00fbts de traitements des eaux en maximisant la valeur des extrants.<\/p>\n<hr \/>\n<p style=\"text-align: justify;\"><strong>D\u00e9tails techniques<\/strong> (pour une unit\u00e9 Pearl\u00ae 2000)<\/p>\n<ul>\n<li style=\"text-align: justify;\">Retrait en orthophosphate\u00a0de 550 lbs\/jour<\/li>\n<li style=\"text-align: justify;\">Retrait en ammonium de 250 lbs\/jour<\/li>\n<li style=\"text-align: justify;\">Efficace pour usine de traitement des eaux typique avec un d\u00e9bit entre\u00a038 000 \u00e0 114 000 m\u00b3\/jour<\/li>\n<li style=\"text-align: justify;\">Dimensions : 39,6 pieds de haut par 10,8 pieds de diam\u00e8tre<\/li>\n<\/ul>\n<hr \/>\n<p>La compagnie :\u00a0<a href=\"https:\/\/biogasworld.com\/wp-content\/uploads\/2015\/07\/Brochure.pdf\">Brochure<\/a><\/p>\n<p>Le proc\u00e9d\u00e9 :\u00a0<a href=\"https:\/\/biogasworld.com\/wp-content\/uploads\/2015\/07\/E-Pearl2000_brochure.pdf\">E-Pearl2000_brochure<\/a><\/p>\n<p>&nbsp;<\/p>\n","protected":false},"excerpt":{"rendered":"&nbsp;\r\n<p style=\"text-align: justify;\">Le proc\u00e9d\u00e9 d&rsquo;Ostara permet de r\u00e9duire les co\u00fbts de traitements des eaux en maximisant la valeur des extrants.\u00a0Retrait de l&rsquo;azote et du phosphore provenant d&rsquo;effluent liquide ainsi que production d&rsquo;engrais (Crystal Green\u00ae)<\/p>","protected":false},"featured_media":2251,"template":"","meta":{"_acf_changed":false,"content-type":""},"product_brand":[],"product_cat":[80,95],"product_tag":[],"class_list":{"0":"post-2246","1":"product","2":"type-product","3":"status-publish","4":"has-post-thumbnail","6":"product_cat-traitement-des-eaux","7":"product_cat-recuperation-des-nutriments","9":"first","10":"instock","11":"taxable","12":"shipping-taxable","13":"product-type-simple"},"acf":[],"_links":{"self":[{"href":"https:\/\/biogasworld.com\/fr\/wp-json\/wp\/v2\/product\/2246","targetHints":{"allow":["GET"]}}],"collection":[{"href":"https:\/\/biogasworld.com\/fr\/wp-json\/wp\/v2\/product"}],"about":[{"href":"https:\/\/biogasworld.com\/fr\/wp-json\/wp\/v2\/types\/product"}],"wp:featuredmedia":[{"embeddable":true,"href":"https:\/\/biogasworld.com\/fr\/wp-json\/wp\/v2\/media\/2251"}],"wp:attachment":[{"href":"https:\/\/biogasworld.com\/fr\/wp-json\/wp\/v2\/media?parent=2246"}],"wp:term":[{"taxonomy":"product_brand","embeddable":true,"href":"https:\/\/biogasworld.com\/fr\/wp-json\/wp\/v2\/product_brand?post=2246"},{"taxonomy":"product_cat","embeddable":true,"href":"https:\/\/biogasworld.com\/fr\/wp-json\/wp\/v2\/product_cat?post=2246"},{"taxonomy":"product_tag","embeddable":true,"href":"https:\/\/biogasworld.com\/fr\/wp-json\/wp\/v2\/product_tag?post=2246"}],"curies":[{"name":"wp","href":"https:\/\/api.w.org\/{rel}","templated":true}]}}