{"id":2261,"date":"2015-07-07T10:20:02","date_gmt":"2015-07-07T14:20:02","guid":{"rendered":"https:\/\/www.biogasworld.com\/?post_type=product&#038;p=2261"},"modified":"2023-03-01T16:45:07","modified_gmt":"2023-03-01T21:45:07","slug":"sechage-des-boues-par-vomm","status":"publish","type":"product","link":"https:\/\/biogasworld.com\/fr\/product\/traitement-des-eaux\/sechage\/sechage-des-boues-par-vomm\/","title":{"rendered":"Turbo S\u00e9cheur"},"content":{"rendered":"<h1 style=\"text-align: justify;\">S\u00e9chage des boues par Vomm<\/h1>\n<p style=\"text-align: justify;\">Le Turbo-S\u00e9cheur VOMM est constitu\u00e9 essentiellement d\u2019un corps cylindrique horizontal \u00e0 double\u00a0enveloppe \u00e0 l\u2019int\u00e9rieur duquel se trouve la turbine. Le produit introduit dans le s\u00e9cheur est centrifug\u00e9 le long de la paroi chaude o\u00f9 il progresse en continu\u00a0sous forme d\u2019une couche mince extr\u00eamement turbulente.\u00a0La minceur de la couche et sa turbulence permettent d\u2019obtenir un s\u00e9chage par conduction rapide et un\u00a0excellent rendement.<\/p>\n<p style=\"text-align: justify;\">Afin de compl\u00e9ter la d\u00e9shydratation thermique, un gaz process chaud est introduit en m\u00eame temps\u00a0dans le <strong>s\u00e9cheur \u00e0 co-courant<\/strong> avec le produit. \u00a0La technologie VOMM permet donc ainsi d\u2019associer un s\u00e9chage par conduction \u00e0 celui par convection.<\/p>\n<p style=\"text-align: justify;\">Il est \u00e0 noter que, du fait du s\u00e9chage double effet, la quantit\u00e9 de gaz process n\u00e9cessaire est faible.\u00a0La s\u00e9paration gaz humide et le produit d\u00e9shydrat\u00e9 s\u2019effectue en sortie du s\u00e9cheur, \u00e0 l\u2019aide d\u2019un cyclone.<\/p>\n<ul>\n<li style=\"text-align: justify;\">Le s\u00e9choir Vomm est en mesure de traiter des boues de\u00a0<strong>12 \u00e0 35% ST<\/strong> pour les s\u00e9cher entre <strong>40 et 95% ST<\/strong>.<\/li>\n<li style=\"text-align: justify;\">40 ans d&rsquo;exp\u00e9riences et plus de 120 installations<\/li>\n<li style=\"text-align: justify;\">Boue s\u00e8che absence de pathog\u00e8nes (Class A US EPA)<\/li>\n<li style=\"text-align: justify;\">R\u00e9cup\u00e9ration de 50% de la chaleur en eau chaude (80-85\u00b0C)<\/li>\n<li style=\"text-align: justify;\">Aucune recirculation des boues<\/li>\n<li style=\"text-align: justify;\">L&rsquo;installation est con\u00e7ue pour un fonctionnement continu 24h\/24\u00a0et peut fonctionner sans la pr\u00e9sence d&rsquo;op\u00e9rateur la nuit.<\/li>\n<\/ul>\n","protected":false},"excerpt":{"rendered":"<p style=\"text-align: justify;\">Le Turbo S\u00e9cheur est utilis\u00e9 pour le s\u00e9chage total (85-95% ms) ou partiel (40-85% ms) des boues municipales, digestats et refus de m\u00e9thanisation pour une valorisation agricole\/\u00e9nergie, sans \u00e9mission d&rsquo;odeurs.<\/p>\r\nLe s\u00e9chage est effectu\u00e9 directement sur les boues d\u00e9shydrat\u00e9es, sans recirculation ou m\u00e9lange des boues s\u00e9ch\u00e9es amont du s\u00e9cheur, dans une atmosph\u00e8re naturellement inerte.\r\n\r\nEnviron 50% de l\u2019\u00e9nergie utilis\u00e9e par le s\u00e9chage est r\u00e9cup\u00e9r\u00e9 sous forme d&rsquo;eau chaude pour chauffer des b\u00e2timents, digesteurs, piscines ou autre.\r\n\r\nNos solutions sont fiables, s\u00fbres, robustes et flexibles pour p\u00e9renniser votre fili\u00e8re produit s\u00e9ch\u00e9 dans les 20 ans \u00e0 venir!","protected":false},"featured_media":30338,"template":"","meta":{"_acf_changed":false,"content-type":""},"product_brand":[],"product_cat":[80,93],"product_tag":[],"class_list":{"0":"post-2261","1":"product","2":"type-product","3":"status-publish","4":"has-post-thumbnail","6":"product_cat-traitement-des-eaux","7":"product_cat-sechage","9":"first","10":"instock","11":"taxable","12":"shipping-taxable","13":"product-type-simple"},"acf":[],"_links":{"self":[{"href":"https:\/\/biogasworld.com\/fr\/wp-json\/wp\/v2\/product\/2261","targetHints":{"allow":["GET"]}}],"collection":[{"href":"https:\/\/biogasworld.com\/fr\/wp-json\/wp\/v2\/product"}],"about":[{"href":"https:\/\/biogasworld.com\/fr\/wp-json\/wp\/v2\/types\/product"}],"wp:featuredmedia":[{"embeddable":true,"href":"https:\/\/biogasworld.com\/fr\/wp-json\/wp\/v2\/media\/30338"}],"wp:attachment":[{"href":"https:\/\/biogasworld.com\/fr\/wp-json\/wp\/v2\/media?parent=2261"}],"wp:term":[{"taxonomy":"product_brand","embeddable":true,"href":"https:\/\/biogasworld.com\/fr\/wp-json\/wp\/v2\/product_brand?post=2261"},{"taxonomy":"product_cat","embeddable":true,"href":"https:\/\/biogasworld.com\/fr\/wp-json\/wp\/v2\/product_cat?post=2261"},{"taxonomy":"product_tag","embeddable":true,"href":"https:\/\/biogasworld.com\/fr\/wp-json\/wp\/v2\/product_tag?post=2261"}],"curies":[{"name":"wp","href":"https:\/\/api.w.org\/{rel}","templated":true}]}}