{"id":2273,"date":"2015-07-07T11:14:46","date_gmt":"2015-07-07T15:14:46","guid":{"rendered":"https:\/\/www.biogasworld.com\/?post_type=product&#038;p=2273"},"modified":"2023-03-01T16:44:53","modified_gmt":"2023-03-01T21:44:53","slug":"retouneur-dandains-par-backhus","status":"publish","type":"product","link":"https:\/\/biogasworld.com\/fr\/product\/uncategorized\/retouneur-dandains-par-backhus\/","title":{"rendered":"Retouneur d&rsquo;andains Backhus"},"content":{"rendered":"<h1>Retouneur d&rsquo;andains par Backhus<\/h1>\n<ul>\n<li>Solutions pour sites en d\u00e9marrages ou en op\u00e9rations<\/li>\n<li>Grande efficacit\u00e9 \u00e0 tourner tous types de mat\u00e9riels<\/li>\n<li>Manette de contr\u00f4le innovante \u00e0 une main<\/li>\n<li>Technologie \u00e9prouv\u00e9e<\/li>\n<\/ul>\n<p style=\"text-align: center;\">Capacit\u00e9 de 500 \u00e0 6800 m\u00b3\/heure<\/p>\n<hr \/>\n<p style=\"text-align: justify;\"><strong>\u00a0Mod\u00e8le Backhus A70 &#8211; A 75\u00a0<\/strong><\/p>\n<ul>\n<li style=\"text-align: justify;\">Plus grand retourneur au monde<\/li>\n<li style=\"text-align: justify;\">Cabine panorama<\/li>\n<li style=\"text-align: justify;\">Entretient facile<\/li>\n<\/ul>\n<p>Tous les d\u00e9tails :\u00a0<a href=\"https:\/\/biogasworld.com\/wp-content\/uploads\/2015\/07\/backhus_product_catalogue_maschines.pdf\">backhus_product_catalogue_maschines<\/a><\/p>\n","protected":false},"excerpt":{"rendered":"<p style=\"text-align: justify;\">Solutions pour sites en d\u00e9marrages ou en op\u00e9rations;\u00a0Grande efficacit\u00e9 \u00e0 tourner tous types de mat\u00e9riels;\u00a0Manette de contr\u00f4le innovante \u00e0 une main;\u00a0Technologie \u00e9prouv\u00e9e<\/p>","protected":false},"featured_media":2274,"template":"","meta":{"_acf_changed":false,"content-type":""},"product_brand":[],"product_cat":[484],"product_tag":[],"class_list":{"0":"post-2273","1":"product","2":"type-product","3":"status-publish","4":"has-post-thumbnail","6":"product_cat-uncategorized","8":"first","9":"instock","10":"taxable","11":"shipping-taxable","12":"product-type-simple"},"acf":[],"_links":{"self":[{"href":"https:\/\/biogasworld.com\/fr\/wp-json\/wp\/v2\/product\/2273","targetHints":{"allow":["GET"]}}],"collection":[{"href":"https:\/\/biogasworld.com\/fr\/wp-json\/wp\/v2\/product"}],"about":[{"href":"https:\/\/biogasworld.com\/fr\/wp-json\/wp\/v2\/types\/product"}],"wp:featuredmedia":[{"embeddable":true,"href":"https:\/\/biogasworld.com\/fr\/wp-json\/wp\/v2\/media\/2274"}],"wp:attachment":[{"href":"https:\/\/biogasworld.com\/fr\/wp-json\/wp\/v2\/media?parent=2273"}],"wp:term":[{"taxonomy":"product_brand","embeddable":true,"href":"https:\/\/biogasworld.com\/fr\/wp-json\/wp\/v2\/product_brand?post=2273"},{"taxonomy":"product_cat","embeddable":true,"href":"https:\/\/biogasworld.com\/fr\/wp-json\/wp\/v2\/product_cat?post=2273"},{"taxonomy":"product_tag","embeddable":true,"href":"https:\/\/biogasworld.com\/fr\/wp-json\/wp\/v2\/product_tag?post=2273"}],"curies":[{"name":"wp","href":"https:\/\/api.w.org\/{rel}","templated":true}]}}