{"id":2297,"date":"2015-07-07T14:34:45","date_gmt":"2015-07-07T18:34:45","guid":{"rendered":"https:\/\/www.biogasworld.com\/?post_type=product&#038;p=2297"},"modified":"2023-03-01T16:44:30","modified_gmt":"2023-03-01T21:44:30","slug":"balance-en-acier-par-avery-weigh-tronix","status":"publish","type":"product","link":"https:\/\/biogasworld.com\/fr\/product\/reception-et-conditionnement\/balance\/balance-en-acier-par-avery-weigh-tronix\/","title":{"rendered":"Balance Avery Weigh-Tronix"},"content":{"rendered":"<h3>Balance en acier par Avery Weigh-Tronix<\/h3>\n<ul>\n<li>Capacit\u00e9 de 40 \u00e0 100 tonnes<\/li>\n<li>Large de 10 ou 11 pieds<\/li>\n<li>Long de 10 \u00e0 120 pieds<\/li>\n<\/ul>\n<p>&nbsp;<\/p>\n","protected":false},"excerpt":{"rendered":"<span lang=\"FR\">Les balances \u00e0 camions Avery Weigh-Tronix p\u00e8sent les camions et autres v\u00e9hicules de fa\u00e7on fiable et pr\u00e9cise, m\u00eame dans des environnements industriels exigeants. Ces balances \u00e0 camions et balances \u00e0 v\u00e9hicules routiers sont construites pour durer avec une conception solide, des capteurs de poids robustes et sont toutes accompagn\u00e9es d&rsquo;options de garantie r\u00e9f\u00e9rences de l&rsquo;industrie.<\/span>\r\n\r\n<span lang=\"FR\">Nos balances \u00e0 camions sont en acier ou en b\u00e9ton, pour s&rsquo;adapter \u00e0 votre application. Elles peuvent \u00eatre mont\u00e9es en surface ou sur fosse, selon l&#8217;emplacement et l&rsquo;utilisation de la balance. Chaque balance \u00e0 camions est enti\u00e8rement assembl\u00e9e en usine et a fait l&rsquo;objet d&rsquo;essais de performance selon les sp\u00e9cifications des normes NIST, NTEP et ISO, avant l&rsquo;exp\u00e9dition.<\/span>","protected":false},"featured_media":2300,"template":"","meta":{"_acf_changed":false,"content-type":""},"product_brand":[],"product_cat":[77,116,122],"product_tag":[],"class_list":{"0":"post-2297","1":"product","2":"type-product","3":"status-publish","4":"has-post-thumbnail","6":"product_cat-biomethanisation","7":"product_cat-reception-et-conditionnement","8":"product_cat-balance","10":"first","11":"instock","12":"taxable","13":"shipping-taxable","14":"product-type-simple"},"acf":[],"_links":{"self":[{"href":"https:\/\/biogasworld.com\/fr\/wp-json\/wp\/v2\/product\/2297","targetHints":{"allow":["GET"]}}],"collection":[{"href":"https:\/\/biogasworld.com\/fr\/wp-json\/wp\/v2\/product"}],"about":[{"href":"https:\/\/biogasworld.com\/fr\/wp-json\/wp\/v2\/types\/product"}],"wp:featuredmedia":[{"embeddable":true,"href":"https:\/\/biogasworld.com\/fr\/wp-json\/wp\/v2\/media\/2300"}],"wp:attachment":[{"href":"https:\/\/biogasworld.com\/fr\/wp-json\/wp\/v2\/media?parent=2297"}],"wp:term":[{"taxonomy":"product_brand","embeddable":true,"href":"https:\/\/biogasworld.com\/fr\/wp-json\/wp\/v2\/product_brand?post=2297"},{"taxonomy":"product_cat","embeddable":true,"href":"https:\/\/biogasworld.com\/fr\/wp-json\/wp\/v2\/product_cat?post=2297"},{"taxonomy":"product_tag","embeddable":true,"href":"https:\/\/biogasworld.com\/fr\/wp-json\/wp\/v2\/product_tag?post=2297"}],"curies":[{"name":"wp","href":"https:\/\/api.w.org\/{rel}","templated":true}]}}