{"id":2305,"date":"2015-07-07T15:11:56","date_gmt":"2015-07-07T19:11:56","guid":{"rendered":"https:\/\/www.biogasworld.com\/?post_type=product&#038;p=2305"},"modified":"2023-03-01T16:35:45","modified_gmt":"2023-03-01T21:35:45","slug":"pulper-a-basse-concentration-par-kadant","status":"publish","type":"product","link":"https:\/\/biogasworld.com\/fr\/product\/reception-et-conditionnement\/triage-et-conditionnement\/pulper-a-basse-concentration-par-kadant\/","title":{"rendered":"Hydrapulper\u00ae Kadant"},"content":{"rendered":"<h1>Hydrapulper\u00ae Pulper \u00e0 basse concentration par Kadant<\/h1>\n<p>S\u00e9paration de la mati\u00e8re organique et des contaminants<\/p>\n<ul>\n<li>8 mod\u00e8les avec des volumes op\u00e9rationnels de 17 \u00e0 127 m\u00b3<\/li>\n<li>Capacit\u00e9 de 181 \u00e0 1089 tonnes s\u00e8ches par jour<\/li>\n<li>Cycle de 30 \u00e0 45 min<\/li>\n<li>Teneur en solide jusqu&rsquo;\u00e0 8 % lors du traitement<\/li>\n<\/ul>\n","protected":false},"excerpt":{"rendered":"<p style=\"text-align: justify;\">Pulpage efficace pour des applications telles que le pr\u00e9traitement des mati\u00e8res organiques et autres applications \u00e0 basse concentration. Nos Hydrapulpers,\u00a0 syst\u00e8mes de pulpage \u00e0 basse concentration peuvent inclure des Trashwell tours de sedimentations, des pieges \u00e0 corps lourds, les systemes Tire-torons d\u2019enlevement des fils de fer et traitement de d\u00e9contamination de pulper type Hydrapurge \u2122 et autres.<\/p>","protected":false},"featured_media":2306,"template":"","meta":{"_acf_changed":false,"content-type":""},"product_brand":[],"product_cat":[77,124,123],"product_tag":[],"class_list":{"0":"post-2305","1":"product","2":"type-product","3":"status-publish","4":"has-post-thumbnail","6":"product_cat-biomethanisation","7":"product_cat-pretraitement","8":"product_cat-triage-et-conditionnement","10":"first","11":"instock","12":"taxable","13":"shipping-taxable","14":"product-type-simple"},"acf":[],"_links":{"self":[{"href":"https:\/\/biogasworld.com\/fr\/wp-json\/wp\/v2\/product\/2305","targetHints":{"allow":["GET"]}}],"collection":[{"href":"https:\/\/biogasworld.com\/fr\/wp-json\/wp\/v2\/product"}],"about":[{"href":"https:\/\/biogasworld.com\/fr\/wp-json\/wp\/v2\/types\/product"}],"wp:featuredmedia":[{"embeddable":true,"href":"https:\/\/biogasworld.com\/fr\/wp-json\/wp\/v2\/media\/2306"}],"wp:attachment":[{"href":"https:\/\/biogasworld.com\/fr\/wp-json\/wp\/v2\/media?parent=2305"}],"wp:term":[{"taxonomy":"product_brand","embeddable":true,"href":"https:\/\/biogasworld.com\/fr\/wp-json\/wp\/v2\/product_brand?post=2305"},{"taxonomy":"product_cat","embeddable":true,"href":"https:\/\/biogasworld.com\/fr\/wp-json\/wp\/v2\/product_cat?post=2305"},{"taxonomy":"product_tag","embeddable":true,"href":"https:\/\/biogasworld.com\/fr\/wp-json\/wp\/v2\/product_tag?post=2305"}],"curies":[{"name":"wp","href":"https:\/\/api.w.org\/{rel}","templated":true}]}}