{"id":2313,"date":"2015-07-08T09:05:24","date_gmt":"2015-07-08T13:05:24","guid":{"rendered":"https:\/\/www.biogasworld.com\/?post_type=product&#038;p=2313"},"modified":"2023-03-01T16:44:28","modified_gmt":"2023-03-01T21:44:28","slug":"aircom-torcheres-john-zink","status":"publish","type":"product","link":"https:\/\/biogasworld.com\/fr\/product\/valorisation-du-biogaz\/torchere\/aircom-torcheres-john-zink\/","title":{"rendered":"Torch\u00e8res \u00e0 flamme visible ou invisible"},"content":{"rendered":"<h2><span style=\"color: #000daa;\"><strong>Torch\u00e8res <\/strong><strong>\u00e0 flamme visible ou invisible par\u00a0<\/strong><strong>John Zink Hamworthy Combustion<\/strong><\/span><\/h2>\n<p>John Zink Hamworthy Combustion est un leader de classe mondiale dans la fabrication de torch\u00e8res \u00e0 flamme visible et invisible pour des gaz de site d\u2019enfouissement et des gaz de digesteurs.<\/p>\n<p>Aircom Technologies peut vous aider avec la s\u00e9lection, la conception et le devis technique d\u2019un syst\u00e8me de torch\u00e8re qui r\u00e9pond aux besoins de votre application.<\/p>\n<p>Avec plus de 450 torch\u00e8res pour biogaz en op\u00e9ration et des centaines de brevets \u00e0 leur nom, ce n\u2019est pas \u00e9tonnant que John Zink Hamworthy soit le leader de l\u2019industrie dans les syst\u00e8mes avanc\u00e9s de torch\u00e8res pour biogaz.<\/p>\n<p>Les technologies de torch\u00e8res Zink sont d\u00e9velopp\u00e9es \u00e0 leur centre d\u2019essai en recherche et d\u00e9veloppement de renomm\u00e9 mondiale.<\/p>\n<p>Ils y offrent le service le plus avanc\u00e9 de l\u2019industrie avec six types de stations d\u2019essai de torch\u00e8res et des possibilit\u00e9s incluant la surveillance d\u2019\u00e9mission et le transfert des donn\u00e9es du client \u00e0 distance, par l\u2019interm\u00e9diaire du Web.<\/p>\n<p>&nbsp;<\/p>\n<h3><span style=\"color: #000daa;\">\u00c9vaporation de lixiviat<\/span><\/h3>\n<ul>\n<li>Technologie brevet\u00e9e (U.S. Patent 4,838,184)<\/li>\n<li>Adaptable aux torch\u00e8res int\u00e9gr\u00e9es d\u00e9j\u00e0 existantes<\/li>\n<\/ul>\n<p>&nbsp;<\/p>\n<h3><span style=\"color: #000daa;\">Montage de groupe complet<\/span><\/h3>\n<ul>\n<li>Tuyauterie et filage pour r\u00e9duire au minimum les co\u00fbts d\u2019installation et de mise en route<\/li>\n<li>La torch\u00e8re peut \u00eatre int\u00e9gr\u00e9e sur une base pour un syst\u00e8me compl\u00e8tement portatif<\/li>\n<li>Location de soufflantes, et montage condensas sont disponibles<\/li>\n<\/ul>\n<p>&nbsp;<\/p>\n<h3><span style=\"color: #000daa;\">Injection de condensat<\/span><\/h3>\n<ul>\n<li>Atomisation m\u00e9canique \u00e0 haute pression pour moins d\u2019entretien que les syst\u00e8mes \u00e0 air pulv\u00e9ris\u00e9<\/li>\n<li>Option de r\u00e9sistance \u00e0 la corrosion<\/li>\n<li>Pistolets facilement d\u00e9montables pendant que la torch\u00e8re demeure en fonction<\/li>\n<\/ul>\n<p>&nbsp;<\/p>\n<h3><span style=\"color: #000daa;\">Torch\u00e8res \u00e0 flamme invisible ZTOF\u00ae<\/span><\/h3>\n<ul>\n<li>Capacit\u00e9 de jusqu\u2019\u00e0 6000 SCFM<\/li>\n<li>Plus de 300 unit\u00e9s en op\u00e9ration aux \u00c9tats-Unis et au Canada<\/li>\n<li>Marge de r\u00e9glage effectif 10:1 ou plus sans ajustements externes<\/li>\n<li>Efficacit\u00e9 de destruction au-del\u00e0 de 98%<\/li>\n<li>Large plage de fonctionnement sans grondement ou vibration<\/li>\n<li>Tubulure d\u2019injection optionnelle pour les gaz inertes provenant de d\u2019autres \u00e9quipements<\/li>\n<li>Ensemble pour r\u00e9duction du d\u00e9bit pour torch\u00e8res neuves ou existantes<\/li>\n<\/ul>\n<p>&nbsp;<\/p>\n<h3><span style=\"color: #000daa;\">Torch\u00e8res Zink ZULE TM \u00e0 \u00e9mission ultra basse<\/span><\/h3>\n<ul>\n<li>Le plus bas NOx r\u00e9alisable dans l\u2019industrie : 75% de plus de r\u00e9duction que les torch\u00e8res \u00e0 flame invisibles r\u00e9guli\u00e8res.<\/li>\n<li>CO pr\u00e8s de z\u00e9ro pour des temp\u00e9ratures de fonctionnement aussi basses que 1200\u00b0F<\/li>\n<li>L\u2019efficacit\u00e9 de destruction la plus \u00e9lev\u00e9e et la plus uniform\u00e9ment atteignable de l\u2019industrie Design brevet\u00e9 (U.S. Patent 6,231,334)<\/li>\n<\/ul>\n<p>&nbsp;<\/p>\n<h3><span style=\"color: #000daa;\">Torch\u00e8res \u00e9lev\u00e9es ZEF TM<\/span><\/h3>\n<ul>\n<li>Con\u00e7ue selon EPA 40 CFR 60.18<\/li>\n<li>Marge de r\u00e9glage effectif de 40:1 ou plus sans ajustements externes<\/li>\n<\/ul>\n<p>&nbsp;<\/p>\n<h4><a href=\"https:\/\/www.aircom.ca\/fra\/produits\/produits-pour-biogaz\/torcheres-john-zink-hamworthy\/\">Pour en apprendre davantage sur les torch\u00e8res \u00e0 flamme visible ou invisible, consultez le site Web ICI.<\/a><\/h4>\n","protected":false},"excerpt":{"rendered":"AIRCOM Technologies travaille, depuis 1998, dans le domaine des biogaz et des gaz de lieux d\u2019enfouissement sanitaire (L.E.S.). Notre large gamme de produits nous permet d\u2019offrir le choix optimum d\u2019\u00e9quipements pour r\u00e9pondre aux besoins \u00e0 court et \u00e0 long terme. Notre \u00e9quipe, compos\u00e9e de sp\u00e9cialistes d\u2019application et d\u2019ing\u00e9nieurs de projets, sont \u00e0 votre service pour vous aider dans vos r\u00e9alisations.","protected":false},"featured_media":27716,"template":"","meta":{"_acf_changed":false,"content-type":""},"product_brand":[],"product_cat":[79,133],"product_tag":[],"class_list":{"0":"post-2313","1":"product","2":"type-product","3":"status-publish","4":"has-post-thumbnail","6":"product_cat-valorisation-du-biogaz","7":"product_cat-torchere","9":"first","10":"instock","11":"taxable","12":"shipping-taxable","13":"product-type-simple"},"acf":[],"_links":{"self":[{"href":"https:\/\/biogasworld.com\/fr\/wp-json\/wp\/v2\/product\/2313","targetHints":{"allow":["GET"]}}],"collection":[{"href":"https:\/\/biogasworld.com\/fr\/wp-json\/wp\/v2\/product"}],"about":[{"href":"https:\/\/biogasworld.com\/fr\/wp-json\/wp\/v2\/types\/product"}],"wp:featuredmedia":[{"embeddable":true,"href":"https:\/\/biogasworld.com\/fr\/wp-json\/wp\/v2\/media\/27716"}],"wp:attachment":[{"href":"https:\/\/biogasworld.com\/fr\/wp-json\/wp\/v2\/media?parent=2313"}],"wp:term":[{"taxonomy":"product_brand","embeddable":true,"href":"https:\/\/biogasworld.com\/fr\/wp-json\/wp\/v2\/product_brand?post=2313"},{"taxonomy":"product_cat","embeddable":true,"href":"https:\/\/biogasworld.com\/fr\/wp-json\/wp\/v2\/product_cat?post=2313"},{"taxonomy":"product_tag","embeddable":true,"href":"https:\/\/biogasworld.com\/fr\/wp-json\/wp\/v2\/product_tag?post=2313"}],"curies":[{"name":"wp","href":"https:\/\/api.w.org\/{rel}","templated":true}]}}