{"id":2320,"date":"2015-07-08T09:29:02","date_gmt":"2015-07-08T13:29:02","guid":{"rendered":"https:\/\/www.biogasworld.com\/?post_type=product&#038;p=2320"},"modified":"2023-03-01T16:44:15","modified_gmt":"2023-03-01T21:44:15","slug":"chargeur-sur-roues-par-cat","status":"publish","type":"product","link":"https:\/\/biogasworld.com\/fr\/product\/reception-et-conditionnement\/manutention\/machinerie-lourde\/chargeur-sur-roues-par-cat\/","title":{"rendered":"Chargeuses sur pneus CAT"},"content":{"rendered":"<h3><span style=\"font-size: 16px; line-height: 1.5;\">Chargeuses sur pneus CAT<\/span><\/h3>\n<h3><span style=\"font-size: 16px; line-height: 1.5;\">Mod\u00e8le 903C<\/span><\/h3>\n<ul>\n<li>Puissance : 40 HP<\/li>\n<li>Capacit\u00e9 des godets : 0,6 \u00e0 1 m\u00b3<\/li>\n<li>Vitesse : 16 km\/h<\/li>\n<\/ul>\n<hr \/>\n<p>Tous les mod\u00e8les : <a href=\"http:\/\/www.cat.com\/en_US\/products\/new\/equipment\/wheel-loaders.html\" target=\"_blank\" rel=\"noopener noreferrer\">ICI<\/a><\/p>\n","protected":false},"excerpt":{"rendered":"Caterpillar fabrique une gamme compl\u00e8te de chargeuses sur pneus comprenant notre mod\u00e8le le plus imposant, la 994F Cat\u00ae. Nos chargeuses industrielles peuvent \u00e9galement recevoir une grande vari\u00e9t\u00e9 d&rsquo;outils gr\u00e2ce \u00e0 des attaches rapides int\u00e9gr\u00e9es permettant, en moins de 30\u00a0secondes, un changement rapide d&rsquo;outil. Quelle que soit votre application de chargement ou de manutention, votre concessionnaire Cat peut vous aider \u00e0 choisir la chargeuse sur pneus la mieux appropri\u00e9e \u00e0 vos besoins","protected":false},"featured_media":2321,"template":"","meta":{"_acf_changed":false,"content-type":""},"product_brand":[],"product_cat":[77,116,118,136],"product_tag":[],"class_list":{"0":"post-2320","1":"product","2":"type-product","3":"status-publish","4":"has-post-thumbnail","6":"product_cat-biomethanisation","7":"product_cat-reception-et-conditionnement","8":"product_cat-manutention","9":"product_cat-machinerie-lourde","11":"first","12":"instock","13":"taxable","14":"shipping-taxable","15":"product-type-simple"},"acf":[],"_links":{"self":[{"href":"https:\/\/biogasworld.com\/fr\/wp-json\/wp\/v2\/product\/2320","targetHints":{"allow":["GET"]}}],"collection":[{"href":"https:\/\/biogasworld.com\/fr\/wp-json\/wp\/v2\/product"}],"about":[{"href":"https:\/\/biogasworld.com\/fr\/wp-json\/wp\/v2\/types\/product"}],"wp:featuredmedia":[{"embeddable":true,"href":"https:\/\/biogasworld.com\/fr\/wp-json\/wp\/v2\/media\/2321"}],"wp:attachment":[{"href":"https:\/\/biogasworld.com\/fr\/wp-json\/wp\/v2\/media?parent=2320"}],"wp:term":[{"taxonomy":"product_brand","embeddable":true,"href":"https:\/\/biogasworld.com\/fr\/wp-json\/wp\/v2\/product_brand?post=2320"},{"taxonomy":"product_cat","embeddable":true,"href":"https:\/\/biogasworld.com\/fr\/wp-json\/wp\/v2\/product_cat?post=2320"},{"taxonomy":"product_tag","embeddable":true,"href":"https:\/\/biogasworld.com\/fr\/wp-json\/wp\/v2\/product_tag?post=2320"}],"curies":[{"name":"wp","href":"https:\/\/api.w.org\/{rel}","templated":true}]}}