{"id":2328,"date":"2015-07-08T09:46:10","date_gmt":"2015-07-08T13:46:10","guid":{"rendered":"https:\/\/www.biogasworld.com\/?post_type=product&#038;p=2328"},"modified":"2023-03-01T16:44:06","modified_gmt":"2023-03-01T21:44:06","slug":"vannes-par-dezurik","status":"publish","type":"product","link":"https:\/\/biogasworld.com\/fr\/product\/biomethanisation\/instruments-et-controle\/vannes\/vannes-par-dezurik\/","title":{"rendered":"Vannes DeZurik"},"content":{"rendered":"<h1>Vannes par DeZurik<\/h1>\n<ul>\n<li>Robinets \u00e0 Boisseau Excentrique,<\/li>\n<li>Vannes Papillon \u00e0 Si\u00e8ge R\u00e9sillient,<\/li>\n<li>Haute Performance et AWWA,<\/li>\n<li>Vannes De Contr\u00f4le Rotatif &amp; \u00e0 Orifice en V,<\/li>\n<li>Vannes de Contr\u00f4le de Pr\u00e9cision \u00c9lectrique,<\/li>\n<li>Vannes Guillotines,<\/li>\n<li>Transmetteurs de Consistance,<\/li>\n<li>Actuateurs &amp; Accessoires.<\/li>\n<\/ul>\n<div class=\"product-lines\"><a href=\"http:\/\/www.dezurik.com\/products\/product-type\/plug-valves\/1\/\"><img decoding=\"async\" src=\"http:\/\/www.dezurik.com\/products\/200_product_line\/dezurik-eccentric-plug-valves-pec--pef.jpg\" alt=\"Plug Valves\" \/><br \/>\n<span class=\"titlehold\">PLUG VALVES<\/span><\/a><\/div>\n<div class=\"product-lines\"><a href=\"http:\/\/www.dezurik.com\/products\/product-type\/butterfly-valves\/2\/\"><img decoding=\"async\" src=\"http:\/\/www.dezurik.com\/products\/200_product_line\/dezurik-awwa-butterfly-valves-baw.jpg\" alt=\"Butterfly Valves\" \/><br \/>\n<span class=\"titlehold\">BUTTERFLY VALVES<\/span><\/a><\/div>\n<div class=\"product-lines\"><a href=\"http:\/\/www.dezurik.com\/products\/product-type\/control-valves\/5\/\"><br \/>\n<span class=\"titlehold\">CONTROL VALVES<\/span><\/a><\/div>\n<div class=\"product-lines\"><a href=\"http:\/\/www.dezurik.com\/products\/product-type\/gate-valves\/6\/\"><img decoding=\"async\" src=\"http:\/\/www.dezurik.com\/products\/200_product_line\/dezurik-extended-service-life-cast-stainless-steel-knife-gate-valves-kgc-es.jpg\" alt=\"Gate Valves\" \/><br \/>\n<span class=\"titlehold\">GATE VALVES<\/span><\/a><\/div>\n<div class=\"product-lines\"><a href=\"http:\/\/www.dezurik.com\/products\/product-type\/air-valves\/7\/\"><br \/>\n<span class=\"titlehold\">AIR VALVES<\/span><\/a><\/div>\n<div class=\"product-lines\"><a href=\"http:\/\/www.dezurik.com\/products\/product-type\/surge-relief-valves\/9\/\"><br \/>\n<span class=\"titlehold\">SURGE RELIEF VALVES<\/span><\/a><\/div>\n<div class=\"product-lines\"><a href=\"http:\/\/www.dezurik.com\/products\/product-type\/check-valves\/8\/\"><img decoding=\"async\" src=\"http:\/\/www.dezurik.com\/products\/200_product_line\/apco-swing-check-valves-cvs.jpg\" alt=\"Check Valves\" \/><br \/>\n<span class=\"titlehold\">CHECK VALVES<\/span><\/a><\/div>\n<div class=\"product-lines\"><a href=\"http:\/\/www.dezurik.com\/products\/product-type\/ball-cone-valves\/10\/\"><img decoding=\"async\" src=\"http:\/\/www.dezurik.com\/products\/200_product_line\/willamette-awwa-metal-seated-ball-valve-vbl.jpg\" alt=\"Ball &amp; Cone Valves\" \/><br \/>\n<span class=\"titlehold\">BALL &amp; CONE VALVES<\/span><\/a><\/div>\n<div class=\"product-lines\"><a href=\"http:\/\/www.dezurik.com\/products\/product-type\/actuators\/69\/\"><img decoding=\"async\" src=\"http:\/\/www.dezurik.com\/products\/200\/DEZ_Actuators.jpg.jpg\" alt=\"Actuators\" \/><br \/>\n<span class=\"titlehold\">ACTUATORS<\/span><\/a><\/div>\n<div class=\"product-lines\"><a href=\"http:\/\/www.dezurik.com\/products\/product-type\/accessories\/70\/\"><br \/>\n<span class=\"titlehold\">ACCESSORIES<\/span><\/a><\/div>\n<div class=\"product-lines\"><a href=\"http:\/\/www.dezurik.com\/products\/product-type\/hydraulic-power-units\/72\/\"><img decoding=\"async\" src=\"http:\/\/www.dezurik.com\/products\/200_product_line\/dezurik-hydrastorm-hydraulic-power-unit-hpu-dhs.jpg\" alt=\"Hydraulic Power Units\" \/><br \/>\n<span class=\"titlehold\">HYDRAULIC POWER UNITS<\/span><\/a><\/div>\n<div class=\"product-lines\"><a href=\"http:\/\/www.dezurik.com\/products\/product-type\/other-products-specialty-valves\/11\/\"><img decoding=\"async\" src=\"http:\/\/www.dezurik.com\/products\/200_product_line\/dezurik-rotating-consistency-transmitters-sdp.jpg\" alt=\"Other Products &amp; Specialty Valves\" \/><br \/>\n<span class=\"titlehold\">OTHER PRODUCTS &amp; SPECIALTY VALVES<\/span><\/a><\/div>\n","protected":false},"excerpt":{"rendered":"Robinets \u00e0 Boisseau Excentrique;\u00a0Vannes Papillon \u00e0 Si\u00e8ge R\u00e9sillient;\u00a0Haute Performance et AWWA;\u00a0Vannes De Contr\u00f4le Rotatif &amp; \u00e0 Orifice en V;\u00a0Vannes de Contr\u00f4le de Pr\u00e9cision \u00c9lectrique;\u00a0Vannes Guillotines;\u00a0Transmetteurs de Consistance;\u00a0Actuateurs &amp; Accessoires.","protected":false},"featured_media":2331,"template":"","meta":{"_acf_changed":false,"content-type":""},"product_brand":[],"product_cat":[77,119,144],"product_tag":[],"class_list":{"0":"post-2328","1":"product","2":"type-product","3":"status-publish","4":"has-post-thumbnail","6":"product_cat-biomethanisation","7":"product_cat-instruments-et-controle","8":"product_cat-vannes","10":"first","11":"instock","12":"taxable","13":"shipping-taxable","14":"product-type-simple"},"acf":[],"_links":{"self":[{"href":"https:\/\/biogasworld.com\/fr\/wp-json\/wp\/v2\/product\/2328","targetHints":{"allow":["GET"]}}],"collection":[{"href":"https:\/\/biogasworld.com\/fr\/wp-json\/wp\/v2\/product"}],"about":[{"href":"https:\/\/biogasworld.com\/fr\/wp-json\/wp\/v2\/types\/product"}],"wp:featuredmedia":[{"embeddable":true,"href":"https:\/\/biogasworld.com\/fr\/wp-json\/wp\/v2\/media\/2331"}],"wp:attachment":[{"href":"https:\/\/biogasworld.com\/fr\/wp-json\/wp\/v2\/media?parent=2328"}],"wp:term":[{"taxonomy":"product_brand","embeddable":true,"href":"https:\/\/biogasworld.com\/fr\/wp-json\/wp\/v2\/product_brand?post=2328"},{"taxonomy":"product_cat","embeddable":true,"href":"https:\/\/biogasworld.com\/fr\/wp-json\/wp\/v2\/product_cat?post=2328"},{"taxonomy":"product_tag","embeddable":true,"href":"https:\/\/biogasworld.com\/fr\/wp-json\/wp\/v2\/product_tag?post=2328"}],"curies":[{"name":"wp","href":"https:\/\/api.w.org\/{rel}","templated":true}]}}