{"id":2338,"date":"2015-07-08T10:09:40","date_gmt":"2015-07-08T14:09:40","guid":{"rendered":"https:\/\/www.biogasworld.com\/?post_type=product&#038;p=2338"},"modified":"2023-03-01T16:43:57","modified_gmt":"2023-03-01T21:43:57","slug":"station-gnc-ebi","status":"publish","type":"product","link":"https:\/\/biogasworld.com\/fr\/product\/transport-au-gaz-naturel\/gnc\/station\/station-gnc-ebi\/","title":{"rendered":"Station de ravitaillement au GNC EBI"},"content":{"rendered":"<h3 style=\"text-align: justify;\"><span style=\"color: #000000;\">Station de ravitaillement au GNC EBI<\/span><\/h3>\n<p style=\"text-align: justify;\">La Station GNC EBI est une solution cl\u00e9 en main pour rendre le gaz naturel comprim\u00e9 (GNC) accessible au public comme carburant substitut.<\/p>\n<p style=\"text-align: justify;\">Depuis novembre 2013, EBI construit un r\u00e9seau public de stations de ravitaillement au GNC au sein de la province de Qu\u00e9bec au Canada.<\/p>\n<p style=\"text-align: justify;\"><span style=\"color: #000000;\"><strong>Faites le choix d\u2019un carburant \u00e9cologique et logique!<\/strong><\/span><\/p>\n<p style=\"text-align: justify;\">Opter pour le gaz naturel EBI pour les v\u00e9hicules, c\u2019est opter pour un gaz naturel renouvelable et \u00e9coresponsable, mais aussi pour un <strong>produit 100 % qu\u00e9b\u00e9cois<\/strong>.<\/p>\n<p>&nbsp;<\/p>\n<hr \/>\n<p>&nbsp;<\/p>\n<h3><span style=\"color: #000000;\">Un r\u00e9seau de stations publiques<\/span><\/h3>\n<p><span style=\"color: #000000;\"><strong>Maintenant 3 stations publiques!<\/strong><\/span><\/p>\n<p>Ouvertes 24 heures par jour et 7 jours par semaine, les stations de ravitaillement au CNG EBI sont facilement accessibles et permettent de faire le plein rapidement et sans tracas.<\/p>\n<p>Les deux premi\u00e8res stations sont situ\u00e9es \u00e0 Montr\u00e9al et Berthierville, la troisi\u00e8me ayant ouvert \u00e0 Joliette.<\/p>\n<div class=\"csRow\">\n<div class=\"csColumn\" style=\"margin: 0px; padding: 0px; float: left; width: 31.3%;\" data-csstartpoint=\"15\" data-csendpoint=\"315\" data-cswidth=\"31.3%\" data-csid=\"74424b29-df1f-d541-90fb-82276fc0acd3\"><\/div>\n<div class=\"csColumn\" style=\"margin: 0px; padding: 0px; float: left; width: 31.3%;\" data-csstartpoint=\"330\" data-csendpoint=\"630\" data-cswidth=\"31.3%\" data-csid=\"b8952e58-4f0b-55ff-a6d1-a6925b2b7e59\"><\/div>\n<div class=\"csColumn\" style=\"margin: 0px; padding: 0px; float: left; width: 31.3%;\" data-csstartpoint=\"645\" data-csendpoint=\"945\" data-cswidth=\"31.3%\" data-csid=\"701c0b69-07ae-7240-bdd7-ead38dc1d977\"><\/div>\n<\/div>\n<p>&nbsp;<\/p>\n<p><span style=\"color: #000000;\"><strong><br class=\"nc\" \/>\u00a0Accessibles \u00e0 tous les types de v\u00e9hicules au gaz naturel<\/strong><\/span><\/p>\n<p>Que vous poss\u00e9diez ou louez une automobile, une camionnette ou encore un camion au gaz naturel, les stations EBI sont adapt\u00e9es \u00e0 tous les types de v\u00e9hicules fonctionnant au gaz naturel comprim\u00e9.<\/p>\n<p>&nbsp;<\/p>\n<h3 style=\"text-align: justify;\"><span style=\"color: #000000;\">Contrats de ravitaillement<\/span><\/h3>\n<p style=\"text-align: justify;\">Des contrats de ravitaillement sont aussi disponibles. Ils vous donneront acc\u00e8s \u00e0 une ou \u00e0 plusieurs cartes corporatives ainsi qu&rsquo;\u00e0 notre service de rapport de gestion du carburant s&rsquo;appliquant \u00e0 chacun de vos v\u00e9hicules et\/ou chauffeurs.<\/p>\n<p>&nbsp;<\/p>\n<p style=\"text-align: justify;\">Cliquez ici pour plus d&rsquo;informations<\/p>\n","protected":false},"excerpt":{"rendered":"<p style=\"text-align: justify;\">La Station GNC EBI est une solution cl\u00e9 en main pour rendre le gaz naturel comprim\u00e9 (GNC) accessible au public comme carburant substitut.<\/p>\r\n<p style=\"text-align: justify;\">Depuis novembre 2013, EBI construit un r\u00e9seau public de stations de ravitaillement au GNC au sein de la province de Qu\u00e9bec au Canada.<\/p>","protected":false},"featured_media":2341,"template":"","meta":{"_acf_changed":false,"content-type":""},"product_brand":[],"product_cat":[78,100,106],"product_tag":[398,473,397],"class_list":{"0":"post-2338","1":"product","2":"type-product","3":"status-publish","4":"has-post-thumbnail","6":"product_cat-transport-au-gaz-naturel","7":"product_cat-gnc","8":"product_cat-station","9":"product_tag-compresse","10":"product_tag-ebi-fr","11":"product_tag-transport-au-gaz-naturel","13":"first","14":"instock","15":"taxable","16":"shipping-taxable","17":"product-type-simple"},"acf":[],"_links":{"self":[{"href":"https:\/\/biogasworld.com\/fr\/wp-json\/wp\/v2\/product\/2338","targetHints":{"allow":["GET"]}}],"collection":[{"href":"https:\/\/biogasworld.com\/fr\/wp-json\/wp\/v2\/product"}],"about":[{"href":"https:\/\/biogasworld.com\/fr\/wp-json\/wp\/v2\/types\/product"}],"wp:featuredmedia":[{"embeddable":true,"href":"https:\/\/biogasworld.com\/fr\/wp-json\/wp\/v2\/media\/2341"}],"wp:attachment":[{"href":"https:\/\/biogasworld.com\/fr\/wp-json\/wp\/v2\/media?parent=2338"}],"wp:term":[{"taxonomy":"product_brand","embeddable":true,"href":"https:\/\/biogasworld.com\/fr\/wp-json\/wp\/v2\/product_brand?post=2338"},{"taxonomy":"product_cat","embeddable":true,"href":"https:\/\/biogasworld.com\/fr\/wp-json\/wp\/v2\/product_cat?post=2338"},{"taxonomy":"product_tag","embeddable":true,"href":"https:\/\/biogasworld.com\/fr\/wp-json\/wp\/v2\/product_tag?post=2338"}],"curies":[{"name":"wp","href":"https:\/\/api.w.org\/{rel}","templated":true}]}}