{"id":2348,"date":"2015-07-08T10:30:05","date_gmt":"2015-07-08T14:30:05","guid":{"rendered":"https:\/\/www.biogasworld.com\/?post_type=product&#038;p=2348"},"modified":"2023-03-01T16:43:50","modified_gmt":"2023-03-01T21:43:50","slug":"reservoir-gnc-par-quantum","status":"publish","type":"product","link":"https:\/\/biogasworld.com\/fr\/product\/transport-au-gaz-naturel\/gnc\/reservoir-gnc-par-quantum\/","title":{"rendered":"R\u00e9servoir GNC Quantum"},"content":{"rendered":"<h3>R\u00e9servoir GNC par Quantum<\/h3>\n<ul>\n<li>Dimensions : 25&Prime; de diam\u00e8tre et entre 40&Prime; et 90&Prime; de long<\/li>\n<li>R\u00e9servoir de type IV<\/li>\n<li>Capacit\u00e9 : 62 \u00e0 159 gallons (volume d&rsquo;eau)<\/li>\n<li>Capacit\u00e9 CNG : 100 \u00e0 508 lbs (3600 psi)<\/li>\n<li>Dur\u00e9e de vie : 20 ans<\/li>\n<\/ul>\n<hr \/>\n<p><strong>Avantages<\/strong><\/p>\n<ul>\n<li>Plus de capacit\u00e9 d&rsquo;un r\u00e9servoir \u00e9quivalent<\/li>\n<li>70% plus l\u00e9ger qu&rsquo;un r\u00e9servoir d&rsquo;acier<\/li>\n<li>Certification NGV2-07 et ISO 11439<\/li>\n<\/ul>\n<hr \/>\n<p>Tous les d\u00e9tails : ICI<\/p>\n","protected":false},"excerpt":{"rendered":"Con\u00e7u pour les camions de moyen et lourds, la technologie Q-Lite \u2122 \u00a0est a\u00e9rodynamiquement invisible et tr\u00e8s efficace pour l&rsquo;augmentation des charges utiles o\u00f9 la r\u00e9duction \u00e0 bord du poids est essentiel.","protected":false},"featured_media":2350,"template":"","meta":{"_acf_changed":false,"content-type":""},"product_brand":[],"product_cat":[78,100],"product_tag":[],"class_list":{"0":"post-2348","1":"product","2":"type-product","3":"status-publish","4":"has-post-thumbnail","6":"product_cat-transport-au-gaz-naturel","7":"product_cat-gnc","9":"first","10":"instock","11":"taxable","12":"shipping-taxable","13":"product-type-simple"},"acf":[],"_links":{"self":[{"href":"https:\/\/biogasworld.com\/fr\/wp-json\/wp\/v2\/product\/2348","targetHints":{"allow":["GET"]}}],"collection":[{"href":"https:\/\/biogasworld.com\/fr\/wp-json\/wp\/v2\/product"}],"about":[{"href":"https:\/\/biogasworld.com\/fr\/wp-json\/wp\/v2\/types\/product"}],"wp:featuredmedia":[{"embeddable":true,"href":"https:\/\/biogasworld.com\/fr\/wp-json\/wp\/v2\/media\/2350"}],"wp:attachment":[{"href":"https:\/\/biogasworld.com\/fr\/wp-json\/wp\/v2\/media?parent=2348"}],"wp:term":[{"taxonomy":"product_brand","embeddable":true,"href":"https:\/\/biogasworld.com\/fr\/wp-json\/wp\/v2\/product_brand?post=2348"},{"taxonomy":"product_cat","embeddable":true,"href":"https:\/\/biogasworld.com\/fr\/wp-json\/wp\/v2\/product_cat?post=2348"},{"taxonomy":"product_tag","embeddable":true,"href":"https:\/\/biogasworld.com\/fr\/wp-json\/wp\/v2\/product_tag?post=2348"}],"curies":[{"name":"wp","href":"https:\/\/api.w.org\/{rel}","templated":true}]}}