{"id":2357,"date":"2015-07-08T11:08:34","date_gmt":"2015-07-08T15:08:34","guid":{"rendered":"https:\/\/www.biogasworld.com\/?post_type=product&#038;p=2357"},"modified":"2016-06-14T15:00:59","modified_gmt":"2016-06-14T19:00:59","slug":"station-gnl-par-gmst","status":"publish","type":"product","link":"https:\/\/biogasworld.com\/fr\/product\/transport-au-gaz-naturel\/gnl\/station-2\/station-gnl-par-gmst\/","title":{"rendered":"Station GNL GMST"},"content":{"rendered":"<h1 style=\"text-align: justify;\">Station GNL par GMST<\/h1>\n<p style=\"text-align: center;\"><em>Votre station GNL sans investissement de d\u00e9part<\/em><\/p>\n<ul style=\"text-align: justify;\">\n<li><strong>Conception, construction et entretien de votre station<\/strong><\/li>\n<li>Augmentation de la capacit\u00e9 de la station selon vos besoins<\/li>\n<li>Formation de votre personnel<\/li>\n<li>D\u00e9pannage 24 heures sur 24, sept jours sur sept<\/li>\n<li>Location de petites stations de GNC permettant de tester cette technologie<\/li>\n<\/ul>\n<p><a href=\"https:\/\/biogasworld.com\/wp-content\/uploads\/2015\/07\/610x300_Performance_Station_GNL.jpg\"><img loading=\"lazy\" decoding=\"async\" class=\"aligncenter wp-image-2360\" src=\"https:\/\/biogasworld.com\/wp-content\/uploads\/2015\/07\/610x300_Performance_Station_GNL.jpg\" alt=\"610x300_Performance_Station_GNL\" width=\"450\" height=\"221\" srcset=\"https:\/\/biogasworld.com\/wp-content\/uploads\/2015\/07\/610x300_Performance_Station_GNL.jpg 610w, https:\/\/biogasworld.com\/wp-content\/uploads\/2015\/07\/610x300_Performance_Station_GNL-250x123.jpg 250w\" sizes=\"auto, (max-width: 450px) 100vw, 450px\" \/><\/a><\/p>\n<hr \/>\n<p style=\"text-align: justify;\"><strong><img loading=\"lazy\" decoding=\"async\" class=\" wp-image-2364 alignright\" src=\"https:\/\/biogasworld.com\/wp-content\/uploads\/2015\/07\/doc_article_1009131418331_1.jpg\" alt=\"doc_article_1009131418331_1\" width=\"169\" height=\"328\" srcset=\"https:\/\/biogasworld.com\/wp-content\/uploads\/2015\/07\/doc_article_1009131418331_1.jpg 247w, https:\/\/biogasworld.com\/wp-content\/uploads\/2015\/07\/doc_article_1009131418331_1-129x250.jpg 129w\" sizes=\"auto, (max-width: 169px) 100vw, 169px\" \/>Gaz naturel liquifi\u00e9 (GNL)<\/strong><\/p>\n<ul>\n<li style=\"text-align: justify;\">Lorsqu\u2019il est refroidi \u00e0 -160\u2009\u00b0C, le gaz naturel passe de l\u2019\u00e9tat gazeux \u00e0 l\u2019\u00e9tat liquide; il devientdu gaz naturel liqu\u00e9fi\u00e9 (GNL).<\/li>\n<li style=\"text-align: justify;\">Sous sa forme liquide, il occupe 600 fois moins d\u2019espace qu\u2019\u00e0 l\u2019\u00e9tat gazeux. Dans un m\u00eame r\u00e9servoir, on peut ainsi emmagasiner 600 fois plus de gaz naturel liqu\u00e9fi\u00e9 que sous sa forme gazeuse. Une propri\u00e9t\u00e9 utile pour le transport et l\u2019entreposage. Une fois liqu\u00e9fi\u00e9, le gaz naturel est entrepos\u00e9 dans des r\u00e9servoirs cryog\u00e9niques qui le maintiennent \u00e0 des temp\u00e9ratures tr\u00e8s basses.<\/li>\n<li style=\"text-align: justify;\">Depuis 40 ans, l\u2019usine LSR (liqu\u00e9faction, stockage et regaz\u00e9fication) est utilis\u00e9e comme outil d\u2019approvisionnement de pointe pour le r\u00e9seau gazier de Gaz M\u00e9tro. L\u2019usine est munie d\u2019un quai de chargement qui sert \u00e0 approvisionner des camionsciternes qui alimentent, \u00e0 leur tour, des stations de ravitaillement destin\u00e9es aux compagnies de transport lourd.<\/li>\n<\/ul>\n","protected":false},"excerpt":{"rendered":"<p style=\"text-align: justify;\">Conception, construction et entretien de votre station<\/p>\r\n<p style=\"text-align: justify;\">Augmentation de la capacit\u00e9 de la station selon vos besoins<\/p>\r\n<p style=\"text-align: justify;\">Formation de votre personnel<\/p>\r\n<p style=\"text-align: justify;\">D\u00e9pannage 24 heures sur 24, sept jours sur sept<\/p>\r\n<p style=\"text-align: justify;\">Location de petites stations de GNC permettant de tester cette technologie<\/p>","protected":false},"featured_media":2362,"template":"","meta":{"_acf_changed":false,"content-type":""},"product_brand":[],"product_cat":[78,101,112],"product_tag":[],"class_list":{"0":"post-2357","1":"product","2":"type-product","3":"status-publish","4":"has-post-thumbnail","6":"product_cat-transport-au-gaz-naturel","7":"product_cat-gnl","8":"product_cat-station-2","10":"first","11":"instock","12":"taxable","13":"shipping-taxable","14":"product-type-simple"},"acf":[],"_links":{"self":[{"href":"https:\/\/biogasworld.com\/fr\/wp-json\/wp\/v2\/product\/2357","targetHints":{"allow":["GET"]}}],"collection":[{"href":"https:\/\/biogasworld.com\/fr\/wp-json\/wp\/v2\/product"}],"about":[{"href":"https:\/\/biogasworld.com\/fr\/wp-json\/wp\/v2\/types\/product"}],"wp:featuredmedia":[{"embeddable":true,"href":"https:\/\/biogasworld.com\/fr\/wp-json\/wp\/v2\/media\/2362"}],"wp:attachment":[{"href":"https:\/\/biogasworld.com\/fr\/wp-json\/wp\/v2\/media?parent=2357"}],"wp:term":[{"taxonomy":"product_brand","embeddable":true,"href":"https:\/\/biogasworld.com\/fr\/wp-json\/wp\/v2\/product_brand?post=2357"},{"taxonomy":"product_cat","embeddable":true,"href":"https:\/\/biogasworld.com\/fr\/wp-json\/wp\/v2\/product_cat?post=2357"},{"taxonomy":"product_tag","embeddable":true,"href":"https:\/\/biogasworld.com\/fr\/wp-json\/wp\/v2\/product_tag?post=2357"}],"curies":[{"name":"wp","href":"https:\/\/api.w.org\/{rel}","templated":true}]}}