{"id":2367,"date":"2015-07-08T13:13:11","date_gmt":"2015-07-08T17:13:11","guid":{"rendered":"https:\/\/www.biogasworld.com\/?post_type=product&#038;p=2367"},"modified":"2023-03-01T16:43:42","modified_gmt":"2023-03-01T21:43:42","slug":"distributrice-gnl-par-cryostar","status":"publish","type":"product","link":"https:\/\/biogasworld.com\/fr\/product\/transport-au-gaz-naturel\/gnl\/distributrice-gnl-par-cryostar\/","title":{"rendered":"Distributrice GNL Cryostar"},"content":{"rendered":"<h1>Distributrice GNL par Cryostar<\/h1>\n<ul>\n<li>D\u00e9bit max : 170 L\/min<\/li>\n<li>Qualit\u00e9 : ISO 9001, PED 97\/23\/CE, ATEX, IECEX, UL &amp; NFPA<\/li>\n<li>Concept : Plug and play<\/li>\n<li>Haute pr\u00e9cision de mesure<\/li>\n<li>Syst\u00e8me de s\u00e9curit\u00e9<\/li>\n<li>Buse chauff\u00e9 pour limiter le givre<\/li>\n<\/ul>\n<hr \/>\n<p style=\"text-align: center;\">Tous les d\u00e9tails :\u00a0<a href=\"https:\/\/biogasworld.com\/wp-content\/uploads\/2015\/07\/lng_dispenser.pdf\">Brochure_GNL (EN)<\/a><\/p>\n","protected":false},"excerpt":{"rendered":"D\u00e9bit max : 170 L\/min\r\n\r\nQualit\u00e9 : ISO 9001, PED 97\/23\/CE, ATEX, IECEX, UL &amp; NFPA\r\n\r\nConcept : Plug and play\r\n\r\nHaute pr\u00e9cision de mesure\r\n\r\nSyst\u00e8me de s\u00e9curit\u00e9\r\n\r\nBuse chauff\u00e9 pour limiter le givre","protected":false},"featured_media":2368,"template":"","meta":{"_acf_changed":false,"content-type":""},"product_brand":[],"product_cat":[78,101],"product_tag":[],"class_list":{"0":"post-2367","1":"product","2":"type-product","3":"status-publish","4":"has-post-thumbnail","6":"product_cat-transport-au-gaz-naturel","7":"product_cat-gnl","9":"first","10":"instock","11":"taxable","12":"shipping-taxable","13":"product-type-simple"},"acf":[],"_links":{"self":[{"href":"https:\/\/biogasworld.com\/fr\/wp-json\/wp\/v2\/product\/2367","targetHints":{"allow":["GET"]}}],"collection":[{"href":"https:\/\/biogasworld.com\/fr\/wp-json\/wp\/v2\/product"}],"about":[{"href":"https:\/\/biogasworld.com\/fr\/wp-json\/wp\/v2\/types\/product"}],"wp:featuredmedia":[{"embeddable":true,"href":"https:\/\/biogasworld.com\/fr\/wp-json\/wp\/v2\/media\/2368"}],"wp:attachment":[{"href":"https:\/\/biogasworld.com\/fr\/wp-json\/wp\/v2\/media?parent=2367"}],"wp:term":[{"taxonomy":"product_brand","embeddable":true,"href":"https:\/\/biogasworld.com\/fr\/wp-json\/wp\/v2\/product_brand?post=2367"},{"taxonomy":"product_cat","embeddable":true,"href":"https:\/\/biogasworld.com\/fr\/wp-json\/wp\/v2\/product_cat?post=2367"},{"taxonomy":"product_tag","embeddable":true,"href":"https:\/\/biogasworld.com\/fr\/wp-json\/wp\/v2\/product_tag?post=2367"}],"curies":[{"name":"wp","href":"https:\/\/api.w.org\/{rel}","templated":true}]}}