{"id":2395,"date":"2015-07-08T14:54:13","date_gmt":"2015-07-08T18:54:13","guid":{"rendered":"https:\/\/www.biogasworld.com\/?post_type=product&#038;p=2395"},"modified":"2023-03-01T16:43:26","modified_gmt":"2023-03-01T21:43:26","slug":"camion-moyen-au-gnc-par-freightliner","status":"publish","type":"product","link":"https:\/\/biogasworld.com\/fr\/product\/transport-au-gaz-naturel\/camion-moyen-au-gnc-par-freightliner\/","title":{"rendered":"Camion GNC Freightliner"},"content":{"rendered":"<h3>Camion moyen au GNC par Freightliner<\/h3>\n<ul>\n<li>Mod\u00e8le de camion : Freightliner M2 112 Natural Gas<\/li>\n<li>Mod\u00e8le de moteur : ISL G Cummins, 320 HP, 1000 lb-ft\u00a0torque<\/li>\n<li>Capacit\u00e9 r\u00e9servoir : 75 DGE\u00a0(diesel gallon equivalent)<\/li>\n<\/ul>\n<p><strong>Utilisations<\/strong><\/p>\n<ul>\n<li>Collecte des mati\u00e8res r\u00e9siduelles<\/li>\n<li>Livraison local<\/li>\n<li>Adapt\u00e9 au remorque alimentaire<\/li>\n<\/ul>\n<p style=\"text-align: center;\">R\u00e9duction des GES d&rsquo;environ 20% compar\u00e9 aux engins au diesel.<\/p>\n<p><a href=\"https:\/\/biogasworld.com\/wp-content\/uploads\/2015\/07\/cng.png\"><img loading=\"lazy\" decoding=\"async\" class=\"aligncenter size-full wp-image-2400\" src=\"https:\/\/biogasworld.com\/wp-content\/uploads\/2015\/07\/cng.png\" alt=\"cng\" width=\"369\" height=\"386\" srcset=\"https:\/\/biogasworld.com\/wp-content\/uploads\/2015\/07\/cng.png 369w, https:\/\/biogasworld.com\/wp-content\/uploads\/2015\/07\/cng-250x262.png 250w, https:\/\/biogasworld.com\/wp-content\/uploads\/2015\/07\/cng-239x250.png 239w\" sizes=\"auto, (max-width: 369px) 100vw, 369px\" \/><\/a><\/p>\n","protected":false},"excerpt":{"rendered":"Les camions Freightliner Business Class<sup>\u00ae<\/sup> M2 112, 114SD, Cascadia<sup>\u00ae<\/sup>peuvent\u00a0\u00eatre sp\u00e9cifi\u00e9 pour utiliser le gaz naturel, l&rsquo;un des carburants les plus abondants, efficaces et propres \u00e0 br\u00fbler sur terre. Disponible au\u00a0gaz naturel liqu\u00e9fi\u00e9 (GNL) ou au gaz naturel comprim\u00e9 (GNC), nos camions et tracteurs au de gaz naturel sont con\u00e7us pour des performances \u00e9lev\u00e9es dans un large \u00e9ventail d&rsquo;applications.","protected":false},"featured_media":2396,"template":"","meta":{"_acf_changed":false,"content-type":""},"product_brand":[],"product_cat":[78],"product_tag":[],"class_list":{"0":"post-2395","1":"product","2":"type-product","3":"status-publish","4":"has-post-thumbnail","6":"product_cat-transport-au-gaz-naturel","8":"first","9":"instock","10":"taxable","11":"shipping-taxable","12":"product-type-simple"},"acf":[],"_links":{"self":[{"href":"https:\/\/biogasworld.com\/fr\/wp-json\/wp\/v2\/product\/2395","targetHints":{"allow":["GET"]}}],"collection":[{"href":"https:\/\/biogasworld.com\/fr\/wp-json\/wp\/v2\/product"}],"about":[{"href":"https:\/\/biogasworld.com\/fr\/wp-json\/wp\/v2\/types\/product"}],"wp:featuredmedia":[{"embeddable":true,"href":"https:\/\/biogasworld.com\/fr\/wp-json\/wp\/v2\/media\/2396"}],"wp:attachment":[{"href":"https:\/\/biogasworld.com\/fr\/wp-json\/wp\/v2\/media?parent=2395"}],"wp:term":[{"taxonomy":"product_brand","embeddable":true,"href":"https:\/\/biogasworld.com\/fr\/wp-json\/wp\/v2\/product_brand?post=2395"},{"taxonomy":"product_cat","embeddable":true,"href":"https:\/\/biogasworld.com\/fr\/wp-json\/wp\/v2\/product_cat?post=2395"},{"taxonomy":"product_tag","embeddable":true,"href":"https:\/\/biogasworld.com\/fr\/wp-json\/wp\/v2\/product_tag?post=2395"}],"curies":[{"name":"wp","href":"https:\/\/api.w.org\/{rel}","templated":true}]}}