{"id":2415,"date":"2015-07-12T11:17:25","date_gmt":"2015-07-12T15:17:25","guid":{"rendered":"https:\/\/www.biogasworld.com\/?post_type=product&#038;p=2415"},"modified":"2023-03-01T16:43:05","modified_gmt":"2023-03-01T21:43:05","slug":"reservoir-station-cng-par-afsc","status":"publish","type":"product","link":"https:\/\/biogasworld.com\/fr\/product\/transport-au-gaz-naturel\/gnc\/reservoir-station-gnc\/reservoir-station-cng-par-afsc\/","title":{"rendered":"R\u00e9servoir CNG AFSC"},"content":{"rendered":"<h3 style=\"text-align: justify;\">R\u00e9servoir station CNG par\u00a0AFSC<\/h3>\n<ul>\n<li style=\"text-align: justify;\">R\u00e9servoirs\n<ul>\n<li>Capacit\u00e9 de 3 r\u00e9servoirs (12 pieds) de 17 436 SCF \u00e0 5500 psi<\/li>\n<li>Capacit\u00e9 de 3 r\u00e9servoirs (24 pieds) de 34 954 SCF \u00e0 5500 psi<\/li>\n<\/ul>\n<\/li>\n<li style=\"text-align: justify;\">Pression de service maximale de 5500 psi \u00e0 120\u00b0F<\/li>\n<li style=\"text-align: justify;\">Vie th\u00e9orique du r\u00e9servoir de 90 ans<\/li>\n<li style=\"text-align: justify;\">Conception avec normes de s\u00e9curit\u00e9 pour grand vent et s\u00e9isme<\/li>\n<\/ul>\n","protected":false},"excerpt":{"rendered":"Advance Fuel Systems Corp. (AFSC) fait la conception, la fabrication, l&#8217;emballage,\r\nla distribution, l&rsquo;installion et l&rsquo;entretient de leurs stations de ravitaillement de v\u00e9hicules (VRS) et\r\naccessoires pour l&rsquo;alimentation des v\u00e9hicules aliment\u00e9s par GNC.","protected":false},"featured_media":2424,"template":"","meta":{"_acf_changed":false,"content-type":""},"product_brand":[],"product_cat":[78,100,110],"product_tag":[],"class_list":{"0":"post-2415","1":"product","2":"type-product","3":"status-publish","4":"has-post-thumbnail","6":"product_cat-transport-au-gaz-naturel","7":"product_cat-gnc","8":"product_cat-reservoir-station-gnc","10":"first","11":"instock","12":"taxable","13":"shipping-taxable","14":"product-type-simple"},"acf":[],"_links":{"self":[{"href":"https:\/\/biogasworld.com\/fr\/wp-json\/wp\/v2\/product\/2415","targetHints":{"allow":["GET"]}}],"collection":[{"href":"https:\/\/biogasworld.com\/fr\/wp-json\/wp\/v2\/product"}],"about":[{"href":"https:\/\/biogasworld.com\/fr\/wp-json\/wp\/v2\/types\/product"}],"wp:featuredmedia":[{"embeddable":true,"href":"https:\/\/biogasworld.com\/fr\/wp-json\/wp\/v2\/media\/2424"}],"wp:attachment":[{"href":"https:\/\/biogasworld.com\/fr\/wp-json\/wp\/v2\/media?parent=2415"}],"wp:term":[{"taxonomy":"product_brand","embeddable":true,"href":"https:\/\/biogasworld.com\/fr\/wp-json\/wp\/v2\/product_brand?post=2415"},{"taxonomy":"product_cat","embeddable":true,"href":"https:\/\/biogasworld.com\/fr\/wp-json\/wp\/v2\/product_cat?post=2415"},{"taxonomy":"product_tag","embeddable":true,"href":"https:\/\/biogasworld.com\/fr\/wp-json\/wp\/v2\/product_tag?post=2415"}],"curies":[{"name":"wp","href":"https:\/\/api.w.org\/{rel}","templated":true}]}}